{"id":2002350,"date":"2024-02-23T18:31:48","date_gmt":"2024-02-23T17:31:48","guid":{"rendered":"https:\/\/de.tilta.com\/shop\/soporte-ajustable-para-telefono-tilta-1-4-20-negro\/"},"modified":"2025-12-05T13:33:17","modified_gmt":"2025-12-05T12:33:17","slug":"tilta-adjustable-phone-mounting-bracket-1-4-20-black","status":"publish","type":"product","link":"https:\/\/eu.tilta.com\/es\/shop\/tilta-adjustable-phone-mounting-bracket-1-4-20-black\/","title":{"rendered":"Soporte ajustable para tel\u00e9fono Tilta (1\/4&#8243;-20) &#8211; Negro"},"content":{"rendered":"<p>Presentamos el Soporte ajustable para tel\u00e9fono Tilta, la opci\u00f3n ligera perfecta para ampliar las capacidades de v\u00eddeo de tu smartphone.<\/p>\n<p>El soporte incorpora roscas de 1\/4-20&#8221; con puntos de fijaci\u00f3n multidireccionales, lo que resulta perfecto para montar smartphones en tr\u00edpodes de distintos tama\u00f1os.<\/p>\n<p>Tambi\u00e9n puede utilizarse con brazos articulados y ventosas para su uso en espacios reducidos, como veh\u00edculos en movimiento.<\/p>\n<p>La parte superior del soporte incorpora un receptor de zapata fr\u00eda unidireccional que admite accesorios como luces de a bordo y micr\u00f3fonos.<\/p>\n<p>Las almohadillas de silicona se utilizan para una protecci\u00f3n adicional, evitando ara\u00f1azos y proporcionando un proceso de sujeci\u00f3n m\u00e1s amortiguado.<\/p>\n<p>Alcance de la abrazadera 58,5 &#8211; 110 mm. Admite dispositivos de hasta 15 mm de grosor. Compatible con la mayor\u00eda de los smartphones<\/p>\n","protected":false},"excerpt":{"rendered":"<p>Presentamos el Soporte ajustable para tel\u00e9fono Tilta, la opci\u00f3n ligera perfecta para ampliar las capacidades de v\u00eddeo de tu smartphone. El soporte incorpora roscas de 1\/4-20&#8221; con puntos de fijaci\u00f3n multidireccionales, lo que resulta perfecto para montar smartphones en tr\u00edpodes [&hellip;]<\/p>\n","protected":false},"featured_media":2002355,"comment_status":"closed","ping_status":"closed","template":"","meta":[],"product_cat":[2958,2959],"product_tag":[],"acf":[],"gallery_images":[1974881,1974882,1974883,1974884,1974885,1974886,1974887],"_links":{"self":[{"href":"https:\/\/eu.tilta.com\/es\/wp-json\/wp\/v2\/product\/2002350"}],"collection":[{"href":"https:\/\/eu.tilta.com\/es\/wp-json\/wp\/v2\/product"}],"about":[{"href":"https:\/\/eu.tilta.com\/es\/wp-json\/wp\/v2\/types\/product"}],"replies":[{"embeddable":true,"href":"https:\/\/eu.tilta.com\/es\/wp-json\/wp\/v2\/comments?post=2002350"}],"wp:featuredmedia":[{"embeddable":true,"href":"https:\/\/eu.tilta.com\/es\/wp-json\/wp\/v2\/media\/2002355"}],"wp:attachment":[{"href":"https:\/\/eu.tilta.com\/es\/wp-json\/wp\/v2\/media?parent=2002350"}],"wp:term":[{"taxonomy":"product_cat","embeddable":true,"href":"https:\/\/eu.tilta.com\/es\/wp-json\/wp\/v2\/product_cat?post=2002350"},{"taxonomy":"product_tag","embeddable":true,"href":"https:\/\/eu.tilta.com\/es\/wp-json\/wp\/v2\/product_tag?post=2002350"}],"curies":[{"name":"wp","href":"https:\/\/api.w.org\/{rel}","templated":true}]}}