{"id":2002397,"date":"2024-03-11T18:08:55","date_gmt":"2024-03-11T17:08:55","guid":{"rendered":"https:\/\/de.tilta.com\/shop\/kit-de-control-electronico-de-ventosas\/"},"modified":"2025-12-05T13:33:19","modified_gmt":"2025-12-05T12:33:19","slug":"electronic-suction-cup-control-kit","status":"publish","type":"product","link":"https:\/\/eu.tilta.com\/es\/shop\/electronic-suction-cup-control-kit\/","title":{"rendered":"Kit de control electr\u00f3nico de ventosas"},"content":{"rendered":"<p>Presentamos el Kit de control electr\u00f3nico de ventosas para el brazo Hydra Mini.<\/p>\n<p>Este kit incluye cuatro ventosas de repuesto con soportes de montaje que pueden instalarse en la torniller\u00eda de montaje original incluida en el kit Pro del brazo Hydra.<\/p>\n<p>Una vez instaladas, las ventosas pueden alimentarse y controlarse conectando el cable Lemo de 4 clavijas incluido a la parte posterior del Eje Pan del Brazo Hydra Mini.<\/p>\n<p>As\u00ed puedes controlar la presi\u00f3n en tiempo real de estas ventosas y aumentar electr\u00f3nicamente la succi\u00f3n en caso de fuga.<\/p>\n","protected":false},"excerpt":{"rendered":"<p>Presentamos el Kit de control electr\u00f3nico de ventosas para el brazo Hydra Mini. Este kit incluye cuatro ventosas de repuesto con soportes de montaje que pueden instalarse en la torniller\u00eda de montaje original incluida en el kit Pro del brazo [&hellip;]<\/p>\n","protected":false},"featured_media":2002398,"comment_status":"closed","ping_status":"closed","template":"","meta":[],"product_cat":[2703],"product_tag":[],"acf":[],"gallery_images":[1974936],"_links":{"self":[{"href":"https:\/\/eu.tilta.com\/es\/wp-json\/wp\/v2\/product\/2002397"}],"collection":[{"href":"https:\/\/eu.tilta.com\/es\/wp-json\/wp\/v2\/product"}],"about":[{"href":"https:\/\/eu.tilta.com\/es\/wp-json\/wp\/v2\/types\/product"}],"replies":[{"embeddable":true,"href":"https:\/\/eu.tilta.com\/es\/wp-json\/wp\/v2\/comments?post=2002397"}],"wp:featuredmedia":[{"embeddable":true,"href":"https:\/\/eu.tilta.com\/es\/wp-json\/wp\/v2\/media\/2002398"}],"wp:attachment":[{"href":"https:\/\/eu.tilta.com\/es\/wp-json\/wp\/v2\/media?parent=2002397"}],"wp:term":[{"taxonomy":"product_cat","embeddable":true,"href":"https:\/\/eu.tilta.com\/es\/wp-json\/wp\/v2\/product_cat?post=2002397"},{"taxonomy":"product_tag","embeddable":true,"href":"https:\/\/eu.tilta.com\/es\/wp-json\/wp\/v2\/product_tag?post=2002397"}],"curies":[{"name":"wp","href":"https:\/\/api.w.org\/{rel}","templated":true}]}}