{"id":2002400,"date":"2024-03-11T18:07:37","date_gmt":"2024-03-11T17:07:37","guid":{"rendered":"https:\/\/de.tilta.com\/shop\/juego-de-ventosas-de-10-mas-6-para-hydra-arm-mini\/"},"modified":"2025-12-05T13:33:19","modified_gmt":"2025-12-05T12:33:19","slug":"10-plus-6-suction-cup-set-for-hydra-arm-mini","status":"publish","type":"product","link":"https:\/\/eu.tilta.com\/es\/shop\/10-plus-6-suction-cup-set-for-hydra-arm-mini\/","title":{"rendered":"Juego de ventosas de 10&#8243; m\u00e1s 6&#8243; para Hydra Arm Mini"},"content":{"rendered":"<p>Este Juego de ventosas para el Brazo Hydra Mini es la opci\u00f3n perfecta para ampliar las posibilidades de montaje del sistema.<\/p>\n<p>Este kit incluye 4 ventosas de 6 pulgadas y 2 ventosas de 10 pulgadas, todas ellas con abrazaderas de montaje Speed Rail de 50 mm.<\/p>\n<p>Se pueden acoplar al ra\u00edl de velocidad incluido con el brazo Hydra Mini u otros sistemas similares para proporcionar seguridad adicional mediante m\u00e1s puntos de contacto.<\/p>\n<p>Las ventosas de 10&#8243; son especialmente \u00fatiles para veh\u00edculos con techo solar panor\u00e1mico, ya que su mayor superficie ayuda a distribuir mejor el peso del sistema que se est\u00e1 montando.<\/p>\n","protected":false},"excerpt":{"rendered":"<p>Este Juego de ventosas para el Brazo Hydra Mini es la opci\u00f3n perfecta para ampliar las posibilidades de montaje del sistema. Este kit incluye 4 ventosas de 6 pulgadas y 2 ventosas de 10 pulgadas, todas ellas con abrazaderas de [&hellip;]<\/p>\n","protected":false},"featured_media":2002401,"comment_status":"closed","ping_status":"closed","template":"","meta":[],"product_cat":[2704,2703],"product_tag":[],"acf":[],"gallery_images":[1974942,1974943],"_links":{"self":[{"href":"https:\/\/eu.tilta.com\/es\/wp-json\/wp\/v2\/product\/2002400"}],"collection":[{"href":"https:\/\/eu.tilta.com\/es\/wp-json\/wp\/v2\/product"}],"about":[{"href":"https:\/\/eu.tilta.com\/es\/wp-json\/wp\/v2\/types\/product"}],"replies":[{"embeddable":true,"href":"https:\/\/eu.tilta.com\/es\/wp-json\/wp\/v2\/comments?post=2002400"}],"wp:featuredmedia":[{"embeddable":true,"href":"https:\/\/eu.tilta.com\/es\/wp-json\/wp\/v2\/media\/2002401"}],"wp:attachment":[{"href":"https:\/\/eu.tilta.com\/es\/wp-json\/wp\/v2\/media?parent=2002400"}],"wp:term":[{"taxonomy":"product_cat","embeddable":true,"href":"https:\/\/eu.tilta.com\/es\/wp-json\/wp\/v2\/product_cat?post=2002400"},{"taxonomy":"product_tag","embeddable":true,"href":"https:\/\/eu.tilta.com\/es\/wp-json\/wp\/v2\/product_tag?post=2002400"}],"curies":[{"name":"wp","href":"https:\/\/api.w.org\/{rel}","templated":true}]}}