{"id":2002413,"date":"2024-02-07T01:05:45","date_gmt":"2024-02-07T00:05:45","guid":{"rendered":"https:\/\/de.tilta.com\/shop\/asa-de-fuerza-nucleus-nano-ii\/"},"modified":"2025-12-05T13:33:26","modified_gmt":"2025-12-05T12:33:26","slug":"nucleus-nano-ii-power-handle","status":"publish","type":"product","link":"https:\/\/eu.tilta.com\/es\/shop\/nucleus-nano-ii-power-handle\/","title":{"rendered":"Asa de fuerza Nucleus Nano II"},"content":{"rendered":"<p><em>\u00a1Presentamos el Asa de Fuerza Nucleus Nano II!<\/em><\/p>\n<p>Esta empu\u00f1adura funciona con una bater\u00eda Sony de la serie L (F550\/570) y puede enviar energ\u00eda al <a href=\"https:\/\/de.tilta.com\/shop\/nucleus-nano-ii-hand-wheel-controller\/\">volante Nucleus Nano II<\/a> para prolongar la duraci\u00f3n de la bater\u00eda. (pila no incluida)<\/p>\n<p>Esta empu\u00f1adura tambi\u00e9n permite a los usuarios alimentar accesorios mediante las salidas de alimentaci\u00f3n USB-C y CC integradas.<\/p>\n<p>La empu\u00f1adura dispone de una rosca de 1\/4\u2033-20 con puntos de fijaci\u00f3n, perfecta para montar nuestro <a href=\"https:\/\/de.tilta.com\/shop\/tilta-right-angle-rosette-adapter-to-1-4-20-with-locating-pins-black\/\">adaptador de roseta en \u00e1ngulo recto<\/a> con el fin de integrar f\u00e1cilmente esta empu\u00f1adura en una configuraci\u00f3n de aparejo de hombro.<\/p>\n<p>La parte superior de la empu\u00f1adura tambi\u00e9n incorpora un receptor de zapata fr\u00eda, que se puede utilizar con nuestra montura de zapata fr\u00eda opcional para un monitor externo, con el fin de crear la estaci\u00f3n de enfoque perfecta cuando se utiliza con el volante.<\/p>\n<p><strong>NOTA: La montura NATO s\u00f3lo est\u00e1 pensada para el volante Nano II. No conectes otros accesorios a trav\u00e9s de este soporte OTAN o correr\u00e1s el riesgo de da\u00f1ar las patillas de contacto.<\/strong><\/p>\n<p><strong>Recomendamos utilizar s\u00f3lo Pilas Sony Serie L F550. No se garantiza la compatibilidad con otras marcas.<\/strong><\/p>\n","protected":false},"excerpt":{"rendered":"<p>\u00a1Presentamos el Asa de Fuerza Nucleus Nano II! Esta empu\u00f1adura funciona con una bater\u00eda Sony de la serie L (F550\/570) y puede enviar energ\u00eda al volante Nucleus Nano II para prolongar la duraci\u00f3n de la bater\u00eda. (pila no incluida) Esta [&hellip;]<\/p>\n","protected":false},"featured_media":2002415,"comment_status":"closed","ping_status":"closed","template":"","meta":[],"product_cat":[2838],"product_tag":[],"acf":[],"gallery_images":[1974822,1974823,1974824,1974825,1974826,1974827,1974828,1974829,1974830],"_links":{"self":[{"href":"https:\/\/eu.tilta.com\/es\/wp-json\/wp\/v2\/product\/2002413"}],"collection":[{"href":"https:\/\/eu.tilta.com\/es\/wp-json\/wp\/v2\/product"}],"about":[{"href":"https:\/\/eu.tilta.com\/es\/wp-json\/wp\/v2\/types\/product"}],"replies":[{"embeddable":true,"href":"https:\/\/eu.tilta.com\/es\/wp-json\/wp\/v2\/comments?post=2002413"}],"wp:featuredmedia":[{"embeddable":true,"href":"https:\/\/eu.tilta.com\/es\/wp-json\/wp\/v2\/media\/2002415"}],"wp:attachment":[{"href":"https:\/\/eu.tilta.com\/es\/wp-json\/wp\/v2\/media?parent=2002413"}],"wp:term":[{"taxonomy":"product_cat","embeddable":true,"href":"https:\/\/eu.tilta.com\/es\/wp-json\/wp\/v2\/product_cat?post=2002413"},{"taxonomy":"product_tag","embeddable":true,"href":"https:\/\/eu.tilta.com\/es\/wp-json\/wp\/v2\/product_tag?post=2002413"}],"curies":[{"name":"wp","href":"https:\/\/api.w.org\/{rel}","templated":true}]}}