{"id":2002414,"date":"2024-02-02T23:57:10","date_gmt":"2024-02-02T22:57:10","guid":{"rendered":"https:\/\/de.tilta.com\/shop\/placa-de-extension-para-placa-base-de-estudio-de-19-mm\/"},"modified":"2025-12-05T13:33:26","modified_gmt":"2025-12-05T12:33:26","slug":"extension-plate-for-19mm-studio-baseplate","status":"publish","type":"product","link":"https:\/\/eu.tilta.com\/es\/shop\/extension-plate-for-19mm-studio-baseplate\/","title":{"rendered":"Placa de extensi\u00f3n para placa base de estudio de 19 mm"},"content":{"rendered":"<p>Esta Placa de Extensi\u00f3n es lo que los usuarios necesitar\u00e1n para adaptar la Jaula de C\u00e1mara Completa para Sony Burano a la Placa Base Multifunci\u00f3n de 19 mm Studio Tilta Standard a Arri Standard.<\/p>\n<p>Esta placa se monta en la placa base multifuncional Studio de 19 mm mediante cuatro tornillos, lo que proporciona una conexi\u00f3n incre\u00edblemente segura.<\/p>\n<p>Los ra\u00edles de la parte superior de esta placa son compatibles con las placas base de 15 mm incluidas en la Jaula para C\u00e1mara de Burano.<\/p>\n<p>Esto proporciona una forma c\u00f3moda y segura de utilizar la Sony Burano con las barras de estudio de 19 mm, as\u00ed como con las colas de milano Arri.<\/p>\n","protected":false},"excerpt":{"rendered":"<p>Esta Placa de Extensi\u00f3n es lo que los usuarios necesitar\u00e1n para adaptar la Jaula de C\u00e1mara Completa para Sony Burano a la Placa Base Multifunci\u00f3n de 19 mm Studio Tilta Standard a Arri Standard. Esta placa se monta en la [&hellip;]<\/p>\n","protected":false},"featured_media":2002417,"comment_status":"closed","ping_status":"closed","template":"","meta":[],"product_cat":[2750,2877],"product_tag":[],"acf":[],"gallery_images":[2002420],"_links":{"self":[{"href":"https:\/\/eu.tilta.com\/es\/wp-json\/wp\/v2\/product\/2002414"}],"collection":[{"href":"https:\/\/eu.tilta.com\/es\/wp-json\/wp\/v2\/product"}],"about":[{"href":"https:\/\/eu.tilta.com\/es\/wp-json\/wp\/v2\/types\/product"}],"replies":[{"embeddable":true,"href":"https:\/\/eu.tilta.com\/es\/wp-json\/wp\/v2\/comments?post=2002414"}],"wp:featuredmedia":[{"embeddable":true,"href":"https:\/\/eu.tilta.com\/es\/wp-json\/wp\/v2\/media\/2002417"}],"wp:attachment":[{"href":"https:\/\/eu.tilta.com\/es\/wp-json\/wp\/v2\/media?parent=2002414"}],"wp:term":[{"taxonomy":"product_cat","embeddable":true,"href":"https:\/\/eu.tilta.com\/es\/wp-json\/wp\/v2\/product_cat?post=2002414"},{"taxonomy":"product_tag","embeddable":true,"href":"https:\/\/eu.tilta.com\/es\/wp-json\/wp\/v2\/product_tag?post=2002414"}],"curies":[{"name":"wp","href":"https:\/\/api.w.org\/{rel}","templated":true}]}}