{"id":2002458,"date":"2024-02-03T00:00:40","date_gmt":"2024-02-02T23:00:40","guid":{"rendered":"https:\/\/de.tilta.com\/shop\/jaula-de-camara-completa-plus-para-sony-burano\/"},"modified":"2025-12-05T13:33:29","modified_gmt":"2025-12-05T12:33:29","slug":"full-camera-cage-plus-for-sony-burano","status":"publish","type":"product","link":"https:\/\/eu.tilta.com\/es\/shop\/full-camera-cage-plus-for-sony-burano\/","title":{"rendered":"Jaula de c\u00e1mara completa Plus para Sony BURANO"},"content":{"rendered":"<p>Esta Jaula para C\u00e1mara Completa proporciona un blindaje protector para el cuerpo de la c\u00e1mara y permite montar diversos accesorios para mejorar la funcionalidad de la c\u00e1mara.<\/p>\n<p>Esta jaula para c\u00e1mara dispone de diversos puntos de montaje, como rosetas est\u00e1ndar Arri, soportes de varilla de 15 mm, roscas de 1\/4\u2033-20 y roscas de 3\/8\u2033-16, ambas con puntos de fijaci\u00f3n.<\/p>\n<p>Las rosetas Arri Standard tienen una posici\u00f3n id\u00e9ntica a las del cuerpo original de la c\u00e1mara y son compatibles con la empu\u00f1adura de control original.<\/p>\n<p>El Soporte de Varilla de 15 mm puede montarse en la Placa Superior o en los Brazos Laterales, que ofrecen opciones flexibles para los motores de control del objetivo, as\u00ed como para los soportes del objetivo y las configuraciones verticales de la c\u00e1mara.<\/p>\n<p>La placa base LWS de 15 mm y las varillas dobles de 15 mm incluidas permiten a los usuarios montar accesorios basados en varillas, como cajas de mate y sistemas de enfoque de seguimiento, mientras que la parte inferior de esta placa base se conecta a nuestras colas de milano Tilta y cuenta con roscas de 1\/4\u2033-20 y 3\/8\u2033-16.<\/p>\n<p>Esta jaula tambi\u00e9n incluye una placa de montaje lateral que admite ajustes de altura y \u00e1ngulo. Puede fijarse a varios puntos de montaje de la placa superior para ampliar su funcionalidad.<\/p>\n<p>La placa superior tambi\u00e9n incluye una ranura espec\u00edfica para el asa superior original de la c\u00e1mara. El asa superior incluida ofrece varios puntos de montaje y mejora las opciones de manejo del sistema.<\/p>\n<p>Tambi\u00e9n se incluye el Minijuego de herramientas multifunci\u00f3n, un juego de herramientas compacto, duradero y vers\u00e1til dise\u00f1ado para jaulas de c\u00e1maras y sistemas de soporte, que incluye seis herramientas universales.<\/p>\n<p>La jaula de la c\u00e1mara est\u00e1 fabricada con una aleaci\u00f3n de aluminio de alto rendimiento de la serie 7000, que es ligera y duradera.<\/p>\n<p>&nbsp;<\/p>\n","protected":false},"excerpt":{"rendered":"<p>Esta Jaula para C\u00e1mara Completa proporciona un blindaje protector para el cuerpo de la c\u00e1mara y permite montar diversos accesorios para mejorar la funcionalidad de la c\u00e1mara. Esta jaula para c\u00e1mara dispone de diversos puntos de montaje, como rosetas est\u00e1ndar [&hellip;]<\/p>\n","protected":false},"featured_media":2002459,"comment_status":"closed","ping_status":"closed","template":"","meta":[],"product_cat":[2750],"product_tag":[],"acf":[],"gallery_images":[2002460,2002461,2002435,2002412,2002436,2002462,2002463,2002464,2002465,2002466],"_links":{"self":[{"href":"https:\/\/eu.tilta.com\/es\/wp-json\/wp\/v2\/product\/2002458"}],"collection":[{"href":"https:\/\/eu.tilta.com\/es\/wp-json\/wp\/v2\/product"}],"about":[{"href":"https:\/\/eu.tilta.com\/es\/wp-json\/wp\/v2\/types\/product"}],"replies":[{"embeddable":true,"href":"https:\/\/eu.tilta.com\/es\/wp-json\/wp\/v2\/comments?post=2002458"}],"wp:featuredmedia":[{"embeddable":true,"href":"https:\/\/eu.tilta.com\/es\/wp-json\/wp\/v2\/media\/2002459"}],"wp:attachment":[{"href":"https:\/\/eu.tilta.com\/es\/wp-json\/wp\/v2\/media?parent=2002458"}],"wp:term":[{"taxonomy":"product_cat","embeddable":true,"href":"https:\/\/eu.tilta.com\/es\/wp-json\/wp\/v2\/product_cat?post=2002458"},{"taxonomy":"product_tag","embeddable":true,"href":"https:\/\/eu.tilta.com\/es\/wp-json\/wp\/v2\/product_tag?post=2002458"}],"curies":[{"name":"wp","href":"https:\/\/api.w.org\/{rel}","templated":true}]}}