{"id":2002467,"date":"2024-02-02T22:58:53","date_gmt":"2024-02-02T21:58:53","guid":{"rendered":"https:\/\/de.tilta.com\/shop\/placa-de-bateria-para-sony-burano\/"},"modified":"2025-12-05T13:33:42","modified_gmt":"2025-12-05T12:33:42","slug":"battery-plate-for-sony-burano","status":"publish","type":"product","link":"https:\/\/eu.tilta.com\/es\/shop\/battery-plate-for-sony-burano\/","title":{"rendered":"Placa de bater\u00eda para Sony BURANO"},"content":{"rendered":"<p>Esta placa de bater\u00eda adapta la placa de bater\u00eda de montura en V integrada de la Sony Burano a una placa de bater\u00eda de montura dorada o de montura en V con salidas de alimentaci\u00f3n adicionales.<\/p>\n<p>Esto ampl\u00eda las opciones de los usuarios para distribuir la energ\u00eda, adem\u00e1s de proporcionar una c\u00f3moda entrada de alimentaci\u00f3n que admite corriente continua para el intercambio en caliente.<\/p>\n<p>Esta Placa de bater\u00eda incluye las siguientes salidas de potencia:<\/p>\n<p>(1) Entrada de CC LEMO de 6 patillas (12V-28V)<br \/>\n(1) Puerto P-Tap (14,8V 3,8A)<br \/>\n(1) Puerto USB-C ( PD3.1 65W )<br \/>\n(1) Lemo Fischer de 3 patillas (24 V 3 A)<br \/>\n(1) Lemo Fischer de 3 patillas (14,8 V 3,8 A)<br \/>\n(1) Lemo de 2 patillas (14,8 V 3 A)<\/p>\n","protected":false},"excerpt":{"rendered":"<p>Esta placa de bater\u00eda adapta la placa de bater\u00eda de montura en V integrada de la Sony Burano a una placa de bater\u00eda de montura dorada o de montura en V con salidas de alimentaci\u00f3n adicionales. Esto ampl\u00eda las opciones [&hellip;]<\/p>\n","protected":false},"featured_media":2002469,"comment_status":"closed","ping_status":"closed","template":"","meta":[],"product_cat":[2750,2868],"product_tag":[],"acf":[],"gallery_images":[1974768,1974769,1974770,1974771],"_links":{"self":[{"href":"https:\/\/eu.tilta.com\/es\/wp-json\/wp\/v2\/product\/2002467"}],"collection":[{"href":"https:\/\/eu.tilta.com\/es\/wp-json\/wp\/v2\/product"}],"about":[{"href":"https:\/\/eu.tilta.com\/es\/wp-json\/wp\/v2\/types\/product"}],"replies":[{"embeddable":true,"href":"https:\/\/eu.tilta.com\/es\/wp-json\/wp\/v2\/comments?post=2002467"}],"wp:featuredmedia":[{"embeddable":true,"href":"https:\/\/eu.tilta.com\/es\/wp-json\/wp\/v2\/media\/2002469"}],"wp:attachment":[{"href":"https:\/\/eu.tilta.com\/es\/wp-json\/wp\/v2\/media?parent=2002467"}],"wp:term":[{"taxonomy":"product_cat","embeddable":true,"href":"https:\/\/eu.tilta.com\/es\/wp-json\/wp\/v2\/product_cat?post=2002467"},{"taxonomy":"product_tag","embeddable":true,"href":"https:\/\/eu.tilta.com\/es\/wp-json\/wp\/v2\/product_tag?post=2002467"}],"curies":[{"name":"wp","href":"https:\/\/api.w.org\/{rel}","templated":true}]}}