{"id":2002500,"date":"2024-01-31T22:16:36","date_gmt":"2024-01-31T21:16:36","guid":{"rendered":"https:\/\/de.tilta.com\/shop\/sistema-de-soporte-de-mastil-tilta-zombie-rig\/"},"modified":"2025-12-05T13:33:30","modified_gmt":"2025-12-05T12:33:30","slug":"tilta-zombie-rig-boompole-support-system-2","status":"publish","type":"product","link":"https:\/\/eu.tilta.com\/es\/shop\/tilta-zombie-rig-boompole-support-system-2\/","title":{"rendered":"Sistema de soporte de m\u00e1stil Tilta Zombie Rig"},"content":{"rendered":"<p><em>Presentamos la nueva generaci\u00f3n de sistemas de apoyo al sonido de producci\u00f3n.<\/em><\/p>\n<p>El Zombie Rig es el nuevo sistema de soporte universal para operadores de brazo, dise\u00f1ado para redistribuir el peso y mejorar la flexibilidad para mezclar niveles de audio mientras se opera.<\/p>\n<p>El dise\u00f1o se basa en una p\u00e9rtiga de soporte central que se monta en una amplia gama de bolsas mezcladoras de sonido mediante un receptor baby pin.<\/p>\n<p>Esto permite a los usuarios flexibilidad para montar el sistema no s\u00f3lo en bolsas mezcladoras, sino tambi\u00e9n en chalecos de apoyo de terceros o incluso en soportes en C para un uso prolongado.<\/p>\n<p>Los soportes incluidos se adaptan f\u00e1cilmente a una gran variedad de modelos de p\u00e9rtigas mediante el uso de cu\u00f1as de distintos tama\u00f1os, lo que garantiza una compatibilidad perfecta con diferentes marcas.<\/p>\n<p>La parte m\u00e1s integral del dise\u00f1o es el soporte operativo, que se fija al extremo posterior del m\u00e1stil del brazo y permite ajustar f\u00e1cilmente la direcci\u00f3n del micr\u00f3fono.<\/p>\n<p>A continuaci\u00f3n, los usuarios pueden acoplar una p\u00e9rtiga de soporte con contrapeso para equilibrar perfectamente la longitud de la p\u00e9rtiga, al tiempo que pueden maniobrar f\u00e1cilmente la p\u00e9rtiga en vertical y girarla hasta 360\u00b0.<\/p>\n<p>Esto crea una experiencia operativa sin esfuerzo y libera las manos del operador de soportar el peso del brazo, lo que abre posibilidades para mezclar niveles de audio mientras se maneja el micr\u00f3fono de brazo.<\/p>\n<p>Con su dise\u00f1o modular, el Sistema Tilta Zombie Rig puede desmontarse y almacenarse eficazmente, ocupando menos de 1 metro de longitud. Tambi\u00e9n incluye una bolsa de transporte de regalo para facilitar su traslado.<\/p>\n<p>Construido con fibra de carbono de alta resistencia, reforzado con estructuras mec\u00e1nicas patentadas para una estabilidad duradera.<\/p>\n","protected":false},"excerpt":{"rendered":"<p>Presentamos la nueva generaci\u00f3n de sistemas de apoyo al sonido de producci\u00f3n. El Zombie Rig es el nuevo sistema de soporte universal para operadores de brazo, dise\u00f1ado para redistribuir el peso y mejorar la flexibilidad para mezclar niveles de audio [&hellip;]<\/p>\n","protected":false},"featured_media":2002509,"comment_status":"closed","ping_status":"closed","template":"","meta":[],"product_cat":[2963],"product_tag":[],"acf":[],"gallery_images":[2002510,2002511,2002512,2002513,2002514,2002515,2002516,2002517,2002518],"_links":{"self":[{"href":"https:\/\/eu.tilta.com\/es\/wp-json\/wp\/v2\/product\/2002500"}],"collection":[{"href":"https:\/\/eu.tilta.com\/es\/wp-json\/wp\/v2\/product"}],"about":[{"href":"https:\/\/eu.tilta.com\/es\/wp-json\/wp\/v2\/types\/product"}],"replies":[{"embeddable":true,"href":"https:\/\/eu.tilta.com\/es\/wp-json\/wp\/v2\/comments?post=2002500"}],"wp:featuredmedia":[{"embeddable":true,"href":"https:\/\/eu.tilta.com\/es\/wp-json\/wp\/v2\/media\/2002509"}],"wp:attachment":[{"href":"https:\/\/eu.tilta.com\/es\/wp-json\/wp\/v2\/media?parent=2002500"}],"wp:term":[{"taxonomy":"product_cat","embeddable":true,"href":"https:\/\/eu.tilta.com\/es\/wp-json\/wp\/v2\/product_cat?post=2002500"},{"taxonomy":"product_tag","embeddable":true,"href":"https:\/\/eu.tilta.com\/es\/wp-json\/wp\/v2\/product_tag?post=2002500"}],"curies":[{"name":"wp","href":"https:\/\/api.w.org\/{rel}","templated":true}]}}