{"id":2002508,"date":"2024-01-23T22:35:33","date_gmt":"2024-01-23T21:35:33","guid":{"rendered":"https:\/\/de.tilta.com\/shop\/mini-kit-de-herramientas-multifuncion-tilta\/"},"modified":"2025-12-28T16:13:21","modified_gmt":"2025-12-28T15:13:21","slug":"tilta-multi-functional-mini-tool-kit-2","status":"publish","type":"product","link":"https:\/\/eu.tilta.com\/es\/shop\/tilta-multi-functional-mini-tool-kit-2\/","title":{"rendered":"Mini kit de herramientas multifunci\u00f3n Tilta"},"content":{"rendered":"<p>El minijuego de herramientas multifunci\u00f3n Tilta es la multiherramienta compacta perfecta para tus jaulas de c\u00e1mara y sistemas de soporte.<\/p>\n<p>La Herramienta incluye seis herramientas universales, como llaves Allen y cabezas de destornillador, para el montaje, desmontaje y uso cotidiano de equipos.<\/p>\n<p>Este kit de herramientas est\u00e1 fabricado con un armaz\u00f3n de aleaci\u00f3n de aluminio y cuenta con herramientas de aleaci\u00f3n de acero, lo que garantiza su durabilidad y resistencia a la oxidaci\u00f3n.<\/p>\n<p>La unidad es lo suficientemente peque\u00f1a como para caber en la palma de la mano y dispone de un c\u00f3modo soporte para la correa, ideal para llevarla encima.<\/p>\n<p>Disponible en m\u00faltiples opciones de color, perfecto para adaptarse a estilos personalizados.<\/p>\n","protected":false},"excerpt":{"rendered":"<p>El minijuego de herramientas multifunci\u00f3n Tilta es la multiherramienta compacta perfecta para tus jaulas de c\u00e1mara y sistemas de soporte. La Herramienta incluye seis herramientas universales, como llaves Allen y cabezas de destornillador, para el montaje, desmontaje y uso cotidiano [&hellip;]<\/p>\n","protected":false},"featured_media":2002540,"comment_status":"closed","ping_status":"closed","template":"","meta":[],"product_cat":[3386,2750,3297,2716,2749,2737,2719,2843,2844,2834,2842,2833,2831,2740,2735,2813,2814,2815,2816,2747,2839,2742,2817,2789,2829,2967,2968,2741,2837,2739,2818,2790,2744,2830,2819,2820,2821,2822,2721,2746,2738,2723,2836,2840,2835,2745,2841,2832,2743,2786,2736,2828,2734,2733,2725,2775,2825,2727,2728,2826,2827,2731,2729,2730,2966,2732,2879],"product_tag":[],"acf":[],"gallery_images":[1974507,1974508,1974509,1974510,1974511],"_links":{"self":[{"href":"https:\/\/eu.tilta.com\/es\/wp-json\/wp\/v2\/product\/2002508"}],"collection":[{"href":"https:\/\/eu.tilta.com\/es\/wp-json\/wp\/v2\/product"}],"about":[{"href":"https:\/\/eu.tilta.com\/es\/wp-json\/wp\/v2\/types\/product"}],"replies":[{"embeddable":true,"href":"https:\/\/eu.tilta.com\/es\/wp-json\/wp\/v2\/comments?post=2002508"}],"wp:featuredmedia":[{"embeddable":true,"href":"https:\/\/eu.tilta.com\/es\/wp-json\/wp\/v2\/media\/2002540"}],"wp:attachment":[{"href":"https:\/\/eu.tilta.com\/es\/wp-json\/wp\/v2\/media?parent=2002508"}],"wp:term":[{"taxonomy":"product_cat","embeddable":true,"href":"https:\/\/eu.tilta.com\/es\/wp-json\/wp\/v2\/product_cat?post=2002508"},{"taxonomy":"product_tag","embeddable":true,"href":"https:\/\/eu.tilta.com\/es\/wp-json\/wp\/v2\/product_tag?post=2002508"}],"curies":[{"name":"wp","href":"https:\/\/api.w.org\/{rel}","templated":true}]}}