{"id":2002550,"date":"2024-01-31T22:07:56","date_gmt":"2024-01-31T21:07:56","guid":{"rendered":"https:\/\/de.tilta.com\/shop\/nivel-de-burbuja-universal-tilta\/"},"modified":"2025-12-05T13:33:43","modified_gmt":"2025-12-05T12:33:43","slug":"tilta-universal-bubble-level","status":"publish","type":"product","link":"https:\/\/eu.tilta.com\/es\/shop\/tilta-universal-bubble-level\/","title":{"rendered":"Nivel de burbuja universal Tilta"},"content":{"rendered":"<p>Te presentamos el Nivel de Burbuja Universal Tilta, la opci\u00f3n perfecta para a\u00f1adir un nivel de burbuja a tu sistema de c\u00e1mara sin necesidad de depender de un tr\u00edpode.<\/p>\n<p>Las opciones giratorias rotan sin problemas en incrementos de 90\u00b0, lo que simplifica la comprobaci\u00f3n del horizonte tanto en el eje horizontal como en el vertical.<\/p>\n<p>La opci\u00f3n Universal, m\u00e1s peque\u00f1a, es ideal para construcciones manuales ligeras, para ayudar a los operarios a mantener el nivel de disparo.<\/p>\n<p>Su dise\u00f1o ergon\u00f3mico de pomo en forma de pulgar garantiza una instalaci\u00f3n sin esfuerzo y sin herramientas, con ambas versiones.<\/p>\n<p>Ambos accesorios son extraordinariamente ligeros: 5 g y 17,5 g. Este accesorio compacto est\u00e1 dise\u00f1ado para ser port\u00e1til sin comprometer su funcionalidad.<\/p>\n<p>Eleva tu experiencia de nivelaci\u00f3n con el Nivel de Burbuja Universal Tilta, donde la precisi\u00f3n se une a la practicidad.<\/p>\n","protected":false},"excerpt":{"rendered":"<p>Te presentamos el Nivel de Burbuja Universal Tilta, la opci\u00f3n perfecta para a\u00f1adir un nivel de burbuja a tu sistema de c\u00e1mara sin necesidad de depender de un tr\u00edpode. Las opciones giratorias rotan sin problemas en incrementos de 90\u00b0, lo [&hellip;]<\/p>\n","protected":false},"featured_media":2002555,"comment_status":"closed","ping_status":"closed","template":"","meta":[],"product_cat":[2958,2748],"product_tag":[],"acf":[],"gallery_images":[2002556,2002557,2002558,2002559],"_links":{"self":[{"href":"https:\/\/eu.tilta.com\/es\/wp-json\/wp\/v2\/product\/2002550"}],"collection":[{"href":"https:\/\/eu.tilta.com\/es\/wp-json\/wp\/v2\/product"}],"about":[{"href":"https:\/\/eu.tilta.com\/es\/wp-json\/wp\/v2\/types\/product"}],"replies":[{"embeddable":true,"href":"https:\/\/eu.tilta.com\/es\/wp-json\/wp\/v2\/comments?post=2002550"}],"wp:featuredmedia":[{"embeddable":true,"href":"https:\/\/eu.tilta.com\/es\/wp-json\/wp\/v2\/media\/2002555"}],"wp:attachment":[{"href":"https:\/\/eu.tilta.com\/es\/wp-json\/wp\/v2\/media?parent=2002550"}],"wp:term":[{"taxonomy":"product_cat","embeddable":true,"href":"https:\/\/eu.tilta.com\/es\/wp-json\/wp\/v2\/product_cat?post=2002550"},{"taxonomy":"product_tag","embeddable":true,"href":"https:\/\/eu.tilta.com\/es\/wp-json\/wp\/v2\/product_tag?post=2002550"}],"curies":[{"name":"wp","href":"https:\/\/api.w.org\/{rel}","templated":true}]}}