{"id":2002615,"date":"2024-01-23T22:30:37","date_gmt":"2024-01-23T21:30:37","guid":{"rendered":"https:\/\/de.tilta.com\/shop\/mini-rotula-de-bola-tilta\/"},"modified":"2025-12-05T13:33:43","modified_gmt":"2025-12-05T12:33:43","slug":"tilta-mini-ball-head-mount-2","status":"publish","type":"product","link":"https:\/\/eu.tilta.com\/es\/shop\/tilta-mini-ball-head-mount-2\/","title":{"rendered":"Mini r\u00f3tula de bola Tilta"},"content":{"rendered":"<p>La Mini R\u00f3tula de bola es una montura ajustable y compacta para fijar diversos accesorios a tu equipo de c\u00e1mara, como monitores externos o luces de a bordo.<\/p>\n<p>La mitad superior de este soporte tiene una rosca de 1\/4&#8243;-20 con una arandela de bloqueo, que soporta hasta 1,5 kg \/ 3,3 lb.<\/p>\n<p>Una de las opciones presenta una mitad inferior con una montura de zapata fr\u00eda, perfecta para montarla en c\u00e1maras, jaulas, empu\u00f1aduras o tr\u00edpodes para diversos escenarios de disparo.<\/p>\n<p>Las otras opciones incorporan un tornillo de 1\/4&#8243;-20 con puntos de fijaci\u00f3n, perfecto para evitar la rotaci\u00f3n y garantizar una mayor estabilidad.<\/p>\n<p>La apertura unilateral de la cabeza esf\u00e9rica permite ajustes verticales de 90\u00b0 y angulares de 125\u00b0, junto con una rotaci\u00f3n horizontal de 360\u00b0.<\/p>\n<p>El tama\u00f1o compacto de la mini r\u00f3tula de bola permite sostenerla f\u00e1cilmente en la palma de la mano y llevarla c\u00f3modamente mientras te desplazas.<\/p>\n","protected":false},"excerpt":{"rendered":"<p>La Mini R\u00f3tula de bola es una montura ajustable y compacta para fijar diversos accesorios a tu equipo de c\u00e1mara, como monitores externos o luces de a bordo. La mitad superior de este soporte tiene una rosca de 1\/4&#8243;-20 con [&hellip;]<\/p>\n","protected":false},"featured_media":2002622,"comment_status":"closed","ping_status":"closed","template":"","meta":[],"product_cat":[2973,2904],"product_tag":[],"acf":[],"gallery_images":[2002623,2002624,2002625,2002626,2002627],"_links":{"self":[{"href":"https:\/\/eu.tilta.com\/es\/wp-json\/wp\/v2\/product\/2002615"}],"collection":[{"href":"https:\/\/eu.tilta.com\/es\/wp-json\/wp\/v2\/product"}],"about":[{"href":"https:\/\/eu.tilta.com\/es\/wp-json\/wp\/v2\/types\/product"}],"replies":[{"embeddable":true,"href":"https:\/\/eu.tilta.com\/es\/wp-json\/wp\/v2\/comments?post=2002615"}],"wp:featuredmedia":[{"embeddable":true,"href":"https:\/\/eu.tilta.com\/es\/wp-json\/wp\/v2\/media\/2002622"}],"wp:attachment":[{"href":"https:\/\/eu.tilta.com\/es\/wp-json\/wp\/v2\/media?parent=2002615"}],"wp:term":[{"taxonomy":"product_cat","embeddable":true,"href":"https:\/\/eu.tilta.com\/es\/wp-json\/wp\/v2\/product_cat?post=2002615"},{"taxonomy":"product_tag","embeddable":true,"href":"https:\/\/eu.tilta.com\/es\/wp-json\/wp\/v2\/product_tag?post=2002615"}],"curies":[{"name":"wp","href":"https:\/\/api.w.org\/{rel}","templated":true}]}}