{"id":2002673,"date":"2024-01-23T22:30:13","date_gmt":"2024-01-23T21:30:13","guid":{"rendered":"https:\/\/de.tilta.com\/shop\/expansor-de-montaje-de-accesorios-para-dji-osmo-pocket-3-negro\/"},"modified":"2025-12-05T13:33:38","modified_gmt":"2025-12-05T12:33:38","slug":"accessory-mounting-expander-for-dji-osmo-pocket-3-black-2","status":"publish","type":"product","link":"https:\/\/eu.tilta.com\/es\/shop\/accessory-mounting-expander-for-dji-osmo-pocket-3-black-2\/","title":{"rendered":"Expansor de montaje de accesorios para DJI Osmo Pocket 3 &#8211; Negro"},"content":{"rendered":"<p>El Expansor de montaje de accesorios para DJI Osmo Pocket 3 es el accesorio ligero perfecto para ampliar la capacidad de montaje de tu DJI Osmo Pocket 3.<\/p>\n<p>Fija la empu\u00f1adura oficial y el m\u00f3dulo de expansi\u00f3n al DJI Osmo Pocket 3 utilizando la rosca inferior de 1\/4\u2033 para un ajuste perfecto que no obstruya la pantalla, los botones ni las funciones de la c\u00e1mara.<\/p>\n<p>Los puntos de montaje incluyen m\u00faltiples roscas de 1\/4&#8243;-20, ra\u00edles NATO y ranura para una correa de mu\u00f1eca.<\/p>\n<p>Estos puntos de montaje son perfectos para conectar la c\u00e1mara a diversos sistemas de soporte o para montar accesorios como brazos articulados que sirvan de empu\u00f1adura secundaria para un manejo m\u00e1s c\u00f3modo.<\/p>\n<p>Este Expansor es compatible con la empu\u00f1adura de expansi\u00f3n original de DJI y con la empu\u00f1adura de bater\u00eda extendida. Los sistemas tambi\u00e9n incorporan almohadillas de silicona para una protecci\u00f3n integral.<\/p>\n<p>&nbsp;<\/p>\n","protected":false},"excerpt":{"rendered":"<p>El Expansor de montaje de accesorios para DJI Osmo Pocket 3 es el accesorio ligero perfecto para ampliar la capacidad de montaje de tu DJI Osmo Pocket 3. Fija la empu\u00f1adura oficial y el m\u00f3dulo de expansi\u00f3n al DJI Osmo [&hellip;]<\/p>\n","protected":false},"featured_media":2002674,"comment_status":"closed","ping_status":"closed","template":"","meta":[],"product_cat":[2974],"product_tag":[],"acf":[],"gallery_images":[2002675,2002676,2002677,2002678,2002679,2002680],"_links":{"self":[{"href":"https:\/\/eu.tilta.com\/es\/wp-json\/wp\/v2\/product\/2002673"}],"collection":[{"href":"https:\/\/eu.tilta.com\/es\/wp-json\/wp\/v2\/product"}],"about":[{"href":"https:\/\/eu.tilta.com\/es\/wp-json\/wp\/v2\/types\/product"}],"replies":[{"embeddable":true,"href":"https:\/\/eu.tilta.com\/es\/wp-json\/wp\/v2\/comments?post=2002673"}],"wp:featuredmedia":[{"embeddable":true,"href":"https:\/\/eu.tilta.com\/es\/wp-json\/wp\/v2\/media\/2002674"}],"wp:attachment":[{"href":"https:\/\/eu.tilta.com\/es\/wp-json\/wp\/v2\/media?parent=2002673"}],"wp:term":[{"taxonomy":"product_cat","embeddable":true,"href":"https:\/\/eu.tilta.com\/es\/wp-json\/wp\/v2\/product_cat?post=2002673"},{"taxonomy":"product_tag","embeddable":true,"href":"https:\/\/eu.tilta.com\/es\/wp-json\/wp\/v2\/product_tag?post=2002673"}],"curies":[{"name":"wp","href":"https:\/\/api.w.org\/{rel}","templated":true}]}}