{"id":2002689,"date":"2024-01-18T19:36:52","date_gmt":"2024-01-18T18:36:52","guid":{"rendered":"https:\/\/de.tilta.com\/shop\/sistema-de-refrigeracion-para-la-transmision-dji\/"},"modified":"2025-12-05T13:33:38","modified_gmt":"2025-12-05T12:33:38","slug":"cooling-system-for-dji-transmission-2","status":"publish","type":"product","link":"https:\/\/eu.tilta.com\/es\/shop\/cooling-system-for-dji-transmission-2\/","title":{"rendered":"Sistema de refrigeraci\u00f3n para la transmisi\u00f3n DJI"},"content":{"rendered":"<p>Presentamos el Sistema de Refrigeraci\u00f3n para la Transmisi\u00f3n DJI.<\/p>\n<p>El sistema de refrigeraci\u00f3n se monta en el transmisor o receptor de v\u00eddeo inal\u00e1mbrico DJI mediante cuatro tornillos M4 y abarca 78&#215;60 mm, lo que se alinea con precisi\u00f3n con la zona m\u00e1s caliente de la unidad para una disipaci\u00f3n eficaz del calor.<\/p>\n<p>Este accesorio utiliza refrigeraci\u00f3n por semiconductores, dise\u00f1ada con una estructura precisa en capas y materiales semiconductores de alta calidad.<\/p>\n<p>La unidad se puede alimentar a trav\u00e9s del puerto USB-C de la propia unidad transmisora\/receptora, o se puede alimentar externamente mediante una placa de bater\u00eda NPF o un banco de bater\u00edas externo con PD USB-C.<\/p>\n<p>El sistema de refrigeraci\u00f3n se puede ajustar entre velocidad baja y alta mediante el dial del lado izquierdo.<\/p>\n","protected":false},"excerpt":{"rendered":"<p>Presentamos el Sistema de Refrigeraci\u00f3n para la Transmisi\u00f3n DJI. El sistema de refrigeraci\u00f3n se monta en el transmisor o receptor de v\u00eddeo inal\u00e1mbrico DJI mediante cuatro tornillos M4 y abarca 78&#215;60 mm, lo que se alinea con precisi\u00f3n con la [&hellip;]<\/p>\n","protected":false},"featured_media":2002690,"comment_status":"closed","ping_status":"closed","template":"","meta":[],"product_cat":[2975],"product_tag":[],"acf":[],"gallery_images":[1974584,1974585,1974586],"_links":{"self":[{"href":"https:\/\/eu.tilta.com\/es\/wp-json\/wp\/v2\/product\/2002689"}],"collection":[{"href":"https:\/\/eu.tilta.com\/es\/wp-json\/wp\/v2\/product"}],"about":[{"href":"https:\/\/eu.tilta.com\/es\/wp-json\/wp\/v2\/types\/product"}],"replies":[{"embeddable":true,"href":"https:\/\/eu.tilta.com\/es\/wp-json\/wp\/v2\/comments?post=2002689"}],"wp:featuredmedia":[{"embeddable":true,"href":"https:\/\/eu.tilta.com\/es\/wp-json\/wp\/v2\/media\/2002690"}],"wp:attachment":[{"href":"https:\/\/eu.tilta.com\/es\/wp-json\/wp\/v2\/media?parent=2002689"}],"wp:term":[{"taxonomy":"product_cat","embeddable":true,"href":"https:\/\/eu.tilta.com\/es\/wp-json\/wp\/v2\/product_cat?post=2002689"},{"taxonomy":"product_tag","embeddable":true,"href":"https:\/\/eu.tilta.com\/es\/wp-json\/wp\/v2\/product_tag?post=2002689"}],"curies":[{"name":"wp","href":"https:\/\/api.w.org\/{rel}","templated":true}]}}