{"id":2002704,"date":"2024-01-17T19:00:19","date_gmt":"2024-01-17T18:00:19","guid":{"rendered":"https:\/\/de.tilta.com\/shop\/tilta-15mm-soporte-de-cana-a-riel-otan-negro\/"},"modified":"2025-12-05T13:33:39","modified_gmt":"2025-12-05T12:33:39","slug":"tilta-15mm-rod-holder-to-nato-rail-attachment-black-2","status":"publish","type":"product","link":"https:\/\/eu.tilta.com\/es\/shop\/tilta-15mm-rod-holder-to-nato-rail-attachment-black-2\/","title":{"rendered":"Tilta 15mm Soporte de Ca\u00f1a a Riel OTAN &#8211; Negro"},"content":{"rendered":"<p>Este adaptador de portaca\u00f1as de 15 mm a ra\u00edl OTAN es la opci\u00f3n perfecta para montar accesorios basados en la OTAN en ca\u00f1as de 15 mm.<\/p>\n<p>Este adaptador lleva integrado un ra\u00edl unidireccional OTAN con un pasador de seguridad en un lado para mayor seguridad.<\/p>\n<p>Se puede utilizar para montar el Volante Nucleus Nano II en una varilla de 15 mm, que imita la posici\u00f3n de un enfoque de seguimiento mec\u00e1nico.<\/p>\n<p>Las roscas 1\/4&#8243;-20 con puntos de fijaci\u00f3n de este accesorio tambi\u00e9n pueden utilizarse para montar brazos articulados y otros accesorios.<\/p>\n<p>El tornillo de palanca puede girar 360\u00b0 y reajustarse r\u00e1pidamente para una instalaci\u00f3n segura y un montaje o desmontaje r\u00e1pidos.<\/p>\n","protected":false},"excerpt":{"rendered":"<p>Este adaptador de portaca\u00f1as de 15 mm a ra\u00edl OTAN es la opci\u00f3n perfecta para montar accesorios basados en la OTAN en ca\u00f1as de 15 mm. Este adaptador lleva integrado un ra\u00edl unidireccional OTAN con un pasador de seguridad en [&hellip;]<\/p>\n","protected":false},"featured_media":2002705,"comment_status":"closed","ping_status":"closed","template":"","meta":[],"product_cat":[2838,2976,2881],"product_tag":[],"acf":[],"gallery_images":[2002706,2002707,2002708,2002709,2002710],"_links":{"self":[{"href":"https:\/\/eu.tilta.com\/es\/wp-json\/wp\/v2\/product\/2002704"}],"collection":[{"href":"https:\/\/eu.tilta.com\/es\/wp-json\/wp\/v2\/product"}],"about":[{"href":"https:\/\/eu.tilta.com\/es\/wp-json\/wp\/v2\/types\/product"}],"replies":[{"embeddable":true,"href":"https:\/\/eu.tilta.com\/es\/wp-json\/wp\/v2\/comments?post=2002704"}],"wp:featuredmedia":[{"embeddable":true,"href":"https:\/\/eu.tilta.com\/es\/wp-json\/wp\/v2\/media\/2002705"}],"wp:attachment":[{"href":"https:\/\/eu.tilta.com\/es\/wp-json\/wp\/v2\/media?parent=2002704"}],"wp:term":[{"taxonomy":"product_cat","embeddable":true,"href":"https:\/\/eu.tilta.com\/es\/wp-json\/wp\/v2\/product_cat?post=2002704"},{"taxonomy":"product_tag","embeddable":true,"href":"https:\/\/eu.tilta.com\/es\/wp-json\/wp\/v2\/product_tag?post=2002704"}],"curies":[{"name":"wp","href":"https:\/\/api.w.org\/{rel}","templated":true}]}}