{"id":2002725,"date":"2024-01-16T15:11:08","date_gmt":"2024-01-16T14:11:08","guid":{"rendered":"https:\/\/de.tilta.com\/shop\/soporte-de-objetivo-con-montura-pl-para-sony-fx3-fx30-v2\/"},"modified":"2026-02-16T09:03:15","modified_gmt":"2026-02-16T08:03:15","slug":"pl-mount-lens-support-for-sony-fx3-fx30-v2","status":"publish","type":"product","link":"https:\/\/eu.tilta.com\/es\/shop\/pl-mount-lens-support-for-sony-fx3-fx30-v2\/","title":{"rendered":"Soporte de objetivo con montura PL para Sony FX3\/FX30 V2"},"content":{"rendered":"<p>Este soporte de objetivo de montura PL para Sony FX3\/FX30 V2 es la opci\u00f3n perfecta para admitir varias marcas de adaptadores de objetivos de montura E a PL cuando se utiliza nuestra Jaula para c\u00e1mara completa.<\/p>\n<p>Este adaptador se monta tanto en la jaula como en los adaptadores de objetivo compatibles mediante dos tornillos, lo que crea una conexi\u00f3n incre\u00edblemente segura y limita enormemente la posibilidad de giros involuntarios.<\/p>\n<p>Con un peso de s\u00f3lo 17,5 gramos, este accesorio pr\u00e1cticamente no a\u00f1adir\u00e1 peso adicional a los equipos de c\u00e1mara de los usuarios.<\/p>\n<p>Este adaptador es compatible con los siguientes adaptadores:<\/p>\n<p>Adaptador de objetivo de montura PL-E Metabones<br \/>\nDZO Adaptador de objetivo pulpo PL a E<br \/>\nAdaptador Meike para objetivo con montura PL a montura Sony E-M<br \/>\nMOFAGE POCO Adaptador de filtro de montaje E para objetivos PL<\/p>\n<p><strong>Este adaptador es compatible con otras marcas de adaptadores de objetivos, pero no se puede garantizar la computabilidad fuera de estos adaptadores enumerados.  <\/strong><\/p>\n","protected":false},"excerpt":{"rendered":"<p>Este soporte de objetivo de montura PL para Sony FX3\/FX30 V2 es la opci\u00f3n perfecta para admitir varias marcas de adaptadores de objetivos de montura E a PL cuando se utiliza nuestra Jaula para c\u00e1mara completa. Este adaptador se monta [&hellip;]<\/p>\n","protected":false},"featured_media":2002726,"comment_status":"closed","ping_status":"closed","template":"","meta":[],"product_cat":[4448,2734,2935],"product_tag":[],"acf":[],"gallery_images":[2002727,2002728,2002729],"_links":{"self":[{"href":"https:\/\/eu.tilta.com\/es\/wp-json\/wp\/v2\/product\/2002725"}],"collection":[{"href":"https:\/\/eu.tilta.com\/es\/wp-json\/wp\/v2\/product"}],"about":[{"href":"https:\/\/eu.tilta.com\/es\/wp-json\/wp\/v2\/types\/product"}],"replies":[{"embeddable":true,"href":"https:\/\/eu.tilta.com\/es\/wp-json\/wp\/v2\/comments?post=2002725"}],"wp:featuredmedia":[{"embeddable":true,"href":"https:\/\/eu.tilta.com\/es\/wp-json\/wp\/v2\/media\/2002726"}],"wp:attachment":[{"href":"https:\/\/eu.tilta.com\/es\/wp-json\/wp\/v2\/media?parent=2002725"}],"wp:term":[{"taxonomy":"product_cat","embeddable":true,"href":"https:\/\/eu.tilta.com\/es\/wp-json\/wp\/v2\/product_cat?post=2002725"},{"taxonomy":"product_tag","embeddable":true,"href":"https:\/\/eu.tilta.com\/es\/wp-json\/wp\/v2\/product_tag?post=2002725"}],"curies":[{"name":"wp","href":"https:\/\/api.w.org\/{rel}","templated":true}]}}