{"id":2002749,"date":"2023-12-18T12:08:25","date_gmt":"2023-12-18T11:08:25","guid":{"rendered":"https:\/\/de.tilta.com\/shop\/adaptador-de-abrazadera-de-rail-rapido-de-50-mm-a-otan-negro\/"},"modified":"2025-12-05T13:33:47","modified_gmt":"2025-12-05T12:33:47","slug":"50mm-speed-rail-clamp-to-nato-adapter-black","status":"publish","type":"product","link":"https:\/\/eu.tilta.com\/es\/shop\/50mm-speed-rail-clamp-to-nato-adapter-black\/","title":{"rendered":"Adaptador de abrazadera de ra\u00edl r\u00e1pido de 50 mm a OTAN &#8211; Negro"},"content":{"rendered":"<div class=\"overview-text\">\n<p>Este adaptador de abrazadera de ra\u00edl de velocidad de 50 mm a OTAN permite a los usuarios montar de forma r\u00e1pida y segura accesorios adicionales en su configuraci\u00f3n de ra\u00edl de velocidad.<\/p>\n<p>Es una forma ideal de montar accesorios como transmisores de v\u00eddeo inal\u00e1mbricos o cuerpos de c\u00e1mara m\u00e1s peque\u00f1os en tu configuraci\u00f3n de ra\u00edl r\u00e1pido existente.<\/p>\n<p>La arandela de bloqueo se puede abrir o apretar a mano, pero tambi\u00e9n tiene ranuras espec\u00edficas para apretarla m\u00e1s con una llave Allen o una herramienta similar.<\/p>\n<p>El extremo opuesto de la abrazadera incorpora un soporte para ra\u00edl OTAN con dos pasadores de seguridad, que evitan que los accesorios se desconecten accidentalmente.<\/p>\n<p>El ra\u00edl NATO tambi\u00e9n cuenta con varios puntos de montaje, como roscas de 1\/4\u2033-20 con puntos de fijaci\u00f3n y una rosca de 3\/8\u2033-16 con puntos de fijaci\u00f3n.<\/p>\n<p>Este accesorio es muy duradero y soporta accesorios de hasta 8 kg\/17 lb.<\/p>\n<\/div>\n","protected":false},"excerpt":{"rendered":"<p>Este adaptador de abrazadera de ra\u00edl de velocidad de 50 mm a OTAN permite a los usuarios montar de forma r\u00e1pida y segura accesorios adicionales en su configuraci\u00f3n de ra\u00edl de velocidad. Es una forma ideal de montar accesorios como [&hellip;]<\/p>\n","protected":false},"featured_media":2002751,"comment_status":"closed","ping_status":"closed","template":"","meta":[],"product_cat":[2977,2703,2724,2784],"product_tag":[],"acf":[],"gallery_images":[1955151,1955150,1955149,1955148,1955248],"_links":{"self":[{"href":"https:\/\/eu.tilta.com\/es\/wp-json\/wp\/v2\/product\/2002749"}],"collection":[{"href":"https:\/\/eu.tilta.com\/es\/wp-json\/wp\/v2\/product"}],"about":[{"href":"https:\/\/eu.tilta.com\/es\/wp-json\/wp\/v2\/types\/product"}],"replies":[{"embeddable":true,"href":"https:\/\/eu.tilta.com\/es\/wp-json\/wp\/v2\/comments?post=2002749"}],"wp:featuredmedia":[{"embeddable":true,"href":"https:\/\/eu.tilta.com\/es\/wp-json\/wp\/v2\/media\/2002751"}],"wp:attachment":[{"href":"https:\/\/eu.tilta.com\/es\/wp-json\/wp\/v2\/media?parent=2002749"}],"wp:term":[{"taxonomy":"product_cat","embeddable":true,"href":"https:\/\/eu.tilta.com\/es\/wp-json\/wp\/v2\/product_cat?post=2002749"},{"taxonomy":"product_tag","embeddable":true,"href":"https:\/\/eu.tilta.com\/es\/wp-json\/wp\/v2\/product_tag?post=2002749"}],"curies":[{"name":"wp","href":"https:\/\/api.w.org\/{rel}","templated":true}]}}