{"id":2002760,"date":"2024-01-10T15:15:47","date_gmt":"2024-01-10T14:15:47","guid":{"rendered":"https:\/\/de.tilta.com\/shop\/jaula-de-camara-para-el-kit-bmcc-6k-advanced-negro\/"},"modified":"2025-12-26T18:01:35","modified_gmt":"2025-12-26T17:01:35","slug":"camera-cage-for-bmcc-6k-advanced-kit-black","status":"publish","type":"product","link":"https:\/\/eu.tilta.com\/es\/shop\/camera-cage-for-bmcc-6k-advanced-kit-black\/","title":{"rendered":"Jaula de c\u00e1mara para el kit BMCC 6K Advanced &#8211; Negro"},"content":{"rendered":"<p><em>\u00a1Presentamos el redise\u00f1ado Kit de Jaula de C\u00e1mara Avanzada para la Blackmagic Cinema Camera 6K!<\/em><\/p>\n<p>La base de esta Jaula de C\u00e1mara para la BMCC 6K (Full Frame) proporciona una armadura protectora para el cuerpo de la c\u00e1mara y permite a los usuarios fijar diferentes accesorios para mejorar la funcionalidad de la c\u00e1mara.<\/p>\n<p>Esta versi\u00f3n actualizada presenta una placa superior que se alinea perfectamente con la rosca de 1\/4\u2033-20 de la parte superior del cuerpo de la c\u00e1mara Full Frame, a la vez que presenta una conexi\u00f3n de dos tornillos en la parte inferior, lo que crea tres puntos de contacto incre\u00edblemente seguros.<\/p>\n<p>La Jaula Completa ofrece varias roscas de 1\/4&#8243;-20 con pasadores de fijaci\u00f3n, receptores de zapata fr\u00eda, una roseta compatible con Arri y un ra\u00edl NATO, a la vez que es impresionantemente modular, ya que el m\u00f3dulo del brazo derecho se puede desmontar para convertirlo en una Media Jaula o un Soporte en L.<\/p>\n<p>La placa inferior proporciona varios puntos de montaje de 1\/4\u2033-20 para fijar tu c\u00e1mara a varias placas de liberaci\u00f3n r\u00e1pida y es compatible con el receptor ARCA de la DJI RS3 Pro.<\/p>\n<p>Cuando se utiliza la Media Jaula, la placa inferior puede extenderse para soportar la Empu\u00f1adura de Bater\u00eda Black Magic Design e incluye un Soporte de Varilla de 15 mm para utilizar accesorios basados en varillas en la alineaci\u00f3n LWS correcta con la Empu\u00f1adura de Bater\u00eda.<\/p>\n<p>Cuando no se utiliza la empu\u00f1adura de bater\u00eda, se puede montar en la jaula la placa base LWS de 15 m tipo VI incluida, que a\u00f1ade soporte para varillas de 15 mm y permite a los usuarios montar accesorios basados en varillas, como cajas de mate y sistemas de seguimiento de enfoque.<\/p>\n<p>La parte inferior de esta placa base se conecta a nuestras colas de milano Tilta y soporta varias placas de liberaci\u00f3n r\u00e1pida mediante roscas de 1\/4\u2033-20 y 3\/8\u2033-16.<\/p>\n<p>El Kit Avanzado incluye un Asa de Potencia Avanzada<strong>(bater\u00eda no incluida<\/strong>) que se monta en el lado izquierdo de la jaula mediante un ra\u00edl NATO y cuenta con un puerto Micro DC de 12 V (3,5\/1,35 mm) y un puerto USB-C de 8 V para alimentar la c\u00e1mara u otros accesorios.<\/p>\n<p>La empu\u00f1adura tambi\u00e9n puede controlar la parada de emergencia de la BMCC 6K mediante un cable de parada de emergencia incluido, mientras que la rotaci\u00f3n de la empu\u00f1adura permite un manejo flexible al disparar c\u00e1mara en mano.<\/p>\n<p>En este kit se incluye la empu\u00f1adura superior Xeno, que se monta en la jaula mediante un tornillo de 1\/4\u2033-20 con pasadores de fijaci\u00f3n y cuenta con una empu\u00f1adura acolchada de silicona, que hace que el manejo sea m\u00e1s c\u00f3modo, al tiempo que dispone de numerosos puntos de montaje para accesorios adicionales, como un receptor de zapata fr\u00eda, roscas de 1\/4\u2033-20 y 3\/8\u2033-16.<\/p>\n<p>El adaptador HDMI de 90 grados incluido se acopla a la jaula cerca del puerto HDMI, lo que ofrece una conexi\u00f3n segura que limita el desgaste del puerto.<\/p>\n<p>El kit tambi\u00e9n incluye un soporte para unidad SSD que se monta mediante un tornillo de 1\/4\u2033-20 con un pasador de fijaci\u00f3n, y permite a los usuarios sujetar una unidad SSD Samsung T5 para grabaci\u00f3n externa.<\/p>\n<p><b>El EVF BMD NO despeja completamente la placa superior de la jaula. Ten cuidado para no da\u00f1ar el EVF.  <\/b><\/p>\n","protected":false},"excerpt":{"rendered":"<p>\u00a1Presentamos el redise\u00f1ado Kit de Jaula de C\u00e1mara Avanzada para la Blackmagic Cinema Camera 6K! La base de esta Jaula de C\u00e1mara para la BMCC 6K (Full Frame) proporciona una armadura protectora para el cuerpo de la c\u00e1mara y permite [&hellip;]<\/p>\n","protected":false},"featured_media":2002629,"comment_status":"closed","ping_status":"closed","template":"","meta":[],"product_cat":[2749],"product_tag":[],"acf":[],"gallery_images":[1956563,1956562,1956568,1956569,1956567],"_links":{"self":[{"href":"https:\/\/eu.tilta.com\/es\/wp-json\/wp\/v2\/product\/2002760"}],"collection":[{"href":"https:\/\/eu.tilta.com\/es\/wp-json\/wp\/v2\/product"}],"about":[{"href":"https:\/\/eu.tilta.com\/es\/wp-json\/wp\/v2\/types\/product"}],"replies":[{"embeddable":true,"href":"https:\/\/eu.tilta.com\/es\/wp-json\/wp\/v2\/comments?post=2002760"}],"wp:featuredmedia":[{"embeddable":true,"href":"https:\/\/eu.tilta.com\/es\/wp-json\/wp\/v2\/media\/2002629"}],"wp:attachment":[{"href":"https:\/\/eu.tilta.com\/es\/wp-json\/wp\/v2\/media?parent=2002760"}],"wp:term":[{"taxonomy":"product_cat","embeddable":true,"href":"https:\/\/eu.tilta.com\/es\/wp-json\/wp\/v2\/product_cat?post=2002760"},{"taxonomy":"product_tag","embeddable":true,"href":"https:\/\/eu.tilta.com\/es\/wp-json\/wp\/v2\/product_tag?post=2002760"}],"curies":[{"name":"wp","href":"https:\/\/api.w.org\/{rel}","templated":true}]}}