{"id":2002771,"date":"2024-01-10T15:00:09","date_gmt":"2024-01-10T14:00:09","guid":{"rendered":"https:\/\/de.tilta.com\/shop\/adaptador-de-volante-nucleus-nano-ii-a-mando-dji-ronin\/"},"modified":"2026-01-15T05:04:15","modified_gmt":"2026-01-15T04:04:15","slug":"nucleus-nano-ii-hand-wheel-to-dji-ronin-control-adapter","status":"publish","type":"product","link":"https:\/\/eu.tilta.com\/es\/shop\/nucleus-nano-ii-hand-wheel-to-dji-ronin-control-adapter\/","title":{"rendered":"Adaptador de volante Nucleus Nano II a mando DJI Ronin"},"content":{"rendered":"<div class=\"overview-text\">\n<p>El adaptador de volante Nucleus Nano II a control DJI Ronin es la opci\u00f3n perfecta para controlar el motor DJI Focus mediante el volante Nano II.<\/p>\n<p>Este adaptador se monta a ambos lados de los puntos de montaje de ra\u00edles OTAN del RS2 o RS3 Pro y utiliza dos tornillos para una conexi\u00f3n segura.<\/p>\n<p>El adaptador incluye dos juegos de clavijas de contacto para el volante manual Nano II, lo que permite a los usuarios montar la unidad a distintas alturas en funci\u00f3n de sus preferencias o de las restricciones de espacio con el motor del plato.<\/p>\n<p>El volante se monta en el adaptador mediante su abrazadera interna NATO y puede obtener energ\u00eda del cuerpo del card\u00e1n, adem\u00e1s de poder controlar el motor.<\/p>\n<\/div>\n","protected":false},"excerpt":{"rendered":"<p>El adaptador de volante Nucleus Nano II a control DJI Ronin es la opci\u00f3n perfecta para controlar el motor DJI Focus mediante el volante Nano II. Este adaptador se monta a ambos lados de los puntos de montaje de ra\u00edles [&hellip;]<\/p>\n","protected":false},"featured_media":2002772,"comment_status":"closed","ping_status":"closed","template":"","meta":[],"product_cat":[2838],"product_tag":[],"acf":[],"gallery_images":[2002773,2002774,2002775],"_links":{"self":[{"href":"https:\/\/eu.tilta.com\/es\/wp-json\/wp\/v2\/product\/2002771"}],"collection":[{"href":"https:\/\/eu.tilta.com\/es\/wp-json\/wp\/v2\/product"}],"about":[{"href":"https:\/\/eu.tilta.com\/es\/wp-json\/wp\/v2\/types\/product"}],"replies":[{"embeddable":true,"href":"https:\/\/eu.tilta.com\/es\/wp-json\/wp\/v2\/comments?post=2002771"}],"wp:featuredmedia":[{"embeddable":true,"href":"https:\/\/eu.tilta.com\/es\/wp-json\/wp\/v2\/media\/2002772"}],"wp:attachment":[{"href":"https:\/\/eu.tilta.com\/es\/wp-json\/wp\/v2\/media?parent=2002771"}],"wp:term":[{"taxonomy":"product_cat","embeddable":true,"href":"https:\/\/eu.tilta.com\/es\/wp-json\/wp\/v2\/product_cat?post=2002771"},{"taxonomy":"product_tag","embeddable":true,"href":"https:\/\/eu.tilta.com\/es\/wp-json\/wp\/v2\/product_tag?post=2002771"}],"curies":[{"name":"wp","href":"https:\/\/api.w.org\/{rel}","templated":true}]}}