{"id":2002776,"date":"2024-01-05T09:20:53","date_gmt":"2024-01-05T08:20:53","guid":{"rendered":"https:\/\/de.tilta.com\/shop\/kit-de-modificacion-del-mini-brazo-hydra-para-el-dji-ronin-2\/"},"modified":"2025-12-05T13:33:49","modified_gmt":"2025-12-05T12:33:49","slug":"hydra-arm-mini-modification-kit-for-dji-ronin-2","status":"publish","type":"product","link":"https:\/\/eu.tilta.com\/es\/shop\/hydra-arm-mini-modification-kit-for-dji-ronin-2\/","title":{"rendered":"Kit de modificaci\u00f3n del mini brazo Hydra para el DJI Ronin 2"},"content":{"rendered":"<p><em>Presentamos la primera gran actualizaci\u00f3n del Brazo Hidra Mini.  <\/em><\/p>\n<p>Este kit de modificaci\u00f3n actualiza el sistema para que sea compatible con el cuerpo del card\u00e1n DJI Ronin 2.<\/p>\n<p>Instalando unos pocos componentes nuevos, los usuarios pueden aumentar la capacidad de carga \u00fatil de su sistema para soportar cargas \u00fatiles de entre 8 kg y 13 kg o entre 17,6 lb y 28,6 lb si se utiliza una configuraci\u00f3n de dos brazos.<\/p>\n<p>Esto abre m\u00e1s posibilidades creativas para combinaciones de c\u00e1mara y objetivo m\u00e1s pesadas, adem\u00e1s de ayudar a crear secuencias m\u00e1s fluidas aprovechando los motores m\u00e1s potentes de los cardanes m\u00e1s grandes como el Ronin 2, lo que resulta especialmente \u00fatil a velocidades m\u00e1s altas.<\/p>\n<p>El primer componente del kit son cables de soporte acortados que permitir\u00e1n a los usuarios construir el brazo con s\u00f3lo dos piezas.<\/p>\n<p>Esto limita el alcance del brazo, pero supone una ventaja cuando se utiliza en espacios reducidos o cuando se sortean peligros ambientales.<\/p>\n<p><b>Esta configuraci\u00f3n de dos brazos ser\u00e1 necesaria para utilizar la mayor capacidad de carga \u00fatil necesaria para soportar adecuadamente el Ronin 2.  <\/b><\/p>\n<p>El siguiente componente del kit es el cabezal amortiguador de alta resistencia, que ahora utiliza alambre de acero para absorber las vibraciones, en lugar del material de poliuretano del original.<\/p>\n<p>Esto significa que el cabezal amortiguador es m\u00e1s adecuado para cargas m\u00e1s pesadas y puede intercambiarse f\u00e1cilmente con el original mediante una placa de liberaci\u00f3n r\u00e1pida.<\/p>\n<p>Uno de los componentes m\u00e1s importantes de este kit es el muelle de alta resistencia para el brazo amortiguador. Este muelle sustituye al original incluido con el brazo y puede soportar una mayor carga \u00fatil.<\/p>\n<p>Por \u00faltimo, el kit incluye una montura Ronin 2 de dise\u00f1o personalizado para el cuerpo del card\u00e1n, que permite a los usuarios montar el card\u00e1n en el cabezal de forma r\u00e1pida y segura, sin necesidad de un adaptador adicional.<\/p>\n","protected":false},"excerpt":{"rendered":"<p>Presentamos la primera gran actualizaci\u00f3n del Brazo Hidra Mini. Este kit de modificaci\u00f3n actualiza el sistema para que sea compatible con el cuerpo del card\u00e1n DJI Ronin 2. Instalando unos pocos componentes nuevos, los usuarios pueden aumentar la capacidad de [&hellip;]<\/p>\n","protected":false},"featured_media":2002777,"comment_status":"closed","ping_status":"closed","template":"","meta":[],"product_cat":[2703],"product_tag":[],"acf":[],"gallery_images":[2002778,2002779,2002780,2002781,2002782,2002783,2002784,2002785],"_links":{"self":[{"href":"https:\/\/eu.tilta.com\/es\/wp-json\/wp\/v2\/product\/2002776"}],"collection":[{"href":"https:\/\/eu.tilta.com\/es\/wp-json\/wp\/v2\/product"}],"about":[{"href":"https:\/\/eu.tilta.com\/es\/wp-json\/wp\/v2\/types\/product"}],"replies":[{"embeddable":true,"href":"https:\/\/eu.tilta.com\/es\/wp-json\/wp\/v2\/comments?post=2002776"}],"wp:featuredmedia":[{"embeddable":true,"href":"https:\/\/eu.tilta.com\/es\/wp-json\/wp\/v2\/media\/2002777"}],"wp:attachment":[{"href":"https:\/\/eu.tilta.com\/es\/wp-json\/wp\/v2\/media?parent=2002776"}],"wp:term":[{"taxonomy":"product_cat","embeddable":true,"href":"https:\/\/eu.tilta.com\/es\/wp-json\/wp\/v2\/product_cat?post=2002776"},{"taxonomy":"product_tag","embeddable":true,"href":"https:\/\/eu.tilta.com\/es\/wp-json\/wp\/v2\/product_tag?post=2002776"}],"curies":[{"name":"wp","href":"https:\/\/api.w.org\/{rel}","templated":true}]}}