{"id":2002803,"date":"2023-12-19T09:46:12","date_gmt":"2023-12-19T08:46:12","guid":{"rendered":"https:\/\/de.tilta.com\/shop\/anillo-de-engranaje-de-enfoque-universal-tilta\/"},"modified":"2025-12-05T13:34:02","modified_gmt":"2025-12-05T12:34:02","slug":"tilta-universal-focus-gear-ring","status":"publish","type":"product","link":"https:\/\/eu.tilta.com\/es\/shop\/tilta-universal-focus-gear-ring\/","title":{"rendered":"Anillo de engranaje de enfoque universal Tilta"},"content":{"rendered":"<div class=\"overview-text\">\n<p>El Anillo de Engranaje de Enfoque Universal es la opci\u00f3n universal perfecta para utilizar sistemas de seguimiento de enfoque inal\u00e1mbricos o mec\u00e1nicos con objetivos fotogr\u00e1ficos.<\/p>\n<p>Estas anillas tienen un anillo interior texturizado que mantiene la corona dentada firmemente en su sitio y puede ajustarse f\u00e1cilmente.<\/p>\n<p>El cierre integrado est\u00e1 dise\u00f1ado para fijar firmemente el Anillo de Engranaje a un objetivo, mientras que el engranaje est\u00e1ndar de 0,8 ofrece una rotaci\u00f3n precisa y poco ruido.<\/p>\n<p>Las distintas opciones de color ayudan a dar un toque llamativo a tus construcciones y abren opciones para codificar por colores las posiciones de la c\u00e1mara o las funciones del engranaje del objetivo.<\/p>\n<\/div>\n","protected":false},"excerpt":{"rendered":"<p>El Anillo de Engranaje de Enfoque Universal es la opci\u00f3n universal perfecta para utilizar sistemas de seguimiento de enfoque inal\u00e1mbricos o mec\u00e1nicos con objetivos fotogr\u00e1ficos. Estas anillas tienen un anillo interior texturizado que mantiene la corona dentada firmemente en su [&hellip;]<\/p>\n","protected":false},"featured_media":2002804,"comment_status":"closed","ping_status":"closed","template":"","meta":[],"product_cat":[2983],"product_tag":[],"acf":[],"gallery_images":[2002805,2002806,2002807],"_links":{"self":[{"href":"https:\/\/eu.tilta.com\/es\/wp-json\/wp\/v2\/product\/2002803"}],"collection":[{"href":"https:\/\/eu.tilta.com\/es\/wp-json\/wp\/v2\/product"}],"about":[{"href":"https:\/\/eu.tilta.com\/es\/wp-json\/wp\/v2\/types\/product"}],"replies":[{"embeddable":true,"href":"https:\/\/eu.tilta.com\/es\/wp-json\/wp\/v2\/comments?post=2002803"}],"wp:featuredmedia":[{"embeddable":true,"href":"https:\/\/eu.tilta.com\/es\/wp-json\/wp\/v2\/media\/2002804"}],"wp:attachment":[{"href":"https:\/\/eu.tilta.com\/es\/wp-json\/wp\/v2\/media?parent=2002803"}],"wp:term":[{"taxonomy":"product_cat","embeddable":true,"href":"https:\/\/eu.tilta.com\/es\/wp-json\/wp\/v2\/product_cat?post=2002803"},{"taxonomy":"product_tag","embeddable":true,"href":"https:\/\/eu.tilta.com\/es\/wp-json\/wp\/v2\/product_tag?post=2002803"}],"curies":[{"name":"wp","href":"https:\/\/api.w.org\/{rel}","templated":true}]}}