{"id":2002837,"date":"2023-11-30T17:52:49","date_gmt":"2023-11-30T16:52:49","guid":{"rendered":"https:\/\/de.tilta.com\/shop\/filtro-de-niebla-negro-tilta-illusion-95-mm\/"},"modified":"2025-12-05T13:34:02","modified_gmt":"2025-12-05T12:34:02","slug":"tilta-illusion-95mm-black-mist-filter","status":"publish","type":"product","link":"https:\/\/eu.tilta.com\/es\/shop\/tilta-illusion-95mm-black-mist-filter\/","title":{"rendered":"Filtro de niebla negro Tilta Illusion 95 mm"},"content":{"rendered":"<p>Presentamos la nueva generaci\u00f3n de filtros de 95 mm para la Mirage Matte Box &#8211; TILTA ILLUSION<\/p>\n<p>Los Filtros Ilusi\u00f3n son el nuevo conjunto de filtros de fabricaci\u00f3n propia dise\u00f1ados espec\u00edficamente para el Est\u00e1ndar Circular de 95 mm de la Mirage Matte Box.<\/p>\n<p>Este filtro es un tipo de filtro difusor que reduce el contraste y produce un sutil resplandor alrededor de las fuentes de luz, al tiempo que limita la suavidad general y conserva el contraste en las sombras.<\/p>\n<p>Esto crea una atm\u00f3sfera visual suave, al tiempo que conserva la nitidez y m\u00e1s detalle en las sombras que un filtro de Niebla est\u00e1ndar.<\/p>\n<p>Este filtro es ideal para los usuarios que buscan un aspecto difuminado cl\u00e1sico sin distraer demasiado.<\/p>\n","protected":false},"excerpt":{"rendered":"<p>Presentamos la nueva generaci\u00f3n de filtros de 95 mm para la Mirage Matte Box &#8211; TILTA ILLUSION Los Filtros Ilusi\u00f3n son el nuevo conjunto de filtros de fabricaci\u00f3n propia dise\u00f1ados espec\u00edficamente para el Est\u00e1ndar Circular de 95 mm de la [&hellip;]<\/p>\n","protected":false},"featured_media":2002843,"comment_status":"closed","ping_status":"closed","template":"","meta":[],"product_cat":[2939,2785],"product_tag":[],"acf":[],"gallery_images":[2002844,2002846,2002848],"_links":{"self":[{"href":"https:\/\/eu.tilta.com\/es\/wp-json\/wp\/v2\/product\/2002837"}],"collection":[{"href":"https:\/\/eu.tilta.com\/es\/wp-json\/wp\/v2\/product"}],"about":[{"href":"https:\/\/eu.tilta.com\/es\/wp-json\/wp\/v2\/types\/product"}],"replies":[{"embeddable":true,"href":"https:\/\/eu.tilta.com\/es\/wp-json\/wp\/v2\/comments?post=2002837"}],"wp:featuredmedia":[{"embeddable":true,"href":"https:\/\/eu.tilta.com\/es\/wp-json\/wp\/v2\/media\/2002843"}],"wp:attachment":[{"href":"https:\/\/eu.tilta.com\/es\/wp-json\/wp\/v2\/media?parent=2002837"}],"wp:term":[{"taxonomy":"product_cat","embeddable":true,"href":"https:\/\/eu.tilta.com\/es\/wp-json\/wp\/v2\/product_cat?post=2002837"},{"taxonomy":"product_tag","embeddable":true,"href":"https:\/\/eu.tilta.com\/es\/wp-json\/wp\/v2\/product_tag?post=2002837"}],"curies":[{"name":"wp","href":"https:\/\/api.w.org\/{rel}","templated":true}]}}