{"id":2002838,"date":"2023-12-14T16:05:00","date_gmt":"2023-12-14T15:05:00","guid":{"rendered":"https:\/\/de.tilta.com\/shop\/jaula-de-camara-para-el-kit-basico-panasonic-g9-ii-negro\/"},"modified":"2025-12-05T13:33:53","modified_gmt":"2025-12-05T12:33:53","slug":"camera-cage-for-panasonic-g9-ii-basic-kit-black","status":"publish","type":"product","link":"https:\/\/eu.tilta.com\/es\/shop\/camera-cage-for-panasonic-g9-ii-basic-kit-black\/","title":{"rendered":"Jaula de c\u00e1mara para el kit b\u00e1sico Panasonic G9 II &#8211; Negro"},"content":{"rendered":"<p>Mejora la funcionalidad de tu c\u00e1mara con nuestro nuevo Kit de Jaula para C\u00e1mara dise\u00f1ado espec\u00edficamente para la Panasonic G9 II.<\/p>\n<p>La base de este kit es la Jaula para C\u00e1mara Completa, que ofrece protecci\u00f3n para el cuerpo de tu c\u00e1mara y cuenta con varias opciones para montar accesorios, como: Riel NATO, zapata fr\u00eda, roscas de 3\/8\u2033-16 y 1\/4&#8243;-20 con pasadores de fijaci\u00f3n.<\/p>\n<p>La placa inferior cuenta con una placa inferior Arca Swiss de doble direcci\u00f3n que puede montarse f\u00e1cilmente en la DJI RS3 Pro o en la placa base modular Tipo I incluida.<\/p>\n<p>Esta placa base admite varillas dobles de 15 mm, esenciales para montar accesorios basados en varillas, como sistemas de seguimiento de enfoque y cajas de mate.<\/p>\n<p>La parte inferior de esta placa base es compatible de forma nativa con nuestras colas de milano est\u00e1ndar Tilta y tambi\u00e9n cuenta con roscas de 1\/4\u2033-20 y 3\/8\u2033-16 para montar diversas placas de liberaci\u00f3n r\u00e1pida.<\/p>\n<p><strong>Atenci\u00f3n<\/strong>: esta jaula utiliza el est\u00e1ndar de DJI para ARCA y no es compatible con todos los receptores. No se garantiza la compatibilidad.<\/p>\n<p>El asa superior con base de 1\/4\u2033-20 incluida mejora la flexibilidad para disparar y manipular, a la vez que ampl\u00eda las opciones de montaje mediante roscas de 1\/4\u2033-20 y un receptor de zapata fr\u00eda.<\/p>\n<p>Esta empu\u00f1adura se monta mediante un \u00fanico tornillo de 1\/4\u2033-20 con pasadores de fijaci\u00f3n que garantizan una conexi\u00f3n estable sin rotaci\u00f3n .<\/p>\n<p>La abrazadera para cables incluida ayuda a que los cables conectados queden bien sujetos, lo que es especialmente importante cuando se graba en exteriores.<\/p>\n<p>El exclusivo patr\u00f3n de malla antideslizante que rodea la empu\u00f1adura de la c\u00e1mara ofrece una mayor comodidad para disparar durante mucho tiempo.<\/p>\n<p>El dise\u00f1o presenta tres puntos de contacto entre la c\u00e1mara y la jaula mediante dos puntos de fijaci\u00f3n de seguridad a cada lado.<\/p>\n<p>El destornillador multifunci\u00f3n incorporado se puede guardar magn\u00e9ticamente para acceder c\u00f3modamente a \u00e9l.<\/p>\n","protected":false},"excerpt":{"rendered":"<p>Mejora la funcionalidad de tu c\u00e1mara con nuestro nuevo Kit de Jaula para C\u00e1mara dise\u00f1ado espec\u00edficamente para la Panasonic G9 II. La base de este kit es la Jaula para C\u00e1mara Completa, que ofrece protecci\u00f3n para el cuerpo de tu [&hellip;]<\/p>\n","protected":false},"featured_media":2002839,"comment_status":"closed","ping_status":"closed","template":"","meta":[],"product_cat":[2790],"product_tag":[],"acf":[],"gallery_images":[1955062,1955063,1955066,1955067,1955068],"_links":{"self":[{"href":"https:\/\/eu.tilta.com\/es\/wp-json\/wp\/v2\/product\/2002838"}],"collection":[{"href":"https:\/\/eu.tilta.com\/es\/wp-json\/wp\/v2\/product"}],"about":[{"href":"https:\/\/eu.tilta.com\/es\/wp-json\/wp\/v2\/types\/product"}],"replies":[{"embeddable":true,"href":"https:\/\/eu.tilta.com\/es\/wp-json\/wp\/v2\/comments?post=2002838"}],"wp:featuredmedia":[{"embeddable":true,"href":"https:\/\/eu.tilta.com\/es\/wp-json\/wp\/v2\/media\/2002839"}],"wp:attachment":[{"href":"https:\/\/eu.tilta.com\/es\/wp-json\/wp\/v2\/media?parent=2002838"}],"wp:term":[{"taxonomy":"product_cat","embeddable":true,"href":"https:\/\/eu.tilta.com\/es\/wp-json\/wp\/v2\/product_cat?post=2002838"},{"taxonomy":"product_tag","embeddable":true,"href":"https:\/\/eu.tilta.com\/es\/wp-json\/wp\/v2\/product_tag?post=2002838"}],"curies":[{"name":"wp","href":"https:\/\/api.w.org\/{rel}","templated":true}]}}