{"id":2002883,"date":"2023-12-04T16:30:50","date_gmt":"2023-12-04T15:30:50","guid":{"rendered":"https:\/\/de.tilta.com\/shop\/filtro-nd-de-espectro-completo-tilta-illusion-4x565\/"},"modified":"2025-12-05T13:34:02","modified_gmt":"2025-12-05T12:34:02","slug":"illusion-4x5-65-full-spectrum-nd-filter","status":"publish","type":"product","link":"https:\/\/eu.tilta.com\/es\/shop\/illusion-4x5-65-full-spectrum-nd-filter\/","title":{"rendered":"Filtro ND de espectro completo Tilta Illusion 4&#215;5,65"},"content":{"rendered":"<div class=\"overview-text\">\n<p><em>Presentamos la nueva generaci\u00f3n de filtros para las cajas mate 4\u00d75,65 &#8211; TILTA ILLUSION<\/em><\/p>\n<p>Este filtro es el nuevo filtro 4\u00d75,65 de fabricaci\u00f3n propia dise\u00f1ado para cualquier Matte Box con bandeja para filtros 4\u00d75,65, incluida la Mirage Matte Box.<\/p>\n<p>Este filtro est\u00e1 disponible en varios niveles de Densidad Neutra, lo que proporciona a los usuarios un mayor control sobre su exposici\u00f3n.<\/p>\n<p>Esto permite a los usuarios reducir la luz visible para el sensor, lo que te permite abrir el diafragma al disparar en entornos con luz m\u00e1s brillante, como la luz del d\u00eda.<\/p>\n<p>Los Filtros ND de Espectro Completo reducen uniformemente todas las longitudes de onda de la luz, incluida la luz visible, la ultravioleta y la infrarroja.<\/p>\n<\/div>\n","protected":false},"excerpt":{"rendered":"<p>Presentamos la nueva generaci\u00f3n de filtros para las cajas mate 4\u00d75,65 &#8211; TILTA ILLUSION Este filtro es el nuevo filtro 4\u00d75,65 de fabricaci\u00f3n propia dise\u00f1ado para cualquier Matte Box con bandeja para filtros 4\u00d75,65, incluida la Mirage Matte Box. Este [&hellip;]<\/p>\n","protected":false},"featured_media":2002884,"comment_status":"closed","ping_status":"closed","template":"","meta":[],"product_cat":[3763,2939,2990,2785,2854,2905,2859],"product_tag":[],"acf":[],"gallery_images":[],"_links":{"self":[{"href":"https:\/\/eu.tilta.com\/es\/wp-json\/wp\/v2\/product\/2002883"}],"collection":[{"href":"https:\/\/eu.tilta.com\/es\/wp-json\/wp\/v2\/product"}],"about":[{"href":"https:\/\/eu.tilta.com\/es\/wp-json\/wp\/v2\/types\/product"}],"replies":[{"embeddable":true,"href":"https:\/\/eu.tilta.com\/es\/wp-json\/wp\/v2\/comments?post=2002883"}],"wp:featuredmedia":[{"embeddable":true,"href":"https:\/\/eu.tilta.com\/es\/wp-json\/wp\/v2\/media\/2002884"}],"wp:attachment":[{"href":"https:\/\/eu.tilta.com\/es\/wp-json\/wp\/v2\/media?parent=2002883"}],"wp:term":[{"taxonomy":"product_cat","embeddable":true,"href":"https:\/\/eu.tilta.com\/es\/wp-json\/wp\/v2\/product_cat?post=2002883"},{"taxonomy":"product_tag","embeddable":true,"href":"https:\/\/eu.tilta.com\/es\/wp-json\/wp\/v2\/product_tag?post=2002883"}],"curies":[{"name":"wp","href":"https:\/\/api.w.org\/{rel}","templated":true}]}}