{"id":2002917,"date":"2023-12-04T16:30:27","date_gmt":"2023-12-04T15:30:27","guid":{"rendered":"https:\/\/de.tilta.com\/shop\/filtro-nd-de-espectro-completo-tilta-illusion-95-mm\/"},"modified":"2025-12-05T13:34:22","modified_gmt":"2025-12-05T12:34:22","slug":"tilta-illusion-95mm-full-spectrum-nd-filter","status":"publish","type":"product","link":"https:\/\/eu.tilta.com\/es\/shop\/tilta-illusion-95mm-full-spectrum-nd-filter\/","title":{"rendered":"Filtro ND de espectro completo Tilta Illusion 95 mm"},"content":{"rendered":"<p><em>Presentamos la nueva generaci\u00f3n de filtros de 95 mm para la Mirage Matte Box &#8211; TILTA ILLUSION<\/em><\/p>\n<p>Los Filtros Ilusi\u00f3n son el nuevo conjunto de filtros de fabricaci\u00f3n propia dise\u00f1ados espec\u00edficamente para el Est\u00e1ndar Circular de 95 mm de la Mirage Matte Box.<\/p>\n<p><span style=\"font-weight: 400\">Este filtro est\u00e1 disponible en varios niveles de Densidad Neutra, lo que proporciona a los usuarios un mayor control sobre su exposici\u00f3n.<\/span><\/p>\n<p>Esto permite a los usuarios reducir la luz visible para el sensor, lo que te permite abrir el diafragma al disparar en entornos con luz m\u00e1s brillante, como la luz del d\u00eda.<\/p>\n<p>Los Filtros ND de Espectro Completo reducen uniformemente todas las longitudes de onda de la luz, incluida la luz visible, la ultravioleta y la infrarroja.<\/p>\n","protected":false},"excerpt":{"rendered":"<p>Presentamos la nueva generaci\u00f3n de filtros de 95 mm para la Mirage Matte Box &#8211; TILTA ILLUSION Los Filtros Ilusi\u00f3n son el nuevo conjunto de filtros de fabricaci\u00f3n propia dise\u00f1ados espec\u00edficamente para el Est\u00e1ndar Circular de 95 mm de la [&hellip;]<\/p>\n","protected":false},"featured_media":2002918,"comment_status":"closed","ping_status":"closed","template":"","meta":[],"product_cat":[2939,2785],"product_tag":[],"acf":[],"gallery_images":[2002844,2002846,2002848],"_links":{"self":[{"href":"https:\/\/eu.tilta.com\/es\/wp-json\/wp\/v2\/product\/2002917"}],"collection":[{"href":"https:\/\/eu.tilta.com\/es\/wp-json\/wp\/v2\/product"}],"about":[{"href":"https:\/\/eu.tilta.com\/es\/wp-json\/wp\/v2\/types\/product"}],"replies":[{"embeddable":true,"href":"https:\/\/eu.tilta.com\/es\/wp-json\/wp\/v2\/comments?post=2002917"}],"wp:featuredmedia":[{"embeddable":true,"href":"https:\/\/eu.tilta.com\/es\/wp-json\/wp\/v2\/media\/2002918"}],"wp:attachment":[{"href":"https:\/\/eu.tilta.com\/es\/wp-json\/wp\/v2\/media?parent=2002917"}],"wp:term":[{"taxonomy":"product_cat","embeddable":true,"href":"https:\/\/eu.tilta.com\/es\/wp-json\/wp\/v2\/product_cat?post=2002917"},{"taxonomy":"product_tag","embeddable":true,"href":"https:\/\/eu.tilta.com\/es\/wp-json\/wp\/v2\/product_tag?post=2002917"}],"curies":[{"name":"wp","href":"https:\/\/api.w.org\/{rel}","templated":true}]}}