{"id":2002934,"date":"2023-11-30T17:54:37","date_gmt":"2023-11-30T16:54:37","guid":{"rendered":"https:\/\/de.tilta.com\/shop\/filtro-uv-tilta-illusion-95mm-l41\/"},"modified":"2025-12-05T13:34:08","modified_gmt":"2025-12-05T12:34:08","slug":"tilta-illusion-95mm-l41-uv-filter","status":"publish","type":"product","link":"https:\/\/eu.tilta.com\/es\/shop\/tilta-illusion-95mm-l41-uv-filter\/","title":{"rendered":"Filtro UV Tilta Illusion 95mm L41"},"content":{"rendered":"<div class=\"overview-text\">\n<p><em>Presentamos la nueva generaci\u00f3n de filtros de 95 mm para la Mirage Matte Box &#8211; TILTA ILLUSION<\/em><\/p>\n<p>Los Filtros Ilusi\u00f3n son el nuevo conjunto de filtros de fabricaci\u00f3n propia dise\u00f1ados espec\u00edficamente para el Est\u00e1ndar Circular de 95 mm de la Mirage Matte Box.<\/p>\n<p>Este filtro puede protegerte de los rayos UV del sol y limitar los destellos del objetivo procedentes de fuentes de luz directa.<\/p>\n<p>Este filtro tambi\u00e9n puede utilizarse para proteger f\u00edsicamente el cristal del objetivo de manchas, ara\u00f1azos y suciedad durante usos extremos.<\/p>\n<p>Este filtro es ideal para los usuarios que buscan proteger sus objetivos, especialmente en situaciones que impliquen acrobacias o veh\u00edculos en movimiento.<\/p>\n<\/div>\n","protected":false},"excerpt":{"rendered":"<p>Presentamos la nueva generaci\u00f3n de filtros de 95 mm para la Mirage Matte Box &#8211; TILTA ILLUSION Los Filtros Ilusi\u00f3n son el nuevo conjunto de filtros de fabricaci\u00f3n propia dise\u00f1ados espec\u00edficamente para el Est\u00e1ndar Circular de 95 mm de la [&hellip;]<\/p>\n","protected":false},"featured_media":2002935,"comment_status":"closed","ping_status":"closed","template":"","meta":[],"product_cat":[2939,2785],"product_tag":[],"acf":[],"gallery_images":[2002844,2002846,2002848],"_links":{"self":[{"href":"https:\/\/eu.tilta.com\/es\/wp-json\/wp\/v2\/product\/2002934"}],"collection":[{"href":"https:\/\/eu.tilta.com\/es\/wp-json\/wp\/v2\/product"}],"about":[{"href":"https:\/\/eu.tilta.com\/es\/wp-json\/wp\/v2\/types\/product"}],"replies":[{"embeddable":true,"href":"https:\/\/eu.tilta.com\/es\/wp-json\/wp\/v2\/comments?post=2002934"}],"wp:featuredmedia":[{"embeddable":true,"href":"https:\/\/eu.tilta.com\/es\/wp-json\/wp\/v2\/media\/2002935"}],"wp:attachment":[{"href":"https:\/\/eu.tilta.com\/es\/wp-json\/wp\/v2\/media?parent=2002934"}],"wp:term":[{"taxonomy":"product_cat","embeddable":true,"href":"https:\/\/eu.tilta.com\/es\/wp-json\/wp\/v2\/product_cat?post=2002934"},{"taxonomy":"product_tag","embeddable":true,"href":"https:\/\/eu.tilta.com\/es\/wp-json\/wp\/v2\/product_tag?post=2002934"}],"curies":[{"name":"wp","href":"https:\/\/api.w.org\/{rel}","templated":true}]}}