{"id":2003022,"date":"2023-11-30T17:45:14","date_gmt":"2023-11-30T16:45:14","guid":{"rendered":"https:\/\/de.tilta.com\/shop\/filtro-tilta-illusion-95mm-glimmer\/"},"modified":"2025-12-05T13:34:22","modified_gmt":"2025-12-05T12:34:22","slug":"tilta-illusion-95mm-glimmer-filter","status":"publish","type":"product","link":"https:\/\/eu.tilta.com\/es\/shop\/tilta-illusion-95mm-glimmer-filter\/","title":{"rendered":"Filtro Tilta Illusion 95mm Glimmer"},"content":{"rendered":"<div class=\"overview-text\">\n<p><em>Presentamos la nueva generaci\u00f3n de filtros de 95 mm para la Mirage Matte Box &#8211; TILTA ILLUSION<\/em><\/p>\n<p>Los Filtros Ilusi\u00f3n son el nuevo conjunto de filtros de fabricaci\u00f3n propia dise\u00f1ados espec\u00edficamente para el Est\u00e1ndar Circular de 95 mm de la Mirage Matte Box.<\/p>\n<p>Este filtro es un tipo de filtro difusor que reduce el contraste y produce un resplandor limpio como un halo alrededor de las fuentes de luz.<\/p>\n<p>Esto crea una atm\u00f3sfera visual suave, al tiempo que conserva la nitidez y el mayor detalle posible en las sombras.<\/p>\n<p>Este filtro es ideal para los usuarios que buscan iluminaciones limpias y colores ligeramente desaturados sin afectar a la nitidez.<\/p>\n<\/div>\n","protected":false},"excerpt":{"rendered":"<p>Presentamos la nueva generaci\u00f3n de filtros de 95 mm para la Mirage Matte Box &#8211; TILTA ILLUSION Los Filtros Ilusi\u00f3n son el nuevo conjunto de filtros de fabricaci\u00f3n propia dise\u00f1ados espec\u00edficamente para el Est\u00e1ndar Circular de 95 mm de la [&hellip;]<\/p>\n","protected":false},"featured_media":2003023,"comment_status":"closed","ping_status":"closed","template":"","meta":[],"product_cat":[2939,2785],"product_tag":[],"acf":[],"gallery_images":[2002844,2002846,2002848],"_links":{"self":[{"href":"https:\/\/eu.tilta.com\/es\/wp-json\/wp\/v2\/product\/2003022"}],"collection":[{"href":"https:\/\/eu.tilta.com\/es\/wp-json\/wp\/v2\/product"}],"about":[{"href":"https:\/\/eu.tilta.com\/es\/wp-json\/wp\/v2\/types\/product"}],"replies":[{"embeddable":true,"href":"https:\/\/eu.tilta.com\/es\/wp-json\/wp\/v2\/comments?post=2003022"}],"wp:featuredmedia":[{"embeddable":true,"href":"https:\/\/eu.tilta.com\/es\/wp-json\/wp\/v2\/media\/2003023"}],"wp:attachment":[{"href":"https:\/\/eu.tilta.com\/es\/wp-json\/wp\/v2\/media?parent=2003022"}],"wp:term":[{"taxonomy":"product_cat","embeddable":true,"href":"https:\/\/eu.tilta.com\/es\/wp-json\/wp\/v2\/product_cat?post=2003022"},{"taxonomy":"product_tag","embeddable":true,"href":"https:\/\/eu.tilta.com\/es\/wp-json\/wp\/v2\/product_tag?post=2003022"}],"curies":[{"name":"wp","href":"https:\/\/api.w.org\/{rel}","templated":true}]}}