{"id":2003135,"date":"2023-11-14T12:02:52","date_gmt":"2023-11-14T11:02:52","guid":{"rendered":"https:\/\/de.tilta.com\/shop\/empunadura-de-mando-nucleus-nano-ii\/"},"modified":"2026-04-24T13:50:51","modified_gmt":"2026-04-24T11:50:51","slug":"nucleus-nano-ii-control-handle","status":"publish","type":"product","link":"https:\/\/eu.tilta.com\/es\/shop\/nucleus-nano-ii-control-handle\/","title":{"rendered":"Empu\u00f1adura de mando Nucleus Nano II"},"content":{"rendered":"<p><em>\u00a1Presentamos el mando de control Nucleus Nano II!  <\/em><\/p>\n<p>\u00a1Experimenta una flexibilidad inigualable con la capacidad de la Nano II de manejar hasta 4 motores para Enfoque, Iris, Zoom y Mirage VND cuando utilices esta Empu\u00f1adura de Control y el Volante!<\/p>\n<p>Esta empu\u00f1adura funciona con una bater\u00eda Sony de la serie L (F550\/570) y puede enviar energ\u00eda al volante Nucleus Nano II para prolongar la duraci\u00f3n de la bater\u00eda.<\/p>\n<p>La empu\u00f1adura de control incorpora un dial de enfoque en la parte frontal que puede utilizarse para controlar los dos motores de la serie Nucleus e incluso el motor de enfoque DJI (requiere un <a href=\"https:\/\/de.tilta.com\/shop\/wireless-control-receiver-module-for-rs-2\/\">m\u00f3dulo receptor inal\u00e1mbrico<\/a> opcional).<\/p>\n<p>Este <a href=\"https:\/\/de.tilta.com\/shop\/wireless-control-receiver-module-for-rs-2\/\">M\u00f3dulo Receptor Inal\u00e1mbrico<\/a> <strong>(no incluido)<\/strong> tambi\u00e9n se puede utilizar para conectar esta empu\u00f1adura al DJI RS2 o RS3 Pro para manejarlo de forma inal\u00e1mbrica.<\/p>\n<p>La empu\u00f1adura puede utilizarse independientemente del Volante Nano II y puede controlar dos Motores de la Serie Nucleus mediante el Dial de Enfoque y el Joystick, cuando no controla un card\u00e1n.<\/p>\n<p>La empu\u00f1adura dispone de una rosca de 1\/4\u2033-20 con puntos de fijaci\u00f3n, perfecta para montar nuestro <a href=\"https:\/\/de.tilta.com\/shop\/tilta-right-angle-rosette-adapter-to-1-4-20-with-locating-pins-black\/\">adaptador de roseta en \u00e1ngulo recto<\/a> con el fin de integrar f\u00e1cilmente esta empu\u00f1adura en una configuraci\u00f3n de aparejo de hombro.<\/p>\n<p>La parte superior de la empu\u00f1adura tambi\u00e9n incorpora un receptor de <a href=\"https:\/\/de.tilta.com\/shop\/tiltaing-adjustable-cold-shoe-accessory-mounting-bracket\/\">zapata fr\u00eda<\/a>, que se puede utilizar con nuestra <a href=\"https:\/\/de.tilta.com\/shop\/tiltaing-adjustable-cold-shoe-accessory-mounting-bracket\/\">montura de zapata fr\u00eda<\/a> opcional para un monitor externo, con el fin de crear la estaci\u00f3n de enfoque perfecta cuando se utiliza con el volante.<\/p>\n<p><strong>NOTA: La montura NATO s\u00f3lo est\u00e1 pensada para el volante Nano II. No conectes otros accesorios a trav\u00e9s de este soporte OTAN o correr\u00e1s el riesgo de da\u00f1ar las patillas de contacto.  <\/strong><\/p>\n<p><strong>Recomendamos utilizar s\u00f3lo <span style=\"text-decoration: underline;\">Pilas Sony Serie L F550<\/span>. No se garantiza la compatibilidad con otras marcas.  <\/strong><\/p>\n","protected":false},"excerpt":{"rendered":"<p>\u00a1Presentamos el mando de control Nucleus Nano II! \u00a1Experimenta una flexibilidad inigualable con la capacidad de la Nano II de manejar hasta 4 motores para Enfoque, Iris, Zoom y Mirage VND cuando utilices esta Empu\u00f1adura de Control y el Volante! [&hellip;]<\/p>\n","protected":false},"featured_media":2003136,"comment_status":"closed","ping_status":"closed","template":"","meta":[],"product_cat":[2838],"product_tag":[],"acf":[],"gallery_images":[2003136,2003137,2003138,2003139,2003140,2003141,2003142,2001282,2001281,2001280],"_links":{"self":[{"href":"https:\/\/eu.tilta.com\/es\/wp-json\/wp\/v2\/product\/2003135"}],"collection":[{"href":"https:\/\/eu.tilta.com\/es\/wp-json\/wp\/v2\/product"}],"about":[{"href":"https:\/\/eu.tilta.com\/es\/wp-json\/wp\/v2\/types\/product"}],"replies":[{"embeddable":true,"href":"https:\/\/eu.tilta.com\/es\/wp-json\/wp\/v2\/comments?post=2003135"}],"wp:featuredmedia":[{"embeddable":true,"href":"https:\/\/eu.tilta.com\/es\/wp-json\/wp\/v2\/media\/2003136"}],"wp:attachment":[{"href":"https:\/\/eu.tilta.com\/es\/wp-json\/wp\/v2\/media?parent=2003135"}],"wp:term":[{"taxonomy":"product_cat","embeddable":true,"href":"https:\/\/eu.tilta.com\/es\/wp-json\/wp\/v2\/product_cat?post=2003135"},{"taxonomy":"product_tag","embeddable":true,"href":"https:\/\/eu.tilta.com\/es\/wp-json\/wp\/v2\/product_tag?post=2003135"}],"curies":[{"name":"wp","href":"https:\/\/api.w.org\/{rel}","templated":true}]}}