{"id":2003175,"date":"2023-11-14T11:41:00","date_gmt":"2023-11-14T10:41:00","guid":{"rendered":"https:\/\/de.tilta.com\/shop\/cables-usb-c-run-stop\/"},"modified":"2026-02-16T09:03:16","modified_gmt":"2026-02-16T08:03:16","slug":"usb-c-run-stop-cables","status":"publish","type":"product","link":"https:\/\/eu.tilta.com\/es\/shop\/usb-c-run-stop-cables\/","title":{"rendered":"Cables USB-C Run\/Stop"},"content":{"rendered":"<div class=\"overview-text\">\n<p>Este cable te proporciona funciones de parada de ejecuci\u00f3n para los sistemas de c\u00e1mara compatibles que permiten el control remoto de la grabaci\u00f3n cuando se utiliza el asa lateral Tiltaing Advanced.<\/p>\n<p>S\u00f3lo tienes que conectar_el cable del Asa Lateral Avanzada al puerto Run Stop de tu c\u00e1mara para controlar el inicio\/parada de grabaci\u00f3n con s\u00f3lo pulsar un bot\u00f3n.<\/p>\n<\/div>\n","protected":false},"excerpt":{"rendered":"<p>Este cable te proporciona funciones de parada de ejecuci\u00f3n para los sistemas de c\u00e1mara compatibles que permiten el control remoto de la grabaci\u00f3n cuando se utiliza el asa lateral Tiltaing Advanced. S\u00f3lo tienes que conectar_el cable del Asa Lateral Avanzada [&hellip;]<\/p>\n","protected":false},"featured_media":2003176,"comment_status":"closed","ping_status":"closed","template":"","meta":[],"product_cat":[4448,2838,2776],"product_tag":[],"acf":[],"gallery_images":[],"_links":{"self":[{"href":"https:\/\/eu.tilta.com\/es\/wp-json\/wp\/v2\/product\/2003175"}],"collection":[{"href":"https:\/\/eu.tilta.com\/es\/wp-json\/wp\/v2\/product"}],"about":[{"href":"https:\/\/eu.tilta.com\/es\/wp-json\/wp\/v2\/types\/product"}],"replies":[{"embeddable":true,"href":"https:\/\/eu.tilta.com\/es\/wp-json\/wp\/v2\/comments?post=2003175"}],"wp:featuredmedia":[{"embeddable":true,"href":"https:\/\/eu.tilta.com\/es\/wp-json\/wp\/v2\/media\/2003176"}],"wp:attachment":[{"href":"https:\/\/eu.tilta.com\/es\/wp-json\/wp\/v2\/media?parent=2003175"}],"wp:term":[{"taxonomy":"product_cat","embeddable":true,"href":"https:\/\/eu.tilta.com\/es\/wp-json\/wp\/v2\/product_cat?post=2003175"},{"taxonomy":"product_tag","embeddable":true,"href":"https:\/\/eu.tilta.com\/es\/wp-json\/wp\/v2\/product_tag?post=2003175"}],"curies":[{"name":"wp","href":"https:\/\/api.w.org\/{rel}","templated":true}]}}