{"id":2003237,"date":"2023-10-26T11:11:46","date_gmt":"2023-10-26T09:11:46","guid":{"rendered":"https:\/\/de.tilta.com\/shop\/media-jaula-de-camara-para-el-kit-ligero-canon-r5c-negro\/"},"modified":"2025-12-05T13:34:32","modified_gmt":"2025-12-05T12:34:32","slug":"half-camera-cage-for-canon-r5c-lightweight-kit-black","status":"publish","type":"product","link":"https:\/\/eu.tilta.com\/es\/shop\/half-camera-cage-for-canon-r5c-lightweight-kit-black\/","title":{"rendered":"Media Jaula de C\u00e1mara para el Kit Ligero Canon R5C &#8211; Negro"},"content":{"rendered":"<div class=\"overview-text\">\n<div class=\"overview-text\">\n<div class=\"overview-text\">\n<p>La base del Kit Ligero para Canon R5C es la Media Jaula, que proporciona una protecci\u00f3n parcial al cuerpo de tu c\u00e1mara y ofrece soporte para fijar diversos accesorios mediante puntos de montaje como el Riel NATO, un Receptor de Zapata Fr\u00eda, roscas de 1\/4\u2033-20 y 3\/8\u2033-16 con puntos de localizaci\u00f3n.<\/p>\n<p>El <a href=\"https:\/\/de.tilta.com\/shop\/xeno-top-handle-1-4-20-locating-pins\/\">asa superior XENO<\/a> incluida <a href=\"https:\/\/de.tilta.com\/shop\/xeno-top-handle-1-4-20-locating-pins\/\">se monta mediante una rosca de 1\/4\u2033-20<\/a> en la parte superior de la jaula y utiliza pasadores de fijaci\u00f3n para mantenerse firme. Este asa superior mejora la flexibilidad para disparar y manejar el sistema , lo que resulta especialmente \u00fatil para \u00e1ngulos bajos.<\/p>\n<p>El asa superior tambi\u00e9n ampl\u00eda las opciones de montaje de accesorios mediante roscas adicionales de 1\/4\u2033-20 y un receptor de <a href=\"https:\/\/de.tilta.com\/shop\/tiltaing-adjustable-cold-shoe-accessory-mounting-bracket\/\">zapata fr\u00eda<\/a>, perfecto para un monitor externo mediante nuestro <a href=\"https:\/\/de.tilta.com\/shop\/tiltaing-adjustable-cold-shoe-accessory-mounting-bracket\/\">soporte para accesorios de zapata<\/a> fr\u00eda. <strong>(no incluido)<\/strong><\/p>\n<p>La placa inferior Arca-Swiss de doble direcci\u00f3n permite a los usuarios cambiar r\u00e1pidamente entre cardanes compatibles, como el RS3 Pro, y tr\u00edpodes basados en Arca.<\/p>\n<p>A diferencia de algunas de nuestras otras placas inferiores Arca integradas, esta placa permite que el sistema de c\u00e1mara se deslice en un receptor Arca desde cualquier direcci\u00f3n, lo que significa que los usuarios pueden pasar m\u00e1s r\u00e1pidamente de un sistema de soporte compatible a otro.<\/p>\n<p>Ten en cuenta que esta jaula utiliza el est\u00e1ndar de DJI para ARCA y no es compatible con todos los receptores. No se garantiza la compatibilidad.<\/p>\n<p>Esta jaula presenta m\u00faltiples puntos de contacto con el cuerpo de la c\u00e1mara, lo que limita las posibilidades de que la c\u00e1mara gire dentro de la jaula.<br \/>\nEl acolchado de silicona integrado ayuda a mantener la c\u00e1mara segura dentro de la jaula y protege las superficies de contacto de ara\u00f1azos.<\/p>\n<p>La abrazadera para cables incluida proporciona mayor seguridad a los cables y dispone de tornillos de mariposa que permiten sujetar o retirar los cables r\u00e1pidamente sin necesidad de herramientas.<\/p>\n<p>El dise\u00f1o de media jaula permite a los usuarios operar mediante la empu\u00f1adura original de la c\u00e1mara y no limita el acceso a ning\u00fan bot\u00f3n de usuario ni a las funciones de la c\u00e1mara.<\/p>\n<p>El destornillador multifunci\u00f3n incluido puede utilizarse para instalar la jaula en el cuerpo de la c\u00e1mara, as\u00ed como para fijar el tornillo de seguridad del lado izquierdo.<\/p>\n<\/div>\n<\/div>\n<\/div>\n","protected":false},"excerpt":{"rendered":"<p>La base del Kit Ligero para Canon R5C es la Media Jaula, que proporciona una protecci\u00f3n parcial al cuerpo de tu c\u00e1mara y ofrece soporte para fijar diversos accesorios mediante puntos de montaje como el Riel NATO, un Receptor de [&hellip;]<\/p>\n","protected":false},"featured_media":2003238,"comment_status":"closed","ping_status":"closed","template":"","meta":[],"product_cat":[2740],"product_tag":[],"acf":[],"gallery_images":[1954730,1954731,1952492,1952493],"_links":{"self":[{"href":"https:\/\/eu.tilta.com\/es\/wp-json\/wp\/v2\/product\/2003237"}],"collection":[{"href":"https:\/\/eu.tilta.com\/es\/wp-json\/wp\/v2\/product"}],"about":[{"href":"https:\/\/eu.tilta.com\/es\/wp-json\/wp\/v2\/types\/product"}],"replies":[{"embeddable":true,"href":"https:\/\/eu.tilta.com\/es\/wp-json\/wp\/v2\/comments?post=2003237"}],"wp:featuredmedia":[{"embeddable":true,"href":"https:\/\/eu.tilta.com\/es\/wp-json\/wp\/v2\/media\/2003238"}],"wp:attachment":[{"href":"https:\/\/eu.tilta.com\/es\/wp-json\/wp\/v2\/media?parent=2003237"}],"wp:term":[{"taxonomy":"product_cat","embeddable":true,"href":"https:\/\/eu.tilta.com\/es\/wp-json\/wp\/v2\/product_cat?post=2003237"},{"taxonomy":"product_tag","embeddable":true,"href":"https:\/\/eu.tilta.com\/es\/wp-json\/wp\/v2\/product_tag?post=2003237"}],"curies":[{"name":"wp","href":"https:\/\/api.w.org\/{rel}","templated":true}]}}