{"id":2003244,"date":"2023-10-18T11:17:52","date_gmt":"2023-10-18T09:17:52","guid":{"rendered":"https:\/\/de.tilta.com\/shop\/placa-base-de-expansion-para-canon-r10-negra\/"},"modified":"2025-12-05T13:34:33","modified_gmt":"2025-12-05T12:34:33","slug":"expansion-baseplate-for-canon-r10-black","status":"publish","type":"product","link":"https:\/\/eu.tilta.com\/es\/shop\/expansion-baseplate-for-canon-r10-black\/","title":{"rendered":"Placa base de expansi\u00f3n para Canon R10 &#8211; Negra"},"content":{"rendered":"<p>La Placa Base de Expansi\u00f3n para la Canon R10 es el accesorio compacto perfecto para ampliar la funcionalidad de tu c\u00e1mara sin a\u00f1adir volumen innecesario.<\/p>\n<p>Esta placa base de expansi\u00f3n se monta en la parte inferior del cuerpo de la c\u00e1mara y ofrece varios puntos de montaje para accesorios mediante roscas de 1\/4\u2033-20, un receptor de zapata fr\u00eda y un soporte para correa de mu\u00f1eca.<\/p>\n<p>Esto permite a los usuarios acoplar accesorios como luces LED y micr\u00f3fonos de brazo, sin dejar de poder montar el sistema en un tr\u00edpode, tanto en configuraci\u00f3n horizontal como vertical.<\/p>\n<p>La placa base presenta un sutil borde envolvente que incluye una rosca de 1\/4\u2033-20 en el lado derecho, lo que permite a los usuarios montar la c\u00e1mara verticalmente cuando sea necesario.<\/p>\n<p>La placa inferior utiliza una conexi\u00f3n ARCA Swiss, perfecta para montarla en cabezales de tr\u00edpode compatibles y cardanes DJI Ronin.<\/p>\n<p>Ten en cuenta que esta placa base utiliza el est\u00e1ndar de DJI para ARCA y puede no ser compatible con todos los receptores ARCA de otros fabricantes.<\/p>\n","protected":false},"excerpt":{"rendered":"<p>La Placa Base de Expansi\u00f3n para la Canon R10 es el accesorio compacto perfecto para ampliar la funcionalidad de tu c\u00e1mara sin a\u00f1adir volumen innecesario. Esta placa base de expansi\u00f3n se monta en la parte inferior del cuerpo de la [&hellip;]<\/p>\n","protected":false},"featured_media":2003245,"comment_status":"closed","ping_status":"closed","template":"","meta":[],"product_cat":[2843],"product_tag":[],"acf":[],"gallery_images":[1951377,1951375,1951376,1951441,1951442],"_links":{"self":[{"href":"https:\/\/eu.tilta.com\/es\/wp-json\/wp\/v2\/product\/2003244"}],"collection":[{"href":"https:\/\/eu.tilta.com\/es\/wp-json\/wp\/v2\/product"}],"about":[{"href":"https:\/\/eu.tilta.com\/es\/wp-json\/wp\/v2\/types\/product"}],"replies":[{"embeddable":true,"href":"https:\/\/eu.tilta.com\/es\/wp-json\/wp\/v2\/comments?post=2003244"}],"wp:featuredmedia":[{"embeddable":true,"href":"https:\/\/eu.tilta.com\/es\/wp-json\/wp\/v2\/media\/2003245"}],"wp:attachment":[{"href":"https:\/\/eu.tilta.com\/es\/wp-json\/wp\/v2\/media?parent=2003244"}],"wp:term":[{"taxonomy":"product_cat","embeddable":true,"href":"https:\/\/eu.tilta.com\/es\/wp-json\/wp\/v2\/product_cat?post=2003244"},{"taxonomy":"product_tag","embeddable":true,"href":"https:\/\/eu.tilta.com\/es\/wp-json\/wp\/v2\/product_tag?post=2003244"}],"curies":[{"name":"wp","href":"https:\/\/api.w.org\/{rel}","templated":true}]}}