{"id":2003262,"date":"2023-10-12T13:04:26","date_gmt":"2023-10-12T11:04:26","guid":{"rendered":"https:\/\/de.tilta.com\/shop\/soporte-adaptador-de-montura-lpl-para-red-komodo-x-negro\/"},"modified":"2025-12-05T13:34:33","modified_gmt":"2025-12-05T12:34:33","slug":"lpl-mount-adapter-support-for-red-komodo-x-black","status":"publish","type":"product","link":"https:\/\/eu.tilta.com\/es\/shop\/lpl-mount-adapter-support-for-red-komodo-x-black\/","title":{"rendered":"Soporte adaptador de montura LPL para RED KOMODO-X &#8211; Negro"},"content":{"rendered":"<div class=\"overview-text\">\n<p>El Soporte Adaptador de Montura LPL para RED KOMODO-X emplea un sofisticado dise\u00f1o basado en abrazaderas que proporciona m\u00faltiples puntos de contacto para mejorar la estabilidad.<\/p>\n<p>Este enfoque aumenta significativamente la seguridad y estabilidad de un adaptador de objetivo, concretamente nuestro Adaptador de Montura RF Canon a Montura LPL.<\/p>\n<p>Esto es especialmente \u00fatil cuando se utilizan objetivos m\u00e1s grandes, ya que ayuda a redistribuir el peso del cuerpo de la c\u00e1mara.<\/p>\n<p>Este adaptador est\u00e1 dise\u00f1ado para ser utilizado con nuestra Jaula de C\u00e1mara Completa para RED Komodo-X y no es compatible con el cuerpo de la c\u00e1mara directamente.<\/p>\n<\/div>\n","protected":false},"excerpt":{"rendered":"<p>El Soporte Adaptador de Montura LPL para RED KOMODO-X emplea un sofisticado dise\u00f1o basado en abrazaderas que proporciona m\u00faltiples puntos de contacto para mejorar la estabilidad. Este enfoque aumenta significativamente la seguridad y estabilidad de un adaptador de objetivo, concretamente [&hellip;]<\/p>\n","protected":false},"featured_media":2003263,"comment_status":"closed","ping_status":"closed","template":"","meta":[],"product_cat":[2746,2935],"product_tag":[],"acf":[],"gallery_images":[2003264,2003265,2003266],"_links":{"self":[{"href":"https:\/\/eu.tilta.com\/es\/wp-json\/wp\/v2\/product\/2003262"}],"collection":[{"href":"https:\/\/eu.tilta.com\/es\/wp-json\/wp\/v2\/product"}],"about":[{"href":"https:\/\/eu.tilta.com\/es\/wp-json\/wp\/v2\/types\/product"}],"replies":[{"embeddable":true,"href":"https:\/\/eu.tilta.com\/es\/wp-json\/wp\/v2\/comments?post=2003262"}],"wp:featuredmedia":[{"embeddable":true,"href":"https:\/\/eu.tilta.com\/es\/wp-json\/wp\/v2\/media\/2003263"}],"wp:attachment":[{"href":"https:\/\/eu.tilta.com\/es\/wp-json\/wp\/v2\/media?parent=2003262"}],"wp:term":[{"taxonomy":"product_cat","embeddable":true,"href":"https:\/\/eu.tilta.com\/es\/wp-json\/wp\/v2\/product_cat?post=2003262"},{"taxonomy":"product_tag","embeddable":true,"href":"https:\/\/eu.tilta.com\/es\/wp-json\/wp\/v2\/product_tag?post=2003262"}],"curies":[{"name":"wp","href":"https:\/\/api.w.org\/{rel}","templated":true}]}}