{"id":2003268,"date":"2023-10-11T16:38:14","date_gmt":"2023-10-11T14:38:14","guid":{"rendered":"https:\/\/de.tilta.com\/shop\/volante-nucleus-nano-ii\/"},"modified":"2026-04-27T13:16:45","modified_gmt":"2026-04-27T11:16:45","slug":"nucleus-nano-ii-hand-wheel-controller","status":"publish","type":"product","link":"https:\/\/eu.tilta.com\/es\/shop\/nucleus-nano-ii-hand-wheel-controller\/","title":{"rendered":"Volante Nucleus Nano II"},"content":{"rendered":"<div class=\"overview-text\">\n<p><span style=\"text-decoration: underline;\"><strong>NOTA: NO ALIMENTES EL VOLANTE MEDIANTE P-TAP<\/strong><\/span><\/p>\n<p>Con sus funciones avanzadas y su compatibilidad sin fisuras, el controlador de volante Nucleus Nano II revoluciona la forma en que los usuarios pueden controlar sus objetivos, c\u00e1maras y cardanes.<\/p>\n<p>El nuevo y mejorado Volante pone el control al alcance de tu mano, permiti\u00e9ndote controlar dos motores de enfoque desde el controlador compacto.<\/p>\n<p>Los usuarios pueden utilizar el Dial Principal para ajustar el Enfoque, mientras que el nuevo Balanc\u00edn de Control maneja sin esfuerzo las funciones de Zoom o Iris mediante un balanc\u00edn amortiguado, perfecto para facilitar la entrada o salida de los zooms.<\/p>\n<p>Experimenta una flexibilidad inigualable con la capacidad de la Nano II de manejar hasta 4 motores para Enfoque, Iris, Zoom y Mirage VND cuando se utiliza con la empu\u00f1adura multifunci\u00f3n de potencia o control opcional.<\/p>\n<p>Navegar por el sistema nunca ha sido tan f\u00e1cil gracias a la nueva pantalla t\u00e1ctil circular de 1,6&#8243; y a su interfaz de f\u00e1cil manejo, que proporciona un acceso r\u00e1pido a una serie de funciones avanzadas, incluidas p\u00e1ginas dedicadas a la asignaci\u00f3n de objetivos y a las funciones de control de la c\u00e1mara.<\/p>\n<p>El Nano II permite a los usuarios ajustar de forma inal\u00e1mbrica la configuraci\u00f3n de la c\u00e1mara mediante WiFi, Bluetooth y el puerto USB-C del motor para sistemas de c\u00e1maras compatibles como Canon, Sony, Black Magic Design y otros.<\/p>\n<p><strong>Consulta las notas al final de la p\u00e1gina para obtener m\u00e1s informaci\u00f3n sobre el control de la c\u00e1mara.<\/strong><\/p>\n<p>Ten en cuenta que el firmware actual admite la mayor\u00eda de los controles de la Red Komodo, BMPCC 6K, 6K Pro, y admite parcialmente BMPCC 4K, Sony FX3, A7S3, A7R5, ZV-E1, ZV-E10 y Canon R7 para ajustes como Marcha\/Paro, Velocidad de obturaci\u00f3n, ISO e Iris.<\/p>\n<p>Actualmente, la funci\u00f3n Run Stop es compatible con los sistemas de c\u00e1mara mencionados anteriormente, as\u00ed como con Sony A7C, A7M4, A7R3, Canon R6M1, Panasonic S1H, GH6 y S5M2, mediante un <a href=\"https:\/\/de.tilta.com\/shop\/usb-c-run-stop-cable\/\">cable Run\/Stop de empu\u00f1adura lateral avanzada<\/a> opcional.<\/p>\n<p>En futuras actualizaciones del firmware se har\u00e1n compatibles otros sistemas de c\u00e1maras.<\/p>\n<p>Esto hace que el Nano II sea la opci\u00f3n perfecta para los cineastas que utilizan habitualmente sistemas de soporte como drones, soportes para coches, gr\u00faas, cardanes o cualquier otro aparejo que dificulte el ajuste r\u00e1pido de la configuraci\u00f3n de la c\u00e1mara.<\/p>\n<p>La pantalla de control de mapeo del objetivo ofrece informaci\u00f3n sobre la distancia de enfoque en tiempo real, lo que te permite estar informado y en control de cada encuadre sin depender de marcar f\u00edsicamente un disco de enfoque.<\/p>\n<p>Con una bater\u00eda interna alimentada por USB-C, el Nano II ofrece hasta 20 horas de energ\u00eda continua, dependiendo del uso.<\/p>\n<p>El Nano II es nuestro sistema m\u00e1s compatible hasta la fecha, ya que es compatible con DJI RS2, RS3 Pro, DJI Focus Motors, Nucleus M y la generaci\u00f3n anterior de Nucleus Nano, lo que garantiza un flujo de trabajo sin problemas para los usuarios que ya utilizan iteraciones anteriores del ecosistema Nucleus.<\/p>\n<p>Ten en cuenta que la integraci\u00f3n con las Asas de Enfoque Lateral Avanzadas, el DJI Ronin y los Motores de Enfoque del Ronin requerir\u00e1 hardware adicional no incluido en el kit.<\/p>\n<p><em>Eleva tu experiencia cinematogr\u00e1fica con el Nucleus Nano II. Consigue un control preciso sobre tus objetivos, disfruta de una interfaz de usuario intuitiva y experimenta una compatibilidad inigualable con los mejores equipos del sector.<\/em><\/p>\n<p><b>TEN EN CUENTA: <\/b><strong>La funcionalidad de Control de C\u00e1mara s\u00f3lo es compatible con determinadas c\u00e1maras en este momento. <\/strong> <\/p>\n<p><strong><b>Actualmente, las c\u00e1maras Canon y Sony s\u00f3lo son compatibles mediante cables USB-C PD y las c\u00e1maras Black Magic Design s\u00f3lo son compatibles mediante Bluetooth<\/b><\/strong><\/p>\n<p><b>Al utilizar <\/b><b>Adaptadores de montura de objetivo<\/b><b>: La funcionalidad Bluetooth de Nano II s\u00f3lo ser\u00e1 posible cuando se utilicen objetivos oficialmente compatibles con el adaptador espec\u00edfico. <\/b> <\/p>\n<\/div>\n","protected":false},"excerpt":{"rendered":"<p>NOTA: NO ALIMENTES EL VOLANTE MEDIANTE P-TAP Con sus funciones avanzadas y su compatibilidad sin fisuras, el controlador de volante Nucleus Nano II revoluciona la forma en que los usuarios pueden controlar sus objetivos, c\u00e1maras y cardanes. El nuevo y [&hellip;]<\/p>\n","protected":false},"featured_media":2003269,"comment_status":"closed","ping_status":"closed","template":"","meta":[],"product_cat":[2838],"product_tag":[],"acf":[],"gallery_images":[2003270,2003271,2003272,2003273,2003274,2001282,2001281,2001283],"_links":{"self":[{"href":"https:\/\/eu.tilta.com\/es\/wp-json\/wp\/v2\/product\/2003268"}],"collection":[{"href":"https:\/\/eu.tilta.com\/es\/wp-json\/wp\/v2\/product"}],"about":[{"href":"https:\/\/eu.tilta.com\/es\/wp-json\/wp\/v2\/types\/product"}],"replies":[{"embeddable":true,"href":"https:\/\/eu.tilta.com\/es\/wp-json\/wp\/v2\/comments?post=2003268"}],"wp:featuredmedia":[{"embeddable":true,"href":"https:\/\/eu.tilta.com\/es\/wp-json\/wp\/v2\/media\/2003269"}],"wp:attachment":[{"href":"https:\/\/eu.tilta.com\/es\/wp-json\/wp\/v2\/media?parent=2003268"}],"wp:term":[{"taxonomy":"product_cat","embeddable":true,"href":"https:\/\/eu.tilta.com\/es\/wp-json\/wp\/v2\/product_cat?post=2003268"},{"taxonomy":"product_tag","embeddable":true,"href":"https:\/\/eu.tilta.com\/es\/wp-json\/wp\/v2\/product_tag?post=2003268"}],"curies":[{"name":"wp","href":"https:\/\/api.w.org\/{rel}","templated":true}]}}