{"id":2003284,"date":"2023-10-11T16:24:23","date_gmt":"2023-10-11T14:24:23","guid":{"rendered":"https:\/\/de.tilta.com\/shop\/jaula-para-canon-r7-pro-kit-negra\/"},"modified":"2025-12-05T13:34:34","modified_gmt":"2025-12-05T12:34:34","slug":"camera-cage-for-canon-r7-pro-kit-black","status":"publish","type":"product","link":"https:\/\/eu.tilta.com\/es\/shop\/camera-cage-for-canon-r7-pro-kit-black\/","title":{"rendered":"Jaula para Canon R7 Pro Kit &#8211; Negra"},"content":{"rendered":"<div class=\"overview-text\">\n<p><em>Presentamos el Kit de Jaula Profesional para Canon R7<\/em><\/p>\n<p>La jaula completa de la c\u00e1mara es la base de este kit y ofrece m\u00faltiples puntos de montaje para accesorios, incluidas roscas de \u00bc&#8221;-20 con puntos de localizaci\u00f3n, un receptor de zapata fr\u00eda, un ra\u00edl NATO y una rosca para soportes de varilla de 15 mm .<\/p>\n<p>El ra\u00edl NATO y el asa superior NATO incluidos mejoran la flexibilidad de disparo y manejo, lo que resulta especialmente \u00fatil para conseguir disparos desde \u00e1ngulos bajos.<\/p>\n<p>El asa superior tambi\u00e9n ampl\u00eda las opciones de montaje con roscas adicionales de 1\/4\u2033-20 y un receptor de <a href=\"https:\/\/de.tilta.com\/shop\/tiltaing-adjustable-cold-shoe-accessory-mounting-bracket\/\">zapata fr\u00eda<\/a>, perfecto para un monitor externo mediante nuestro <a href=\"https:\/\/de.tilta.com\/shop\/tiltaing-adjustable-cold-shoe-accessory-mounting-bracket\/\">soporte para accesorios de zapata<\/a> fr\u00eda. <strong>(no incluido)<\/strong><\/p>\n<p>La Jaula R7 incorpora un ARCA-Swiss en la placa inferior que permite realizar transiciones r\u00e1pidas entre cardanes como el RS3 Pro y otros sistemas de soporte ARCA compatibles.<\/p>\n<p>Atenci\u00f3n: esta jaula utiliza el est\u00e1ndar de DJI para ARCA y no es compatible con todos los receptores. No se garantiza la compatibilidad.<\/p>\n<p>A trav\u00e9s de esta conexi\u00f3n ARCA, puedes montar la jaula en la placa base universal LWS de 15 mm incluida, que admite barras dobles de 15 mm para montar accesorios basados en barras, como <a href=\"https:\/\/de.tilta.com\/product-category\/lens-control-systems\/\">sistemas de seguimiento de enfoque<\/a> y <a href=\"https:\/\/de.tilta.com\/product-category\/matte-boxes\/\">cajas de mate<\/a>.<\/p>\n<p>Como esta placa base utiliza un receptor ARCA, puedes pasar sin problemas a los cardanes de la serie Ronin de DJI, como el RS3 Pro.<\/p>\n<p>La placa inferior de la placa base es compatible con nuestras <a href=\"https:\/\/de.tilta.com\/shop\/10-lightweight-dovetail-plate-tt-c16\/\">colas de milano est\u00e1ndar Tilta<\/a> y tambi\u00e9n dispone de roscas de 1\/4\u2033-20 y 3\/8\u2033-16.<\/p>\n<p>En la placa inferior encontrar\u00e1s una rosca de \u00bc&#8221;-20 y \u215c&#8221;-16 para mejorar la flexibilidad de montaje, as\u00ed como una multiherramienta montada magn\u00e9ticamente que incluye una llave Allen M3 y un destornillador plano de doble cara.<\/p>\n<p>El cuerpo de la c\u00e1mara se conecta a la jaula mediante una \u00fanica conexi\u00f3n de \u00bc&#8221;-20 y tambi\u00e9n presenta dos puntos de contacto adicionales a cada lado que ayudan a limitar la rotaci\u00f3n de la c\u00e1mara dentro de la jaula.<\/p>\n<p>La abrazadera para cables incluida puede fijar los cables HDMI y USB-C mediante un r\u00e1pido y c\u00f3modo tornillo de mariposa para proteger tanto los cables como los puertos de la c\u00e1mara, garantizando una transmisi\u00f3n de datos estable.<\/p>\n<\/div>\n","protected":false},"excerpt":{"rendered":"<p>Presentamos el Kit de Jaula Profesional para Canon R7 La jaula completa de la c\u00e1mara es la base de este kit y ofrece m\u00faltiples puntos de montaje para accesorios, incluidas roscas de \u00bc&#8221;-20 con puntos de localizaci\u00f3n, un receptor de [&hellip;]<\/p>\n","protected":false},"featured_media":2003285,"comment_status":"closed","ping_status":"closed","template":"","meta":[],"product_cat":[2842],"product_tag":[],"acf":[],"gallery_images":[1950946,1950945,1951016],"_links":{"self":[{"href":"https:\/\/eu.tilta.com\/es\/wp-json\/wp\/v2\/product\/2003284"}],"collection":[{"href":"https:\/\/eu.tilta.com\/es\/wp-json\/wp\/v2\/product"}],"about":[{"href":"https:\/\/eu.tilta.com\/es\/wp-json\/wp\/v2\/types\/product"}],"replies":[{"embeddable":true,"href":"https:\/\/eu.tilta.com\/es\/wp-json\/wp\/v2\/comments?post=2003284"}],"wp:featuredmedia":[{"embeddable":true,"href":"https:\/\/eu.tilta.com\/es\/wp-json\/wp\/v2\/media\/2003285"}],"wp:attachment":[{"href":"https:\/\/eu.tilta.com\/es\/wp-json\/wp\/v2\/media?parent=2003284"}],"wp:term":[{"taxonomy":"product_cat","embeddable":true,"href":"https:\/\/eu.tilta.com\/es\/wp-json\/wp\/v2\/product_cat?post=2003284"},{"taxonomy":"product_tag","embeddable":true,"href":"https:\/\/eu.tilta.com\/es\/wp-json\/wp\/v2\/product_tag?post=2003284"}],"curies":[{"name":"wp","href":"https:\/\/api.w.org\/{rel}","templated":true}]}}