{"id":2003312,"date":"2023-10-09T11:05:24","date_gmt":"2023-10-09T09:05:24","guid":{"rendered":"https:\/\/de.tilta.com\/shop\/soporte-de-varilla-de-15-mm-a-bloque-de-montaje-negro\/"},"modified":"2025-12-05T13:34:35","modified_gmt":"2025-12-05T12:34:35","slug":"15mm-rod-holder-to-mounting-block-black","status":"publish","type":"product","link":"https:\/\/eu.tilta.com\/es\/shop\/15mm-rod-holder-to-mounting-block-black\/","title":{"rendered":"Soporte de varilla de 15 mm a bloque de montaje &#8211; Negro"},"content":{"rendered":"<div class=\"overview-text\">\n<p>Presentamos el Soporte de Varilla de 15 mm a Bloque de Montaje, la opci\u00f3n perfecta para montar accesorios mediante varillas de 15 mm.<\/p>\n<p>Este accesorio incorpora varias roscas de 1\/4\u2033 con puntos de fijaci\u00f3n y una rosca de 3\/8\u2033 tambi\u00e9n con puntos de fijaci\u00f3n, lo que permite a los usuarios montar accesorios que normalmente no es posible montar en varillas de 15 mm.<\/p>\n<p>Esto incluye brazos articulados, soportes de montaje, placas de bater\u00eda NP-F, monitores externos, luces incorporadas, micr\u00f3fonos, bater\u00edas y mucho m\u00e1s.<\/p>\n<p>Este accesorio tambi\u00e9n incorpora un tornillo basculante que permite fijar mejor el bloque de montaje, especialmente \u00fatil cuando se montan accesorios m\u00e1s pesados.<\/p>\n<p>Con un peso de s\u00f3lo 28 g, este Bloque de Montaje puede soportar accesorios de hasta 1 kg.<\/p>\n<\/div>\n","protected":false},"excerpt":{"rendered":"<p>Presentamos el Soporte de Varilla de 15 mm a Bloque de Montaje, la opci\u00f3n perfecta para montar accesorios mediante varillas de 15 mm. Este accesorio incorpora varias roscas de 1\/4\u2033 con puntos de fijaci\u00f3n y una rosca de 3\/8\u2033 tambi\u00e9n [&hellip;]<\/p>\n","protected":false},"featured_media":2003313,"comment_status":"closed","ping_status":"closed","template":"","meta":[],"product_cat":[2976,2881],"product_tag":[],"acf":[],"gallery_images":[2003314,2003315,2003316,2003317,2003318],"_links":{"self":[{"href":"https:\/\/eu.tilta.com\/es\/wp-json\/wp\/v2\/product\/2003312"}],"collection":[{"href":"https:\/\/eu.tilta.com\/es\/wp-json\/wp\/v2\/product"}],"about":[{"href":"https:\/\/eu.tilta.com\/es\/wp-json\/wp\/v2\/types\/product"}],"replies":[{"embeddable":true,"href":"https:\/\/eu.tilta.com\/es\/wp-json\/wp\/v2\/comments?post=2003312"}],"wp:featuredmedia":[{"embeddable":true,"href":"https:\/\/eu.tilta.com\/es\/wp-json\/wp\/v2\/media\/2003313"}],"wp:attachment":[{"href":"https:\/\/eu.tilta.com\/es\/wp-json\/wp\/v2\/media?parent=2003312"}],"wp:term":[{"taxonomy":"product_cat","embeddable":true,"href":"https:\/\/eu.tilta.com\/es\/wp-json\/wp\/v2\/product_cat?post=2003312"},{"taxonomy":"product_tag","embeddable":true,"href":"https:\/\/eu.tilta.com\/es\/wp-json\/wp\/v2\/product_tag?post=2003312"}],"curies":[{"name":"wp","href":"https:\/\/api.w.org\/{rel}","templated":true}]}}