{"id":2003333,"date":"2023-10-05T09:52:54","date_gmt":"2023-10-05T07:52:54","guid":{"rendered":"https:\/\/de.tilta.com\/shop\/jaula-de-camara-para-el-kit-ligero-fujifilm-gfx100-ii-negro\/"},"modified":"2025-12-05T13:34:36","modified_gmt":"2025-12-05T12:34:36","slug":"camera-cage-for-fujifilm-gfx100-ii-lightweight-kit-black","status":"publish","type":"product","link":"https:\/\/eu.tilta.com\/es\/shop\/camera-cage-for-fujifilm-gfx100-ii-lightweight-kit-black\/","title":{"rendered":"Jaula de c\u00e1mara para el kit ligero Fujifilm GFX100 II &#8211; Negro"},"content":{"rendered":"<div class=\"overview-text\">\n<p><em>Presentamos el Kit de Jaula Ligera para C\u00e1mara Fujifilm GFX100 II<\/em><\/p>\n<p>La jaula de la c\u00e1mara incluida en este kit es la base perfecta para ampliar la funcionalidad de tu c\u00e1mara montando accesorios adicionales para mejorar el flujo de trabajo y ahorrar tiempo mientras disparas.<\/p>\n<p>La jaula dispone de varios puntos de montaje, como roscas de 1\/4\u2033-20 con puntos de fijaci\u00f3n, receptores de zapata fr\u00eda y roscas para un soporte de varilla de 15 mm incluido .<\/p>\n<p>Este kit incluye la empu\u00f1adura superior ergon\u00f3mica Xeno, que se monta mediante un tornillo 1\/4\u2033-20 con pasadores de fijaci\u00f3n y ofrece un mejor manejo y funcionamiento gracias a su nuevo dise\u00f1o con mayor holgura.<\/p>\n<p>Esta empu\u00f1adura cuenta con diversos puntos de montaje, como roscas de 1\/4\u2033-20 y un receptor de <a href=\"https:\/\/de.tilta.com\/shop\/tiltaing-adjustable-cold-shoe-accessory-mounting-bracket\/\">zapata fr\u00eda<\/a>, perfecto para montar un monitor externo mediante nuestro <a href=\"https:\/\/de.tilta.com\/shop\/tiltaing-adjustable-cold-shoe-accessory-mounting-bracket\/\">soporte para accesorios de zapata<\/a> fr\u00eda. <strong>(No incluido)<\/strong><\/p>\n<p>La parte inferior de la jaula incorpora una rosca de 1\/4\u2033-20 y 1\/8&#8243;-16 para una mayor flexibilidad de montaje, as\u00ed como una multiherramienta montada magn\u00e9ticamente que incluye una llave Allen M3 y un destornillador plano de doble cara.<\/p>\n<p>Esta jaula es compatible con el cuerpo de la c\u00e1mara Fujifilm GFX 100 II, con o sin EVF, y tambi\u00e9n es compatible con la empu\u00f1adura de bater\u00eda original de Fujifilm.<\/p>\n<p>La jaula incluye componentes para ampliar la placa inferior con el fin de soportar esta empu\u00f1adura de bater\u00eda, y el soporte de varilla de 15 mm incluido te permite montar varillas LWS en el centro \u00f3ptico exacto necesario para una correcta alineaci\u00f3n de la caja de mate.<\/p>\n<p>La jaula se conecta al cuerpo de la c\u00e1mara mediante un \u00fanico tornillo de 1\/4\u2033-20 e incorpora dos soportes de seguridad a cada lado que ayudan a sujetar la c\u00e1mara contra la jaula para limitar la rotaci\u00f3n.<\/p>\n<p>Las abrazaderas para cables incluidas permiten a los usuarios fijar r\u00e1pidamente los cables HDMI y USB-C mediante c\u00f3modos tornillos de mariposa para proteger tanto los cables como los puertos de la c\u00e1mara, garantizando una transmisi\u00f3n de datos estable.<\/p>\n<p>Cuando se combina con<a href=\"https:\/\/de.tilta.com\/shop\/tilta-universal-ssd-drive-holder-type-i-black\/\">nuestro_Soporte<\/a> universal<a href=\"https:\/\/de.tilta.com\/shop\/tilta-universal-ssd-drive-holder-type-i-black\/\">para SSD<\/a>, puedes montar f\u00e1cilmente unidades de estado s\u00f3lido en la c\u00e1mara para grabar externamente a alta velocidad de bits.<\/p>\n<\/div>\n","protected":false},"excerpt":{"rendered":"<p>Presentamos el Kit de Jaula Ligera para C\u00e1mara Fujifilm GFX100 II La jaula de la c\u00e1mara incluida en este kit es la base perfecta para ampliar la funcionalidad de tu c\u00e1mara montando accesorios adicionales para mejorar el flujo de trabajo [&hellip;]<\/p>\n","protected":false},"featured_media":2003334,"comment_status":"closed","ping_status":"closed","template":"","meta":[],"product_cat":[2747],"product_tag":[],"acf":[],"gallery_images":[1950504,1950503,1952679,1950515,1950516],"_links":{"self":[{"href":"https:\/\/eu.tilta.com\/es\/wp-json\/wp\/v2\/product\/2003333"}],"collection":[{"href":"https:\/\/eu.tilta.com\/es\/wp-json\/wp\/v2\/product"}],"about":[{"href":"https:\/\/eu.tilta.com\/es\/wp-json\/wp\/v2\/types\/product"}],"replies":[{"embeddable":true,"href":"https:\/\/eu.tilta.com\/es\/wp-json\/wp\/v2\/comments?post=2003333"}],"wp:featuredmedia":[{"embeddable":true,"href":"https:\/\/eu.tilta.com\/es\/wp-json\/wp\/v2\/media\/2003334"}],"wp:attachment":[{"href":"https:\/\/eu.tilta.com\/es\/wp-json\/wp\/v2\/media?parent=2003333"}],"wp:term":[{"taxonomy":"product_cat","embeddable":true,"href":"https:\/\/eu.tilta.com\/es\/wp-json\/wp\/v2\/product_cat?post=2003333"},{"taxonomy":"product_tag","embeddable":true,"href":"https:\/\/eu.tilta.com\/es\/wp-json\/wp\/v2\/product_tag?post=2003333"}],"curies":[{"name":"wp","href":"https:\/\/api.w.org\/{rel}","templated":true}]}}