{"id":2003434,"date":"2023-09-29T15:23:38","date_gmt":"2023-09-29T13:23:38","guid":{"rendered":"https:\/\/de.tilta.com\/shop\/brazo-articulado-tilta-pro-negro\/"},"modified":"2026-04-28T10:55:51","modified_gmt":"2026-04-28T08:55:51","slug":"tilta-pro-articulating-arm-black","status":"publish","type":"product","link":"https:\/\/eu.tilta.com\/es\/shop\/tilta-pro-articulating-arm-black\/","title":{"rendered":"Brazo articulado Tilta Pro &#8211; Negro"},"content":{"rendered":"<p>Presentamos el brazo articulado Tilta Pro, \u00a1nuestro brazo accesorio m\u00e1s capaz hasta la fecha!<\/p>\n<p>Este brazo articulado es la opci\u00f3n perfecta para montar accesorios en la jaula de tu c\u00e1mara, como monitores externos, transmisores de v\u00eddeo inal\u00e1mbricos, visores electr\u00f3nicos y mucho m\u00e1s.<\/p>\n<p>La naturaleza articulada de este brazo, junto con un \u00fanico bloqueo de amarre para todos los ejes, permite a los usuarios cambiar f\u00e1cilmente la posici\u00f3n de los accesorios sobre la marcha, lo que resulta especialmente \u00fatil en entornos de rodaje de ritmo r\u00e1pido.<\/p>\n<p>Con un peso de s\u00f3lo 4,5 kg, este brazo puede soportar hasta 4,5 kg, lo que lo convierte en el brazo articulado m\u00e1s fuerte de nuestra gama actual.<\/p>\n<p>El brazo se presenta en dos variantes, una que incorpora dos receptores OTAN en cada extremo y otra que incorpora dos tornillos de 1\/4\u2033-20 con pasadores de fijaci\u00f3n .<\/p>\n","protected":false},"excerpt":{"rendered":"<p>Presentamos el brazo articulado Tilta Pro, \u00a1nuestro brazo accesorio m\u00e1s capaz hasta la fecha! Este brazo articulado es la opci\u00f3n perfecta para montar accesorios en la jaula de tu c\u00e1mara, como monitores externos, transmisores de v\u00eddeo inal\u00e1mbricos, visores electr\u00f3nicos y [&hellip;]<\/p>\n","protected":false},"featured_media":2003435,"comment_status":"closed","ping_status":"closed","template":"","meta":[],"product_cat":[3899,3248,2974,2750,2749,2843,2844,2834,2842,2747,2790,3002,2904],"product_tag":[],"acf":[],"gallery_images":[1950024,1950021,1950023,1950022,1950026,1950025],"_links":{"self":[{"href":"https:\/\/eu.tilta.com\/es\/wp-json\/wp\/v2\/product\/2003434"}],"collection":[{"href":"https:\/\/eu.tilta.com\/es\/wp-json\/wp\/v2\/product"}],"about":[{"href":"https:\/\/eu.tilta.com\/es\/wp-json\/wp\/v2\/types\/product"}],"replies":[{"embeddable":true,"href":"https:\/\/eu.tilta.com\/es\/wp-json\/wp\/v2\/comments?post=2003434"}],"wp:featuredmedia":[{"embeddable":true,"href":"https:\/\/eu.tilta.com\/es\/wp-json\/wp\/v2\/media\/2003435"}],"wp:attachment":[{"href":"https:\/\/eu.tilta.com\/es\/wp-json\/wp\/v2\/media?parent=2003434"}],"wp:term":[{"taxonomy":"product_cat","embeddable":true,"href":"https:\/\/eu.tilta.com\/es\/wp-json\/wp\/v2\/product_cat?post=2003434"},{"taxonomy":"product_tag","embeddable":true,"href":"https:\/\/eu.tilta.com\/es\/wp-json\/wp\/v2\/product_tag?post=2003434"}],"curies":[{"name":"wp","href":"https:\/\/api.w.org\/{rel}","templated":true}]}}