{"id":2003466,"date":"2023-09-28T13:56:02","date_gmt":"2023-09-28T11:56:02","guid":{"rendered":"https:\/\/de.tilta.com\/shop\/brazo-micro-articulado-tilta-negro\/"},"modified":"2025-12-05T13:34:55","modified_gmt":"2025-12-05T12:34:55","slug":"tilta-micro-articulating-arm-black","status":"publish","type":"product","link":"https:\/\/eu.tilta.com\/es\/shop\/tilta-micro-articulating-arm-black\/","title":{"rendered":"Brazo Micro Articulado Tilta &#8211; Negro"},"content":{"rendered":"<div class=\"overview-text\">\n<p>Este Micro Brazo Articulado es la opci\u00f3n perfecta para montar diversos accesorios en tu equipo de c\u00e1mara.<\/p>\n<p>Este brazo ajustable tiene puntos de montaje de \u00bc&#8221;-20 en ambos extremos.<\/p>\n<p>Esto te permite montar y ajustar la posici\u00f3n de monitores externos, visores electr\u00f3nicos, luces o micr\u00f3fonos en la c\u00e1mara y otros accesorios adicionales.<\/p>\n<\/div>\n","protected":false},"excerpt":{"rendered":"<p>Este Micro Brazo Articulado es la opci\u00f3n perfecta para montar diversos accesorios en tu equipo de c\u00e1mara. Este brazo ajustable tiene puntos de montaje de \u00bc&#8221;-20 en ambos extremos. Esto te permite montar y ajustar la posici\u00f3n de monitores externos, [&hellip;]<\/p>\n","protected":false},"featured_media":2003467,"comment_status":"closed","ping_status":"closed","template":"","meta":[],"product_cat":[2974,2749,2843,2844,2834,2790,3002,2904],"product_tag":[],"acf":[],"gallery_images":[2003468,2003469,2003470,2003471],"_links":{"self":[{"href":"https:\/\/eu.tilta.com\/es\/wp-json\/wp\/v2\/product\/2003466"}],"collection":[{"href":"https:\/\/eu.tilta.com\/es\/wp-json\/wp\/v2\/product"}],"about":[{"href":"https:\/\/eu.tilta.com\/es\/wp-json\/wp\/v2\/types\/product"}],"replies":[{"embeddable":true,"href":"https:\/\/eu.tilta.com\/es\/wp-json\/wp\/v2\/comments?post=2003466"}],"wp:featuredmedia":[{"embeddable":true,"href":"https:\/\/eu.tilta.com\/es\/wp-json\/wp\/v2\/media\/2003467"}],"wp:attachment":[{"href":"https:\/\/eu.tilta.com\/es\/wp-json\/wp\/v2\/media?parent=2003466"}],"wp:term":[{"taxonomy":"product_cat","embeddable":true,"href":"https:\/\/eu.tilta.com\/es\/wp-json\/wp\/v2\/product_cat?post=2003466"},{"taxonomy":"product_tag","embeddable":true,"href":"https:\/\/eu.tilta.com\/es\/wp-json\/wp\/v2\/product_tag?post=2003466"}],"curies":[{"name":"wp","href":"https:\/\/api.w.org\/{rel}","templated":true}]}}