{"id":2003479,"date":"2023-09-28T11:11:52","date_gmt":"2023-09-28T09:11:52","guid":{"rendered":"https:\/\/de.tilta.com\/shop\/cable-de-alimentacion-de-p-tap-a-usb-c-50-cm-compatible-solo-con-el-motor-nano-ii\/"},"modified":"2025-12-23T12:43:10","modified_gmt":"2025-12-23T11:43:10","slug":"p-tap-to-usb-c-power-cable-50cm","status":"publish","type":"product","link":"https:\/\/eu.tilta.com\/es\/shop\/p-tap-to-usb-c-power-cable-50cm\/","title":{"rendered":"Cable de alimentaci\u00f3n de P-Tap a USB-C (50 cm, compatible s\u00f3lo con el motor Nano II)"},"content":{"rendered":"<p><strong>NOTA: Este cable s\u00f3lo es compatible con el motor Nano II. No lo utilices con el Volante Nano II ni con otros dispositivos USB-C.<\/strong><\/p>\n<p>Este cable de alimentaci\u00f3n de P-Tap a USB-C te permite alimentar accesorios USB-C desde fuentes P-Tap de mayor voltaje.<\/p>\n<p>Es una opci\u00f3n estupenda para alimentar los Motores de Seguimiento de Enfoque Inal\u00e1mbricos Nucleus Nano II, especialmente cuando se utilizan objetivos antiguos m\u00e1s r\u00edgidos o zooms.<\/p>\n<p>Este cable proporcionar\u00e1 14,8 V, lo que mejorar\u00e1 el par del Motor Nano II en comparaci\u00f3n con una fuente USB-C est\u00e1ndar.<\/p>\n","protected":false},"excerpt":{"rendered":"<p>NOTA: Este cable s\u00f3lo es compatible con el motor Nano II. No lo utilices con el Volante Nano II ni con otros dispositivos USB-C. Este cable de alimentaci\u00f3n de P-Tap a USB-C te permite alimentar accesorios USB-C desde fuentes P-Tap [&hellip;]<\/p>\n","protected":false},"featured_media":2003480,"comment_status":"closed","ping_status":"closed","template":"","meta":[],"product_cat":[2838,2891],"product_tag":[],"acf":[],"gallery_images":[2003481,2003482,2003483,2003484],"_links":{"self":[{"href":"https:\/\/eu.tilta.com\/es\/wp-json\/wp\/v2\/product\/2003479"}],"collection":[{"href":"https:\/\/eu.tilta.com\/es\/wp-json\/wp\/v2\/product"}],"about":[{"href":"https:\/\/eu.tilta.com\/es\/wp-json\/wp\/v2\/types\/product"}],"replies":[{"embeddable":true,"href":"https:\/\/eu.tilta.com\/es\/wp-json\/wp\/v2\/comments?post=2003479"}],"wp:featuredmedia":[{"embeddable":true,"href":"https:\/\/eu.tilta.com\/es\/wp-json\/wp\/v2\/media\/2003480"}],"wp:attachment":[{"href":"https:\/\/eu.tilta.com\/es\/wp-json\/wp\/v2\/media?parent=2003479"}],"wp:term":[{"taxonomy":"product_cat","embeddable":true,"href":"https:\/\/eu.tilta.com\/es\/wp-json\/wp\/v2\/product_cat?post=2003479"},{"taxonomy":"product_tag","embeddable":true,"href":"https:\/\/eu.tilta.com\/es\/wp-json\/wp\/v2\/product_tag?post=2003479"}],"curies":[{"name":"wp","href":"https:\/\/api.w.org\/{rel}","templated":true}]}}