{"id":2003491,"date":"2023-09-27T12:27:03","date_gmt":"2023-09-27T10:27:03","guid":{"rendered":"https:\/\/de.tilta.com\/shop\/juego-de-varillas-de-fibra-de-carbono-tilta-de-15-mm\/"},"modified":"2025-12-05T13:35:12","modified_gmt":"2025-12-05T12:35:12","slug":"tilta-15mm-carbon-fiber-rod-set","status":"publish","type":"product","link":"https:\/\/eu.tilta.com\/es\/shop\/tilta-15mm-carbon-fiber-rod-set\/","title":{"rendered":"Juego de varillas de fibra de carbono Tilta de 15 mm"},"content":{"rendered":"<div class=\"overview-text\">\n<p>Este juego de ca\u00f1as de fibra de carbono de 15 mm es la opci\u00f3n perfecta para los usuarios que buscan ca\u00f1as LWS ligeras sin sacrificar el rendimiento.<\/p>\n<p>Este conjunto incluye dos varillas de fibra de carbono que se pueden montar en cualquier <a href=\"https:\/\/de.tilta.com\/product-category\/camera-plates\/baseplates\/\">placa base est\u00e1ndar LWS<\/a> o <a href=\"https:\/\/de.tilta.com\/product-category\/gear-lab\/rod-rod-holders-gear-lab\/\">soporte de varilla de 15 mm<\/a> para poder alojar accesorios como <a href=\"https:\/\/de.tilta.com\/product-category\/lens-control-systems\/\">el sistema de enfoque de seguimiento<\/a> y <a href=\"https:\/\/de.tilta.com\/product-category\/matte-boxes\/\">las cajas de mate<\/a>.<\/p>\n<p>Estas varillas est\u00e1n construidas con nuevas t\u00e9cnicas de fabricaci\u00f3n que evitan que se degraden con el tiempo y llevan un recubrimiento resistente a los rayos UV que mantiene el acabado negro mate como nuevo tras un uso prolongado.<\/p>\n<\/div>\n","protected":false},"excerpt":{"rendered":"<p>Este juego de ca\u00f1as de fibra de carbono de 15 mm es la opci\u00f3n perfecta para los usuarios que buscan ca\u00f1as LWS ligeras sin sacrificar el rendimiento. Este conjunto incluye dos varillas de fibra de carbono que se pueden montar [&hellip;]<\/p>\n","protected":false},"featured_media":2003492,"comment_status":"closed","ping_status":"closed","template":"","meta":[],"product_cat":[3386,2750,2749,2843,2844,2834,2842,2747,2790,2976,2881],"product_tag":[],"acf":[],"gallery_images":[2003493,2003494,2003495,2003496,2003497],"_links":{"self":[{"href":"https:\/\/eu.tilta.com\/es\/wp-json\/wp\/v2\/product\/2003491"}],"collection":[{"href":"https:\/\/eu.tilta.com\/es\/wp-json\/wp\/v2\/product"}],"about":[{"href":"https:\/\/eu.tilta.com\/es\/wp-json\/wp\/v2\/types\/product"}],"replies":[{"embeddable":true,"href":"https:\/\/eu.tilta.com\/es\/wp-json\/wp\/v2\/comments?post=2003491"}],"wp:featuredmedia":[{"embeddable":true,"href":"https:\/\/eu.tilta.com\/es\/wp-json\/wp\/v2\/media\/2003492"}],"wp:attachment":[{"href":"https:\/\/eu.tilta.com\/es\/wp-json\/wp\/v2\/media?parent=2003491"}],"wp:term":[{"taxonomy":"product_cat","embeddable":true,"href":"https:\/\/eu.tilta.com\/es\/wp-json\/wp\/v2\/product_cat?post=2003491"},{"taxonomy":"product_tag","embeddable":true,"href":"https:\/\/eu.tilta.com\/es\/wp-json\/wp\/v2\/product_tag?post=2003491"}],"curies":[{"name":"wp","href":"https:\/\/api.w.org\/{rel}","templated":true}]}}