{"id":2003521,"date":"2023-09-26T16:20:43","date_gmt":"2023-09-26T14:20:43","guid":{"rendered":"https:\/\/de.tilta.com\/shop\/adaptador-para-zapata-fria-tilta-con-pasador-de-bloqueo-negro\/"},"modified":"2025-12-05T13:34:59","modified_gmt":"2025-12-05T12:34:59","slug":"tilta-cold-shoe-receiver-adapter-with-locking-pin-black","status":"publish","type":"product","link":"https:\/\/eu.tilta.com\/es\/shop\/tilta-cold-shoe-receiver-adapter-with-locking-pin-black\/","title":{"rendered":"Adaptador para zapata fr\u00eda Tilta con pasador de bloqueo &#8211; Negro"},"content":{"rendered":"<div class=\"overview-text\">\n<p>Este adaptador de receptor de zapata fr\u00eda permite a los usuarios adaptar cualquier rosca de 1\/4\u2033-20 de la jaula de su c\u00e1mara para montar accesorios basados en zapata fr\u00eda.<\/p>\n<p>El receptor de zapata fr\u00eda dispone de un montaje unidireccional, lo que significa que los accesorios de zapata fr\u00eda permanecen m\u00e1s seguros y es menos probable que se desconecten accidentalmente.<\/p>\n<p>Es la opci\u00f3n perfecta para fijar de forma segura un monitor externo a la parte superior de la jaula de una c\u00e1mara que no disponga de soportes nativos para <a href=\"https:\/\/de.tilta.com\/shop\/tiltaing-adjustable-cold-shoe-accessory-mounting-bracket\/\">zapata<\/a> fr\u00eda mediante un accesorio como nuestro <a href=\"https:\/\/de.tilta.com\/shop\/tiltaing-adjustable-cold-shoe-accessory-mounting-bracket\/\">Soporte ajustable para montaje de accesorios de zapata<\/a> fr\u00eda. <strong>(no incluido)<\/strong><\/p>\n<p>El pasador de seguridad integrado proporciona seguridad adicionalhttps:\/\/tilta.com\/shop\/tiltaing-adjustable-cold-shoe-accessory-mounting-bracket\/urity para tus accesorios.<\/p>\n<\/div>\n","protected":false},"excerpt":{"rendered":"<p>Este adaptador de receptor de zapata fr\u00eda permite a los usuarios adaptar cualquier rosca de 1\/4\u2033-20 de la jaula de su c\u00e1mara para montar accesorios basados en zapata fr\u00eda. El receptor de zapata fr\u00eda dispone de un montaje unidireccional, lo [&hellip;]<\/p>\n","protected":false},"featured_media":2003522,"comment_status":"closed","ping_status":"closed","template":"","meta":[],"product_cat":[2749,2973],"product_tag":[],"acf":[],"gallery_images":[2003523,2003524,2003525,2003526,2003527,2003528],"_links":{"self":[{"href":"https:\/\/eu.tilta.com\/es\/wp-json\/wp\/v2\/product\/2003521"}],"collection":[{"href":"https:\/\/eu.tilta.com\/es\/wp-json\/wp\/v2\/product"}],"about":[{"href":"https:\/\/eu.tilta.com\/es\/wp-json\/wp\/v2\/types\/product"}],"replies":[{"embeddable":true,"href":"https:\/\/eu.tilta.com\/es\/wp-json\/wp\/v2\/comments?post=2003521"}],"wp:featuredmedia":[{"embeddable":true,"href":"https:\/\/eu.tilta.com\/es\/wp-json\/wp\/v2\/media\/2003522"}],"wp:attachment":[{"href":"https:\/\/eu.tilta.com\/es\/wp-json\/wp\/v2\/media?parent=2003521"}],"wp:term":[{"taxonomy":"product_cat","embeddable":true,"href":"https:\/\/eu.tilta.com\/es\/wp-json\/wp\/v2\/product_cat?post=2003521"},{"taxonomy":"product_tag","embeddable":true,"href":"https:\/\/eu.tilta.com\/es\/wp-json\/wp\/v2\/product_tag?post=2003521"}],"curies":[{"name":"wp","href":"https:\/\/api.w.org\/{rel}","templated":true}]}}