{"id":2003539,"date":"2023-09-26T14:50:17","date_gmt":"2023-09-26T12:50:17","guid":{"rendered":"https:\/\/de.tilta.com\/shop\/soporte-magnetico-para-microfonos-inalambricos\/"},"modified":"2025-12-05T13:34:59","modified_gmt":"2025-12-05T12:34:59","slug":"magnetic-mounting-bracket-for-wireless-microphones","status":"publish","type":"product","link":"https:\/\/eu.tilta.com\/es\/shop\/magnetic-mounting-bracket-for-wireless-microphones\/","title":{"rendered":"Soporte magn\u00e9tico para micr\u00f3fonos inal\u00e1mbricos"},"content":{"rendered":"<div class=\"overview-text\">\n<p><em>Nuestro soporte magn\u00e9tico para micr\u00f3fonos inal\u00e1mbricos es el accesorio ideal para los que graban v\u00eddeos con un smartphone y quieren mejorar su sonido.<\/em><\/p>\n<p>Este innovador soporte se conecta de forma segura a la parte posterior de tu smartphone mediante un potente im\u00e1n, lo que proporciona una c\u00f3moda soluci\u00f3n para montar receptores de audio inal\u00e1mbricos y otros accesorios de audio.<\/p>\n<p>Este accesorio utiliza un receptor de zapata fr\u00eda que te permite montar accesorios compatibles de forma r\u00e1pida y segura.<\/p>\n<p>Esta unidad incorpora una almohadilla de silicona que act\u00faa como barrera protectora, garantizando una mayor resistencia a los ara\u00f1azos para tus dispositivos.<\/p>\n<p>Con una capacidad de peso de 300 g, nuestro Soporte de montaje magn\u00e9tico proporciona un soporte resistente para cualquier accesorio basado en zapata fr\u00eda con el l\u00edmite.<\/p>\n<p><em>Si eres un vlogger, creador de contenidos o simplemente alguien a quien le gusta capturar audio de alta calidad sobre la marcha, este soporte es una herramienta esencial para mejorar las capacidades de audio de tu smartphone.<\/em><\/p>\n<p><strong>NOTA: La capacidad de peso se reduce cuando se utilizan tel\u00e9fonos inteligentes sin funci\u00f3n de carga inal\u00e1mbrica o accesorios magn\u00e9ticos.  <\/strong><\/p>\n<\/div>\n","protected":false},"excerpt":{"rendered":"<p>Nuestro soporte magn\u00e9tico para micr\u00f3fonos inal\u00e1mbricos es el accesorio ideal para los que graban v\u00eddeos con un smartphone y quieren mejorar su sonido. Este innovador soporte se conecta de forma segura a la parte posterior de tu smartphone mediante un [&hellip;]<\/p>\n","protected":false},"featured_media":2003540,"comment_status":"closed","ping_status":"closed","template":"","meta":[],"product_cat":[2973,2959,2732],"product_tag":[],"acf":[],"gallery_images":[1943850,1943849,1943851,1943852,1943854,1943848],"_links":{"self":[{"href":"https:\/\/eu.tilta.com\/es\/wp-json\/wp\/v2\/product\/2003539"}],"collection":[{"href":"https:\/\/eu.tilta.com\/es\/wp-json\/wp\/v2\/product"}],"about":[{"href":"https:\/\/eu.tilta.com\/es\/wp-json\/wp\/v2\/types\/product"}],"replies":[{"embeddable":true,"href":"https:\/\/eu.tilta.com\/es\/wp-json\/wp\/v2\/comments?post=2003539"}],"wp:featuredmedia":[{"embeddable":true,"href":"https:\/\/eu.tilta.com\/es\/wp-json\/wp\/v2\/media\/2003540"}],"wp:attachment":[{"href":"https:\/\/eu.tilta.com\/es\/wp-json\/wp\/v2\/media?parent=2003539"}],"wp:term":[{"taxonomy":"product_cat","embeddable":true,"href":"https:\/\/eu.tilta.com\/es\/wp-json\/wp\/v2\/product_cat?post=2003539"},{"taxonomy":"product_tag","embeddable":true,"href":"https:\/\/eu.tilta.com\/es\/wp-json\/wp\/v2\/product_tag?post=2003539"}],"curies":[{"name":"wp","href":"https:\/\/api.w.org\/{rel}","templated":true}]}}