{"id":2003553,"date":"2023-09-26T14:24:49","date_gmt":"2023-09-26T12:24:49","guid":{"rendered":"https:\/\/de.tilta.com\/shop\/adaptador-para-montaje-de-accesorios-otan-negro\/"},"modified":"2025-12-05T13:35:00","modified_gmt":"2025-12-05T12:35:00","slug":"nato-accessory-mounting-adapter-black","status":"publish","type":"product","link":"https:\/\/eu.tilta.com\/es\/shop\/nato-accessory-mounting-adapter-black\/","title":{"rendered":"Adaptador para montaje de accesorios OTAN &#8211; Negro"},"content":{"rendered":"<div class=\"overview-text\">\n<p><em>ntroducci\u00f3n del Adaptador para Montaje de Accesorios OTAN<\/em><\/p>\n<p>Este adaptador incre\u00edblemente peque\u00f1o presenta varias opciones para montar accesorios, como una rosca de 1\/4\u2033-20 y otra de 3\/8\u2033-16, ambas con pasadores de fijaci\u00f3n.<\/p>\n<p>Este adaptador se monta mediante una conexi\u00f3n OTAN que permite ajustarlo y bloquearlo f\u00e1cilmente en los ra\u00edles OTAN integrados que se encuentran en la mayor\u00eda de nuestras jaulas para c\u00e1maras o mediante nuestros <a href=\"https:\/\/de.tilta.com\/product-category\/accessories\/nato-rails\/\">enganches<\/a> universales para <a href=\"https:\/\/de.tilta.com\/product-category\/accessories\/nato-rails\/\">ra\u00edles OT<\/a>AN.<\/p>\n<p>Con un peso de s\u00f3lo 30,5 g, este accesorio est\u00e1 fabricado con una aleaci\u00f3n de aluminio y puede soportar una carga \u00fatil de hasta 3 kg.<\/p>\n<\/div>\n","protected":false},"excerpt":{"rendered":"<p>ntroducci\u00f3n del Adaptador para Montaje de Accesorios OTAN Este adaptador incre\u00edblemente peque\u00f1o presenta varias opciones para montar accesorios, como una rosca de 1\/4\u2033-20 y otra de 3\/8\u2033-16, ambas con pasadores de fijaci\u00f3n. Este adaptador se monta mediante una conexi\u00f3n OTAN [&hellip;]<\/p>\n","protected":false},"featured_media":2003554,"comment_status":"closed","ping_status":"closed","template":"","meta":[],"product_cat":[2749,2992,2784],"product_tag":[],"acf":[],"gallery_images":[2003555,2003556,2003557,2003558,2003559,2003560],"_links":{"self":[{"href":"https:\/\/eu.tilta.com\/es\/wp-json\/wp\/v2\/product\/2003553"}],"collection":[{"href":"https:\/\/eu.tilta.com\/es\/wp-json\/wp\/v2\/product"}],"about":[{"href":"https:\/\/eu.tilta.com\/es\/wp-json\/wp\/v2\/types\/product"}],"replies":[{"embeddable":true,"href":"https:\/\/eu.tilta.com\/es\/wp-json\/wp\/v2\/comments?post=2003553"}],"wp:featuredmedia":[{"embeddable":true,"href":"https:\/\/eu.tilta.com\/es\/wp-json\/wp\/v2\/media\/2003554"}],"wp:attachment":[{"href":"https:\/\/eu.tilta.com\/es\/wp-json\/wp\/v2\/media?parent=2003553"}],"wp:term":[{"taxonomy":"product_cat","embeddable":true,"href":"https:\/\/eu.tilta.com\/es\/wp-json\/wp\/v2\/product_cat?post=2003553"},{"taxonomy":"product_tag","embeddable":true,"href":"https:\/\/eu.tilta.com\/es\/wp-json\/wp\/v2\/product_tag?post=2003553"}],"curies":[{"name":"wp","href":"https:\/\/api.w.org\/{rel}","templated":true}]}}