{"id":2003573,"date":"2023-09-26T14:22:59","date_gmt":"2023-09-26T12:22:59","guid":{"rendered":"https:\/\/de.tilta.com\/shop\/bandera-superior-ajustable-tilta-1-4-20-con-pasadores-de-fijacion-negra\/"},"modified":"2025-12-26T18:01:36","modified_gmt":"2025-12-26T17:01:36","slug":"tilta-adjustable-top-flag-1-4-20-with-locating-pins-black","status":"publish","type":"product","link":"https:\/\/eu.tilta.com\/es\/shop\/tilta-adjustable-top-flag-1-4-20-with-locating-pins-black\/","title":{"rendered":"Bandera superior ajustable Tilta (1\/4&#8243;-20 con pasadores de fijaci\u00f3n) &#8211; Negra"},"content":{"rendered":"<div class=\"overview-text\">\n<p>Este bander\u00edn superior universal se fija a casi todas las jaulas de c\u00e1mara mediante un tornillo de 1\/4\u2033-20 con pasadores de localizaci\u00f3n para proporcionar cobertura frente a destellos no deseados.<\/p>\n<p>El brazo flexible puede ajustarse f\u00e1cilmente al \u00e1ngulo deseado para bloquear la luz de cualquier lado del objetivo.<\/p>\n<p>Esto puede ser especialmente \u00fatil al fotografiar bajo la luz directa del sol y al utilizar cajas de mate compactas que no suelen llevar banderas laterales, como la <a href=\"https:\/\/de.tilta.com\/shop\/tilta-mirage-matte-box\/\">Tilta Mirage<\/a>.<\/p>\n<\/div>\n","protected":false},"excerpt":{"rendered":"<p>Este bander\u00edn superior universal se fija a casi todas las jaulas de c\u00e1mara mediante un tornillo de 1\/4\u2033-20 con pasadores de localizaci\u00f3n para proporcionar cobertura frente a destellos no deseados. El brazo flexible puede ajustarse f\u00e1cilmente al \u00e1ngulo deseado para [&hellip;]<\/p>\n","protected":false},"featured_media":2003574,"comment_status":"closed","ping_status":"closed","template":"","meta":[],"product_cat":[2749,2748,2732],"product_tag":[],"acf":[],"gallery_images":[2003575,2003576,2003577,2003578,2003579],"_links":{"self":[{"href":"https:\/\/eu.tilta.com\/es\/wp-json\/wp\/v2\/product\/2003573"}],"collection":[{"href":"https:\/\/eu.tilta.com\/es\/wp-json\/wp\/v2\/product"}],"about":[{"href":"https:\/\/eu.tilta.com\/es\/wp-json\/wp\/v2\/types\/product"}],"replies":[{"embeddable":true,"href":"https:\/\/eu.tilta.com\/es\/wp-json\/wp\/v2\/comments?post=2003573"}],"wp:featuredmedia":[{"embeddable":true,"href":"https:\/\/eu.tilta.com\/es\/wp-json\/wp\/v2\/media\/2003574"}],"wp:attachment":[{"href":"https:\/\/eu.tilta.com\/es\/wp-json\/wp\/v2\/media?parent=2003573"}],"wp:term":[{"taxonomy":"product_cat","embeddable":true,"href":"https:\/\/eu.tilta.com\/es\/wp-json\/wp\/v2\/product_cat?post=2003573"},{"taxonomy":"product_tag","embeddable":true,"href":"https:\/\/eu.tilta.com\/es\/wp-json\/wp\/v2\/product_tag?post=2003573"}],"curies":[{"name":"wp","href":"https:\/\/api.w.org\/{rel}","templated":true}]}}