{"id":2003606,"date":"2023-09-19T11:23:20","date_gmt":"2023-09-19T09:23:20","guid":{"rendered":"https:\/\/de.tilta.com\/shop\/jaula-de-camara-completa-para-freefly-ember-s5k-negro\/"},"modified":"2025-12-05T13:35:02","modified_gmt":"2025-12-05T12:35:02","slug":"full-camera-cage-for-freefly-ember-s5k-black","status":"publish","type":"product","link":"https:\/\/eu.tilta.com\/es\/shop\/full-camera-cage-for-freefly-ember-s5k-black\/","title":{"rendered":"Jaula de c\u00e1mara completa para Freefly Ember S5K &#8211; Negro"},"content":{"rendered":"<div class=\"overview-text\">\n<div class=\"overview-text\">\n<p><em>Presentamos la Jaula de C\u00e1mara Completa para Freefly Ember S5K<\/em><\/p>\n<p>Esta jaula para c\u00e1mara ampl\u00eda enormemente las opciones de montaje de tu C\u00e1mara Compacta de Alta Velocidad, adem\u00e1s de proporcionar protecci\u00f3n adicional para el cuerpo mediante el armaz\u00f3n de aleaci\u00f3n de aluminio de la jaula.<\/p>\n<p>La jaula dispone de m\u00faltiples puntos de montaje, como rosetas Arri, ra\u00edles NATO a ambos lados, as\u00ed como roscas de 1\/4\u2033-20 y 3\/8\u2033-16, ambas con puntos de fijaci\u00f3n.<\/p>\n<p>Esta jaula complementa el dise\u00f1o \u00fanico de la Ember con una placa trasera \u00fanica en su clase que se conecta al cuerpo de la c\u00e1mara mediante dos tornillos M3 y puede girar 90 grados para liberar el acceso a la parte trasera de la c\u00e1mara cuando sea necesario.<\/p>\n<p>Esta Placa Trasera presenta un hueco de 15 mm cuando est\u00e1 conectada a la c\u00e1mara para permitir que el calor de la c\u00e1mara se disipe f\u00e1cilmente.<\/p>\n<p>Esta placa trasera es la ubicaci\u00f3n perfecta para montar un accesorio como nuestra <a href=\"https:\/\/de.tilta.com\/shop\/tilta-pocket-v-mount-battery-plate-v2-black\/\">Placa para Bater\u00eda de Montaje en V de Bolsillo Tilta V2<\/a>, que es una gran opci\u00f3n ligera para a\u00f1adir una Bater\u00eda de Montaje en V a tu sistema.<\/p>\n<p>Esta jaula tambi\u00e9n incluye un soporte adaptador de objetivo para monturas PL y EF que se conecta directamente al cuerpo de la jaula sin necesidad de utilizar una placa base ni accesorios adicionales.<\/p>\n<p>La placa de liberaci\u00f3n r\u00e1pida Manfrotto incluida es compatible con determinadas cabezas de tr\u00edpode Manfrotto y te permitir\u00e1 conectar el sistema a nuestra <a href=\"https:\/\/de.tilta.com\/shop\/tiltaing-15mm-lws-baseplate-type-iv\/\">placa base LWS de 15 mm tipo IV<\/a> <strong>(no incluida).<\/strong><\/p>\n<p>Atenci\u00f3n: no se garantiza la compatibilidad con los receptores Manfrotto.<\/p>\n<\/div>\n<\/div>\n","protected":false},"excerpt":{"rendered":"<p>Presentamos la Jaula de C\u00e1mara Completa para Freefly Ember S5K Esta jaula para c\u00e1mara ampl\u00eda enormemente las opciones de montaje de tu C\u00e1mara Compacta de Alta Velocidad, adem\u00e1s de proporcionar protecci\u00f3n adicional para el cuerpo mediante el armaz\u00f3n de aleaci\u00f3n [&hellip;]<\/p>\n","protected":false},"featured_media":2003607,"comment_status":"closed","ping_status":"closed","template":"","meta":[],"product_cat":[2789],"product_tag":[],"acf":[],"gallery_images":[2003608,2003609,2003610,2003611,2003612],"_links":{"self":[{"href":"https:\/\/eu.tilta.com\/es\/wp-json\/wp\/v2\/product\/2003606"}],"collection":[{"href":"https:\/\/eu.tilta.com\/es\/wp-json\/wp\/v2\/product"}],"about":[{"href":"https:\/\/eu.tilta.com\/es\/wp-json\/wp\/v2\/types\/product"}],"replies":[{"embeddable":true,"href":"https:\/\/eu.tilta.com\/es\/wp-json\/wp\/v2\/comments?post=2003606"}],"wp:featuredmedia":[{"embeddable":true,"href":"https:\/\/eu.tilta.com\/es\/wp-json\/wp\/v2\/media\/2003607"}],"wp:attachment":[{"href":"https:\/\/eu.tilta.com\/es\/wp-json\/wp\/v2\/media?parent=2003606"}],"wp:term":[{"taxonomy":"product_cat","embeddable":true,"href":"https:\/\/eu.tilta.com\/es\/wp-json\/wp\/v2\/product_cat?post=2003606"},{"taxonomy":"product_tag","embeddable":true,"href":"https:\/\/eu.tilta.com\/es\/wp-json\/wp\/v2\/product_tag?post=2003606"}],"curies":[{"name":"wp","href":"https:\/\/api.w.org\/{rel}","templated":true}]}}