{"id":2003640,"date":"2023-09-13T17:43:47","date_gmt":"2023-09-13T15:43:47","guid":{"rendered":"https:\/\/de.tilta.com\/shop\/media-jaula-de-camara-para-el-kit-ligero-sony-a7c-ii-a7c-r\/"},"modified":"2025-12-05T13:35:13","modified_gmt":"2025-12-05T12:35:13","slug":"half-cage-sony-a7c-ii-a7c-r-light-kit","status":"publish","type":"product","link":"https:\/\/eu.tilta.com\/es\/shop\/half-cage-sony-a7c-ii-a7c-r-light-kit\/","title":{"rendered":"Media jaula de c\u00e1mara para el kit ligero Sony a7C II \/ a7C R"},"content":{"rendered":"<p><em>Presentamos la Jaula para C\u00e1mara Completa para el Kit Ligero Sony a7C II \/ a7C R<\/em><\/p>\n<p>Esta media jaula protege parcialmente el cuerpo de tu c\u00e1mara y abre innumerables posibilidades para acoplar accesorios adicionales mediante puntos de montaje como un receptor de zapata fr\u00eda, un ra\u00edl NATO y roscas de 1\/4\u2033-20 con puntos de fijaci\u00f3n.<\/p>\n<p>La jaula cuenta con una placa inferior ARCA-Swiss integrada que permite transiciones r\u00e1pidas entre cardanes como el DJI RS3 Pro y otros sistemas de soporte compatibles basados en ARCA.<\/p>\n<p>Ten en cuenta que esta jaula utiliza el est\u00e1ndar de DJI para ARCA y no es compatible con todos los receptores. No se garantiza la compatibilidad.<\/p>\n<p>El dise\u00f1o facilita el acceso a todas las funciones necesarias de la c\u00e1mara, incluido el receptor de la zapata, perfecto para alojar accesorios como el ECM-W2BT de Sony.<\/p>\n<p>La abrazadera para cables HDMI proporciona mayor seguridad a los cables HDMI y la inclusi\u00f3n de tornillos de mariposa permite fijar o retirar los cables r\u00e1pidamente, al tiempo que garantiza que no se necesitan herramientas para utilizar este accesorio.<\/p>\n<p>El ra\u00edl NATO y el asa superior NATO incluidos ofrecen opciones de disparo y manejo m\u00e1s flexibles, especialmente \u00fatiles para conseguir disparos desde \u00e1ngulos bajos.<\/p>\n<p>El asa superior tambi\u00e9n mejora las opciones de montaje con roscas adicionales de 1\/4_-20 y un receptor de zapata fr\u00eda, perfecto para un monitor externo.<\/p>\n","protected":false},"excerpt":{"rendered":"<p>Presentamos la Jaula para C\u00e1mara Completa para el Kit Ligero Sony a7C II \/ a7C R Esta media jaula protege parcialmente el cuerpo de tu c\u00e1mara y abre innumerables posibilidades para acoplar accesorios adicionales mediante puntos de montaje como un [&hellip;]<\/p>\n","protected":false},"featured_media":2003641,"comment_status":"closed","ping_status":"closed","template":"","meta":[],"product_cat":[2840],"product_tag":[],"acf":[],"gallery_images":[2003642,2003643,2003644,2003645,2003646],"_links":{"self":[{"href":"https:\/\/eu.tilta.com\/es\/wp-json\/wp\/v2\/product\/2003640"}],"collection":[{"href":"https:\/\/eu.tilta.com\/es\/wp-json\/wp\/v2\/product"}],"about":[{"href":"https:\/\/eu.tilta.com\/es\/wp-json\/wp\/v2\/types\/product"}],"replies":[{"embeddable":true,"href":"https:\/\/eu.tilta.com\/es\/wp-json\/wp\/v2\/comments?post=2003640"}],"wp:featuredmedia":[{"embeddable":true,"href":"https:\/\/eu.tilta.com\/es\/wp-json\/wp\/v2\/media\/2003641"}],"wp:attachment":[{"href":"https:\/\/eu.tilta.com\/es\/wp-json\/wp\/v2\/media?parent=2003640"}],"wp:term":[{"taxonomy":"product_cat","embeddable":true,"href":"https:\/\/eu.tilta.com\/es\/wp-json\/wp\/v2\/product_cat?post=2003640"},{"taxonomy":"product_tag","embeddable":true,"href":"https:\/\/eu.tilta.com\/es\/wp-json\/wp\/v2\/product_tag?post=2003640"}],"curies":[{"name":"wp","href":"https:\/\/api.w.org\/{rel}","templated":true}]}}