{"id":2003662,"date":"2023-09-13T17:39:20","date_gmt":"2023-09-13T15:39:20","guid":{"rendered":"https:\/\/de.tilta.com\/shop\/jaula-de-camara-para-el-kit-basico-sony-a7c-ii-a7c-r\/"},"modified":"2025-12-05T13:35:13","modified_gmt":"2025-12-05T12:35:13","slug":"camera-cage-for-sony-a7c-ii-a7c-r-basic-kit","status":"publish","type":"product","link":"https:\/\/eu.tilta.com\/es\/shop\/camera-cage-for-sony-a7c-ii-a7c-r-basic-kit\/","title":{"rendered":"Jaula de c\u00e1mara para el kit b\u00e1sico Sony a7C II \/ a7C R"},"content":{"rendered":"<div class=\"overview-text\">\n<p><em>Presentamos la Jaula para C\u00e1mara Completa para el Kit B\u00e1sico Sony a7C II \/ a7C R<\/em><\/p>\n<p>Esta jaula protege el cuerpo de tu c\u00e1mara y abre innumerables posibilidades para acoplar accesorios adicionales mediante puntos de montaje como un receptor de zapata fr\u00eda, un ra\u00edl NATO y roscas de 1\/4\u2033-20 con puntos de fijaci\u00f3n.<\/p>\n<p>La jaula cuenta con una placa inferior ARCA-Swiss integrada que permite transiciones r\u00e1pidas entre cardanes como el DJI RS3 Pro y otros sistemas de soporte compatibles basados en ARCA.<\/p>\n<p>Ten en cuenta que esta jaula utiliza el est\u00e1ndar de DJI para ARCA y no es compatible con todos los receptores. No se garantiza la compatibilidad.<\/p>\n<p>La jaula presenta un dise\u00f1o ajustado que utiliza m\u00faltiples enganches de seguridad para proporcionar puntos de contacto adicionales entre la c\u00e1mara y la jaula.<\/p>\n<p>El dise\u00f1o facilita el acceso a todas las funciones necesarias de la c\u00e1mara, incluido el receptor de la zapata, perfecto para alojar accesorios como el ECM-W2BT de Sony.<\/p>\n<p>La abrazadera para cables HDMI proporciona mayor seguridad a los cables HDMI y la inclusi\u00f3n de tornillos de mariposa permite fijar o retirar los cables r\u00e1pidamente, al tiempo que garantiza que no se necesitan herramientas para utilizar este accesorio.<\/p>\n<p>El ra\u00edl NATO y el asa superior NATO incluidos ofrecen opciones de disparo y manejo m\u00e1s flexibles, especialmente \u00fatiles para conseguir disparos desde \u00e1ngulos bajos.<\/p>\n<p>El Asa superior tambi\u00e9n mejora las opciones de montaje con roscas adicionales de 1\/4_-20 y un Receptor de zapata fr\u00eda, perfecto para un monitor externo.<\/p>\n<p>Completa el kit nuestra placa base universal LWS de 15 mm, que admite varillas dobles de 15 mm y accesorios basados en varillas, como sistemas de seguimiento de enfoque o cajas de mate.<\/p>\n<p>Esta placa base utiliza un receptor ARCA est\u00e1ndar de DJI para una transici\u00f3n perfecta a los cardanes de la serie Ronin, mientras que la placa inferior es compatible con nuestras colas de milano est\u00e1ndar Tilta y dispone de roscas de 1\/4\u2033-20 y 3\/8\u2033-16.<\/p>\n<\/div>\n","protected":false},"excerpt":{"rendered":"<p>Presentamos la Jaula para C\u00e1mara Completa para el Kit B\u00e1sico Sony a7C II \/ a7C R Esta jaula protege el cuerpo de tu c\u00e1mara y abre innumerables posibilidades para acoplar accesorios adicionales mediante puntos de montaje como un receptor de [&hellip;]<\/p>\n","protected":false},"featured_media":2003663,"comment_status":"closed","ping_status":"closed","template":"","meta":[],"product_cat":[2840],"product_tag":[],"acf":[],"gallery_images":[2003664,2003665,2003644,2003645,2003646],"_links":{"self":[{"href":"https:\/\/eu.tilta.com\/es\/wp-json\/wp\/v2\/product\/2003662"}],"collection":[{"href":"https:\/\/eu.tilta.com\/es\/wp-json\/wp\/v2\/product"}],"about":[{"href":"https:\/\/eu.tilta.com\/es\/wp-json\/wp\/v2\/types\/product"}],"replies":[{"embeddable":true,"href":"https:\/\/eu.tilta.com\/es\/wp-json\/wp\/v2\/comments?post=2003662"}],"wp:featuredmedia":[{"embeddable":true,"href":"https:\/\/eu.tilta.com\/es\/wp-json\/wp\/v2\/media\/2003663"}],"wp:attachment":[{"href":"https:\/\/eu.tilta.com\/es\/wp-json\/wp\/v2\/media?parent=2003662"}],"wp:term":[{"taxonomy":"product_cat","embeddable":true,"href":"https:\/\/eu.tilta.com\/es\/wp-json\/wp\/v2\/product_cat?post=2003662"},{"taxonomy":"product_tag","embeddable":true,"href":"https:\/\/eu.tilta.com\/es\/wp-json\/wp\/v2\/product_tag?post=2003662"}],"curies":[{"name":"wp","href":"https:\/\/api.w.org\/{rel}","templated":true}]}}