{"id":2003701,"date":"2023-09-13T16:51:35","date_gmt":"2023-09-13T14:51:35","guid":{"rendered":"https:\/\/de.tilta.com\/shop\/jaula-de-camara-completa-para-sony-a7c-ii-a7c-r\/"},"modified":"2025-12-05T13:35:13","modified_gmt":"2025-12-05T12:35:13","slug":"full-camera-cage-for-sony-a7c-ii-a7c-r","status":"publish","type":"product","link":"https:\/\/eu.tilta.com\/es\/shop\/full-camera-cage-for-sony-a7c-ii-a7c-r\/","title":{"rendered":"Jaula de c\u00e1mara completa para Sony a7C II \/ a7C R"},"content":{"rendered":"<p><em>Introducci\u00f3n a la c\u00e1mara completa para Sony a7C II \/ a7C R  <\/em><\/p>\n<p>Este accesorio ampl\u00eda tu c\u00e1mara y te ofrece posibilidades \u00fanicas para la captura de objetos extra\u00f1os sobre puntos de captura, como un receptor de zapata fr\u00eda, una ranura OTAN y una rosca de 1\/4\u2033-20 con puntos de fijaci\u00f3n.<\/p>\n<p>El kit cuenta con un plato de soporte suizo ARCA integrado que permite un r\u00e1pido acoplamiento entre cardanes como el DJI RS3 Pro y otros sistemas de suspensi\u00f3n compatibles con ARCA.<\/p>\n<p>Ten en cuenta que este aparato es el est\u00e1ndar DJI para ARCA y no es compatible con todos los aparatos. No se garantiza la compatibilidad.<\/p>\n<p>La carcasa tiene un dise\u00f1o elegante que incluye varias funciones de seguridad, para que haya puntos de contacto entre la c\u00e1mara y la carcasa.<\/p>\n<p>El dise\u00f1o permite un f\u00e1cil acceso a todas las funciones \u00fatiles de la c\u00e1mara, como el visor instant\u00e1neo, que es perfecto para la captura de im\u00e1genes como la Sony ECM-W2BT.<\/p>\n<p>El cable HDMI ofrece una mayor seguridad para los cables HDMI y los conectores integrados permiten conectar o desconectar los cables con rapidez, aunque no sea necesario un aparato para utilizarlos.<\/p>\n","protected":false},"excerpt":{"rendered":"<p>Introducci\u00f3n a la c\u00e1mara completa para Sony a7C II \/ a7C R Este accesorio ampl\u00eda tu c\u00e1mara y te ofrece posibilidades \u00fanicas para la captura de objetos extra\u00f1os sobre puntos de captura, como un receptor de zapata fr\u00eda, una ranura [&hellip;]<\/p>\n","protected":false},"featured_media":2003702,"comment_status":"closed","ping_status":"closed","template":"","meta":[],"product_cat":[2840],"product_tag":[],"acf":[],"gallery_images":[1949888,1949890,1948655,1948657,1948656],"_links":{"self":[{"href":"https:\/\/eu.tilta.com\/es\/wp-json\/wp\/v2\/product\/2003701"}],"collection":[{"href":"https:\/\/eu.tilta.com\/es\/wp-json\/wp\/v2\/product"}],"about":[{"href":"https:\/\/eu.tilta.com\/es\/wp-json\/wp\/v2\/types\/product"}],"replies":[{"embeddable":true,"href":"https:\/\/eu.tilta.com\/es\/wp-json\/wp\/v2\/comments?post=2003701"}],"wp:featuredmedia":[{"embeddable":true,"href":"https:\/\/eu.tilta.com\/es\/wp-json\/wp\/v2\/media\/2003702"}],"wp:attachment":[{"href":"https:\/\/eu.tilta.com\/es\/wp-json\/wp\/v2\/media?parent=2003701"}],"wp:term":[{"taxonomy":"product_cat","embeddable":true,"href":"https:\/\/eu.tilta.com\/es\/wp-json\/wp\/v2\/product_cat?post=2003701"},{"taxonomy":"product_tag","embeddable":true,"href":"https:\/\/eu.tilta.com\/es\/wp-json\/wp\/v2\/product_tag?post=2003701"}],"curies":[{"name":"wp","href":"https:\/\/api.w.org\/{rel}","templated":true}]}}