{"id":2003729,"date":"2023-09-13T21:05:19","date_gmt":"2023-09-13T19:05:19","guid":{"rendered":"https:\/\/de.tilta.com\/shop\/kit-de-placa-base-del-sistema-de-refrigeracion-para-sony-zv-e1-negro\/"},"modified":"2025-12-05T13:35:09","modified_gmt":"2025-12-05T12:35:09","slug":"cooling-system-baseplate-kit-for-sony-zv-e1-black","status":"publish","type":"product","link":"https:\/\/eu.tilta.com\/es\/shop\/cooling-system-baseplate-kit-for-sony-zv-e1-black\/","title":{"rendered":"Kit de placa base del sistema de refrigeraci\u00f3n para Sony ZV-E1 &#8211; Negro"},"content":{"rendered":"<div class=\"overview-text\">\n<p>Presentamos el Kit de placa base del sistema de refrigeraci\u00f3n para la Sony ZV-E1: nuestra opci\u00f3n m\u00e1s ligera para ampliar el potencial de tu ZV-E1 y mantener la c\u00e1mara dentro de las temperaturas de funcionamiento adecuadas.<\/p>\n<p>Esta Placa Base est\u00e1 dise\u00f1ada principalmente para conectar tu c\u00e1mara a Receptores ARCA compatibles, como el que se encuentra en el DJI RS3 Pro.<\/p>\n<p>Ten en cuenta que este accesorio utiliza el est\u00e1ndar de DJI para ARCA y no se garantiza la compatibilidad con otros receptores ARCA.<\/p>\n<p>La placa base incorpora un punto de montaje ajustable para el sistema de refrigeraci\u00f3n incluido, lo que permite a los usuarios disparar durante m\u00e1s tiempo, especialmente a temperaturas m\u00e1s elevadas.<\/p>\n<p>Este sistema de refrigeraci\u00f3n se puede alimentar f\u00e1cilmente a trav\u00e9s de USB-C, lo que ofrece a los usuarios muchas opciones para suministrar energ\u00eda, como nuestra Placa de bater\u00eda de la serie L de Sony.<\/p>\n<p>El sistema tambi\u00e9n cuenta con un ventilador ajustable, que te permite cambiar la velocidad para situaciones de disparo variables, lo que resulta especialmente \u00fatil al capturar audio.<\/p>\n<p>Gracias al tama\u00f1o minimalista de este accesorio, mantienes un acceso ininterrumpido a los puertos de la c\u00e1mara, los botones de usuario y el compartimento de la bater\u00eda sin necesidad de retirar la placa base.<\/p>\n<p>\u00a1Eleva tu c\u00e1mara con el Kit de placa base con sistema de refrigeraci\u00f3n para Sony ZV-E1 y mejora la flexibilidad de tu flujo de trabajo!<\/p>\n<\/div>\n","protected":false},"excerpt":{"rendered":"<p>Presentamos el Kit de placa base del sistema de refrigeraci\u00f3n para la Sony ZV-E1: nuestra opci\u00f3n m\u00e1s ligera para ampliar el potencial de tu ZV-E1 y mantener la c\u00e1mara dentro de las temperaturas de funcionamiento adecuadas. Esta Placa Base est\u00e1 [&hellip;]<\/p>\n","protected":false},"featured_media":2003730,"comment_status":"closed","ping_status":"closed","template":"","meta":[],"product_cat":[2745],"product_tag":[],"acf":[],"gallery_images":[1949108,1948880,1948879,1948926,1948777],"_links":{"self":[{"href":"https:\/\/eu.tilta.com\/es\/wp-json\/wp\/v2\/product\/2003729"}],"collection":[{"href":"https:\/\/eu.tilta.com\/es\/wp-json\/wp\/v2\/product"}],"about":[{"href":"https:\/\/eu.tilta.com\/es\/wp-json\/wp\/v2\/types\/product"}],"replies":[{"embeddable":true,"href":"https:\/\/eu.tilta.com\/es\/wp-json\/wp\/v2\/comments?post=2003729"}],"wp:featuredmedia":[{"embeddable":true,"href":"https:\/\/eu.tilta.com\/es\/wp-json\/wp\/v2\/media\/2003730"}],"wp:attachment":[{"href":"https:\/\/eu.tilta.com\/es\/wp-json\/wp\/v2\/media?parent=2003729"}],"wp:term":[{"taxonomy":"product_cat","embeddable":true,"href":"https:\/\/eu.tilta.com\/es\/wp-json\/wp\/v2\/product_cat?post=2003729"},{"taxonomy":"product_tag","embeddable":true,"href":"https:\/\/eu.tilta.com\/es\/wp-json\/wp\/v2\/product_tag?post=2003729"}],"curies":[{"name":"wp","href":"https:\/\/api.w.org\/{rel}","templated":true}]}}