{"id":2003740,"date":"2023-09-13T11:36:08","date_gmt":"2023-09-13T09:36:08","guid":{"rendered":"https:\/\/de.tilta.com\/shop\/placa-base-arca-para-sony-zv-e1-negro\/"},"modified":"2025-12-05T13:35:09","modified_gmt":"2025-12-05T12:35:09","slug":"arca-baseplate-for-sony-zv-e1-black","status":"publish","type":"product","link":"https:\/\/eu.tilta.com\/es\/shop\/arca-baseplate-for-sony-zv-e1-black\/","title":{"rendered":"Placa base Arca para Sony ZV-E1 &#8211; Negro"},"content":{"rendered":"<div class=\"overview-text\">\n<p><em>Presentamos la placa base Arca para Sony ZV-E1<\/em><\/p>\n<p>Dise\u00f1ada para ser lo m\u00e1s compacta posible, esta placa base te permite llevar tu videograf\u00eda a nuevas cotas.<\/p>\n<p>Esta placa base admite unos cuantos accesorios externos manteniendo un tama\u00f1o reducido mediante una rosca de \u00bc&#8221;-20 y otra de 3\/8-16, as\u00ed como un punto de montaje ajustable para nuestro <a href=\"https:\/\/de.tilta.com\/shop\/cooling-system-for-sony-zv-e1-black\/\">m\u00f3dulo de refrigeraci\u00f3n ZV-E1<\/a>.<\/p>\n<p>La base de esta placa base es la placa inferior ARCA-Swiss, que permite a los usuarios cambiar r\u00e1pidamente entre cabezales de tr\u00edpode y cardanes como el <a href=\"https:\/\/de.tilta.com\/product-category\/ecosystem-for-dji-ronin\/\">DJI Ronin RS2 y RS3 Pro<\/a>.<\/p>\n<p>Ten en cuenta que esta jaula utiliza el est\u00e1ndar de DJI para ARCA y no es compatible con todos los receptores. No se garantiza la compatibilidad.<\/p>\n<p>El dise\u00f1o minimalista de esta placa base mantiene el acceso ininterrumpido a los puertos de la c\u00e1mara, los botones de usuario y el compartimento de la bater\u00eda sin necesidad de retirar el accesorio.<\/p>\n<\/div>\n","protected":false},"excerpt":{"rendered":"<p>Presentamos la placa base Arca para Sony ZV-E1 Dise\u00f1ada para ser lo m\u00e1s compacta posible, esta placa base te permite llevar tu videograf\u00eda a nuevas cotas. Esta placa base admite unos cuantos accesorios externos manteniendo un tama\u00f1o reducido mediante una [&hellip;]<\/p>\n","protected":false},"featured_media":2003741,"comment_status":"closed","ping_status":"closed","template":"","meta":[],"product_cat":[2745],"product_tag":[],"acf":[],"gallery_images":[1948638,1948640,1948641,1948642,1948643],"_links":{"self":[{"href":"https:\/\/eu.tilta.com\/es\/wp-json\/wp\/v2\/product\/2003740"}],"collection":[{"href":"https:\/\/eu.tilta.com\/es\/wp-json\/wp\/v2\/product"}],"about":[{"href":"https:\/\/eu.tilta.com\/es\/wp-json\/wp\/v2\/types\/product"}],"replies":[{"embeddable":true,"href":"https:\/\/eu.tilta.com\/es\/wp-json\/wp\/v2\/comments?post=2003740"}],"wp:featuredmedia":[{"embeddable":true,"href":"https:\/\/eu.tilta.com\/es\/wp-json\/wp\/v2\/media\/2003741"}],"wp:attachment":[{"href":"https:\/\/eu.tilta.com\/es\/wp-json\/wp\/v2\/media?parent=2003740"}],"wp:term":[{"taxonomy":"product_cat","embeddable":true,"href":"https:\/\/eu.tilta.com\/es\/wp-json\/wp\/v2\/product_cat?post=2003740"},{"taxonomy":"product_tag","embeddable":true,"href":"https:\/\/eu.tilta.com\/es\/wp-json\/wp\/v2\/product_tag?post=2003740"}],"curies":[{"name":"wp","href":"https:\/\/api.w.org\/{rel}","templated":true}]}}