{"id":2003756,"date":"2023-09-13T11:21:38","date_gmt":"2023-09-13T09:21:38","guid":{"rendered":"https:\/\/de.tilta.com\/shop\/abrazadera-de-cable-hdmi-para-sony-zv-e1\/"},"modified":"2026-02-16T09:03:16","modified_gmt":"2026-02-16T08:03:16","slug":"hdmi-cable-clamp-for-sony-zv-e1","status":"publish","type":"product","link":"https:\/\/eu.tilta.com\/es\/shop\/hdmi-cable-clamp-for-sony-zv-e1\/","title":{"rendered":"Abrazadera de cable HDMI para Sony ZV-E1"},"content":{"rendered":"<div class=\"overview-text\">\n<p><em>Te presentamos la abrazadera de cable HDMI para Sony ZV-E1, el accesorio ligero perfecto para aumentar la seguridad de los cables de tu Sony ZV-E1.<\/em><\/p>\n<p>Esta moderna abrazadera de cable se integra f\u00e1cilmente en la Jaula de C\u00e1mara Completa para Sony ZV-E1 mediante un punto de sujeci\u00f3n espec\u00edfico.<\/p>\n<p>Esta abrazadera proporciona mayor seguridad a los cables HDMI e incorpora tornillos de mariposa que permiten fijar o retirar los cables con rapidez y garantiza que no se necesiten herramientas espec\u00edficas para utilizar este accesorio.<\/p>\n<p><strong>NOTA: Este accesorio bloquear\u00e1 parcialmente la ranura para tarjetas SD y limitar\u00e1 el acceso a la misma cuando est\u00e9 colocado.  <\/strong><\/p>\n<\/div>\n","protected":false},"excerpt":{"rendered":"<p>Te presentamos la abrazadera de cable HDMI para Sony ZV-E1, el accesorio ligero perfecto para aumentar la seguridad de los cables de tu Sony ZV-E1. Esta moderna abrazadera de cable se integra f\u00e1cilmente en la Jaula de C\u00e1mara Completa para [&hellip;]<\/p>\n","protected":false},"featured_media":2003757,"comment_status":"closed","ping_status":"closed","template":"","meta":[],"product_cat":[4448,2745],"product_tag":[],"acf":[],"gallery_images":[2003758,2003759,2003760,2003761],"_links":{"self":[{"href":"https:\/\/eu.tilta.com\/es\/wp-json\/wp\/v2\/product\/2003756"}],"collection":[{"href":"https:\/\/eu.tilta.com\/es\/wp-json\/wp\/v2\/product"}],"about":[{"href":"https:\/\/eu.tilta.com\/es\/wp-json\/wp\/v2\/types\/product"}],"replies":[{"embeddable":true,"href":"https:\/\/eu.tilta.com\/es\/wp-json\/wp\/v2\/comments?post=2003756"}],"wp:featuredmedia":[{"embeddable":true,"href":"https:\/\/eu.tilta.com\/es\/wp-json\/wp\/v2\/media\/2003757"}],"wp:attachment":[{"href":"https:\/\/eu.tilta.com\/es\/wp-json\/wp\/v2\/media?parent=2003756"}],"wp:term":[{"taxonomy":"product_cat","embeddable":true,"href":"https:\/\/eu.tilta.com\/es\/wp-json\/wp\/v2\/product_cat?post=2003756"},{"taxonomy":"product_tag","embeddable":true,"href":"https:\/\/eu.tilta.com\/es\/wp-json\/wp\/v2\/product_tag?post=2003756"}],"curies":[{"name":"wp","href":"https:\/\/api.w.org\/{rel}","templated":true}]}}